{"id":1154,"date":"2022-05-20T04:36:46","date_gmt":"2022-05-20T04:36:46","guid":{"rendered":"http:\/\/gvi.com.mx\/2013\/?page_id=1154"},"modified":"2022-08-25T04:12:43","modified_gmt":"2022-08-25T04:12:43","slug":"supreme-phyto-crystal-2","status":"publish","type":"page","link":"http:\/\/gvi.com.mx\/2013\/supreme-phyto-crystal-2\/","title":{"rendered":"SUPREME PHYTO + CRYSTAL"},"content":{"rendered":"<section class=\"wpb-content-wrapper\"><p>[vc_row full_width=\u00bbstretch_row\u00bb][vc_column][vc_row_inner][vc_column_inner width=\u00bb1\/2&#8243;]<div id=\"cz_81100\" class=\"cz_81100 cz_image clr cz_image_no_fx center_on_mobile\"><div class=\"\" ><div class=\"cz_image_in\"><div class=\"cz_main_image\"><img decoding=\"async\" width=\"1080\" height=\"1080\" src=\"data:image\/svg+xml,%3Csvg%20xmlns%3D&#39;http%3A%2F%2Fwww.w3.org%2F2000%2Fsvg&#39;%20width=&#39;1080&#39;%20height=&#39;1080&#39;%20viewBox%3D&#39;0%200%201080%201080&#39;%2F%3E\" data-czlz data-src=\"http:\/\/gvi.com.mx\/2013\/wp-content\/uploads\/2022\/05\/Supreme-Phyto-Crystal.jpg\" class=\"attachment-full\" alt=\"\" title=\"Supreme-Phyto-Crystal\" data-srcset=\"http:\/\/gvi.com.mx\/2013\/wp-content\/uploads\/2022\/05\/Supreme-Phyto-Crystal.jpg 1080w, http:\/\/gvi.com.mx\/2013\/wp-content\/uploads\/2022\/05\/Supreme-Phyto-Crystal-300x300.jpg 300w, http:\/\/gvi.com.mx\/2013\/wp-content\/uploads\/2022\/05\/Supreme-Phyto-Crystal-1024x1024.jpg 1024w, http:\/\/gvi.com.mx\/2013\/wp-content\/uploads\/2022\/05\/Supreme-Phyto-Crystal-150x150.jpg 150w, http:\/\/gvi.com.mx\/2013\/wp-content\/uploads\/2022\/05\/Supreme-Phyto-Crystal-768x768.jpg 768w, http:\/\/gvi.com.mx\/2013\/wp-content\/uploads\/2022\/05\/Supreme-Phyto-Crystal-600x600.jpg 600w, http:\/\/gvi.com.mx\/2013\/wp-content\/uploads\/2022\/05\/Supreme-Phyto-Crystal-100x100.jpg 100w\" data-sizes=\"(max-width: 1080px) 100vw, 1080px\" \/><\/div><\/div><\/div><\/div>[\/vc_column_inner][vc_column_inner width=\u00bb1\/2&#8243;]<div class=\"cz_gap clr \" style=\"height: 50px\"><\/div><div id=\"cz_31751\" class=\"cz_31751 cz_title clr cz_title_pos_inline\"><div class=\"cz_title_content\"><div class=\"cz_wpe_content\"><h6>CCS<\/h6>\n<\/div><\/div><\/div><div id=\"cz_65529\" class=\"cz_65529 cz_title clr cz_title_pos_inline\"><div class=\"cz_title_content\"><div class=\"cz_wpe_content\"><h3>Supreme Phyto + Crystal<\/h3>\n<\/div><\/div><\/div><div id=\"cz_79763\" class=\"cz_79763 cz_title clr cz_title_pos_inline\"><div class=\"cz_title_content\"><div class=\"cz_wpe_content\"><h6>SKU: 100241<\/h6>\n<\/div><\/div><\/div><div class=\"cz_gap clr \" style=\"height: 25px\"><\/div><div id=\"cz_109394\" class=\"cz_109394 cz_title clr cz_title_pos_inline\"><div class=\"cz_title_content\"><div class=\"cz_wpe_content\"><p><span style=\"color: #666666;\">Una poderosa f\u00f3rmula con 4 ingredientes aclarantes de grado farmac\u00e9utico, que combina la tecnolog\u00eda SUPERLIGHTEN con \u00e1cido hialur\u00f3nico de bajo peso molecular, para reducir activamente las zonas con hiperpigmentaci\u00f3n, logrando un tono m\u00e1s uniforme.  <\/span><\/p>\n<\/div><\/div><\/div>[\/vc_column_inner][\/vc_row_inner][\/vc_column][\/vc_row][vc_row full_width=\u00bbstretch_row\u00bb equal_height=\u00bbyes\u00bb css=\u00bb.vc_custom_1651632882913{background-position: center !important;background-repeat: no-repeat !important;background-size: cover !important;}\u00bb][vc_column width=\u00bb1\/2&#8243; css=\u00bb.vc_custom_1651546118635{margin-top: 0px !important;margin-right: 0px !important;margin-bottom: 0px !important;margin-left: 0px !important;padding-top: 0px !important;padding-right: 0px !important;padding-bottom: 0px !important;padding-left: 0px !important;}\u00bb offset=\u00bbvc_hidden-sm vc_hidden-xs\u00bb]<div class=\"cz_eqh cz_content_box_parent_fx  \"><div id=\"cz_75676\" class=\"cz_75676 cz_content_box clr\"><div class=\"cz_box_front clr\"><div class=\"cz_box_front_inner clr \"><span><\/span><div><div class=\"cz_gap clr \" style=\"height: 600px\"><\/div><\/div><\/div><\/div><\/div><\/div>[\/vc_column][vc_column width=\u00bb1\/2&#8243; css=\u00bb.vc_custom_1651542516880{padding-top: 50px !important;padding-right: 50px !important;padding-bottom: 50px !important;padding-left: 50px !important;background-color: #f2f2f2 !important;}\u00bb]<div class=\"cz_gap clr \" style=\"height: 50px\"><\/div><div id=\"cz_59455\" class=\"cz_59455 cz_title clr cz_title_pos_inline\"><div class=\"cz_title_content\"><div class=\"cz_wpe_content\"><h3>Solicitar informaci\u00f3n t\u00e9cnica<\/h3>\n<\/div><\/div><\/div><div class=\"cz_gap clr \" style=\"height: 25px\"><\/div><div id=\"cz_102876\" class=\"cz_102876 cz_cf7 clr\"><div>\n<div class=\"wpcf7 no-js\" id=\"wpcf7-f4002-o1\" lang=\"es-ES\" dir=\"ltr\">\n<div class=\"screen-reader-response\"><p role=\"status\" aria-live=\"polite\" aria-atomic=\"true\"><\/p> <ul><\/ul><\/div>\n<form action=\"\/2013\/wp-json\/wp\/v2\/pages\/1154#wpcf7-f4002-o1\" method=\"post\" class=\"wpcf7-form init\" aria-label=\"Formulario de contacto\" novalidate=\"novalidate\" data-status=\"init\">\n<div style=\"display: none;\">\n<input type=\"hidden\" name=\"_wpcf7\" value=\"4002\" \/>\n<input type=\"hidden\" name=\"_wpcf7_version\" value=\"5.8.6\" \/>\n<input type=\"hidden\" name=\"_wpcf7_locale\" value=\"es_ES\" \/>\n<input type=\"hidden\" name=\"_wpcf7_unit_tag\" value=\"wpcf7-f4002-o1\" \/>\n<input type=\"hidden\" name=\"_wpcf7_container_post\" value=\"0\" \/>\n<input type=\"hidden\" name=\"_wpcf7_posted_data_hash\" value=\"\" \/>\n<\/div>\n<p><span class=\"wpcf7-form-control-wrap\" data-name=\"text-name\"><input size=\"40\" class=\"wpcf7-form-control wpcf7-text wpcf7-validates-as-required\" aria-required=\"true\" aria-invalid=\"false\" placeholder=\"Nombre\" value=\"\" type=\"text\" name=\"text-name\" \/><\/span>\n<\/p>\n<p><span class=\"wpcf7-form-control-wrap\" data-name=\"email-558\"><input size=\"40\" class=\"wpcf7-form-control wpcf7-email wpcf7-validates-as-required wpcf7-text wpcf7-validates-as-email\" aria-required=\"true\" aria-invalid=\"false\" placeholder=\"Email\" value=\"\" type=\"email\" name=\"email-558\" \/><\/span>\n<\/p>\n<p><span class=\"wpcf7-form-control-wrap\" data-name=\"tel-32\"><input size=\"40\" class=\"wpcf7-form-control wpcf7-tel wpcf7-validates-as-required wpcf7-text wpcf7-validates-as-tel\" aria-required=\"true\" aria-invalid=\"false\" placeholder=\"Tel\u00e9fono\" value=\"\" type=\"tel\" name=\"tel-32\" \/><\/span>\n<\/p>\n<p><span class=\"wpcf7-form-control-wrap\" data-name=\"your-cedula\"><input size=\"40\" class=\"wpcf7-form-control wpcf7-text wpcf7-validates-as-required\" aria-required=\"true\" aria-invalid=\"false\" placeholder=\"C\u00e9dula profesional\" value=\"\" type=\"text\" name=\"your-cedula\" \/><\/span>\n<\/p>\n<p><span class=\"wpcf7-form-control-wrap\" data-name=\"acceptance-961\"><span class=\"wpcf7-form-control wpcf7-acceptance\"><span class=\"wpcf7-list-item\"><label><input type=\"checkbox\" name=\"acceptance-961\" value=\"1\" aria-invalid=\"false\" \/><span class=\"wpcf7-list-item-label\"><a target=\"_blank\" href=\"http:\/\/gvi.com.mx\/2013\/aviso-de-privacidad\/\">Deseas recibir informaci\u00f3n, noticias y promociones de este producto a tu mail.<\/a><\/span><\/label><\/span><\/span><\/span>\n<\/p>\n<p><input class=\"wpcf7-form-control wpcf7-submit has-spinner\" type=\"submit\" value=\"SOLICITAR\" \/>\n<\/p><div class=\"wpcf7-response-output\" aria-hidden=\"true\"><\/div>\n<\/form>\n<\/div>\n<\/div><\/div>[\/vc_column][\/vc_row][vc_row][vc_column]<div class=\"cz_gap clr \" style=\"height: 50px\"><\/div><div id=\"cz_67239\" class=\"cz_67239 cz_title clr cz_title_pos_inline tac\"><div class=\"cz_title_content\"><div class=\"cz_wpe_content\"><h2 style=\"text-align: center;\">PRODUCTOS<span style=\"font-weight: 100;\">RELACIONADOS<\/span><\/h2>\n<\/div><\/div><\/div><div class=\"cz_gap clr \" style=\"height: 50px\"><\/div>[\/vc_column][\/vc_row][vc_row][vc_column][vc_row_inner][vc_column_inner width=\u00bb1\/4&#8243;]<div id=\"cz_13804\" class=\"cz_13804 cz_image clr cz_image_no_fx center_on_mobile\"><div class=\"\" ><div class=\"cz_image_in\"><div class=\"cz_main_image\"><img decoding=\"async\" width=\"1080\" height=\"1080\" src=\"data:image\/svg+xml,%3Csvg%20xmlns%3D&#39;http%3A%2F%2Fwww.w3.org%2F2000%2Fsvg&#39;%20width=&#39;1080&#39;%20height=&#39;1080&#39;%20viewBox%3D&#39;0%200%201080%201080&#39;%2F%3E\" data-czlz data-src=\"http:\/\/gvi.com.mx\/2013\/wp-content\/uploads\/2022\/05\/Supreme-Serum-CE-2-oz.jpg\" class=\"attachment-full\" alt=\"\" title=\"Supreme-Serum-CE-2-oz\" data-srcset=\"http:\/\/gvi.com.mx\/2013\/wp-content\/uploads\/2022\/05\/Supreme-Serum-CE-2-oz.jpg 1080w, http:\/\/gvi.com.mx\/2013\/wp-content\/uploads\/2022\/05\/Supreme-Serum-CE-2-oz-300x300.jpg 300w, http:\/\/gvi.com.mx\/2013\/wp-content\/uploads\/2022\/05\/Supreme-Serum-CE-2-oz-1024x1024.jpg 1024w, http:\/\/gvi.com.mx\/2013\/wp-content\/uploads\/2022\/05\/Supreme-Serum-CE-2-oz-150x150.jpg 150w, http:\/\/gvi.com.mx\/2013\/wp-content\/uploads\/2022\/05\/Supreme-Serum-CE-2-oz-768x768.jpg 768w, http:\/\/gvi.com.mx\/2013\/wp-content\/uploads\/2022\/05\/Supreme-Serum-CE-2-oz-600x600.jpg 600w\" data-sizes=\"(max-width: 1080px) 100vw, 1080px\" \/><\/div><\/div><\/div><\/div><div class=\"cz_gap clr \" style=\"height: 20px\"><\/div><div id=\"cz_41184\" class=\"cz_41184 cz_title clr cz_title_pos_center tac\"><div class=\"cz_title_content\"><div class=\"cz_wpe_content\"><h2 style=\"text-align: center;\">SUPREME SERUM CE<\/h2>\n<\/div><\/div><\/div><div class=\"cz_gap clr \" style=\"height: 20px\"><\/div><div class=\"cz_btn_center\"><div class=\"cz_64038_p\"><a id=\"cz_64038\" class=\"cz_64038 cz_btn cz_btn_txt_no_fx cz_btn_no_fx\" href=\"\/supreme-serum-ce-suero-con-vitamina-c-y-e-30-ml\/\"><span><strong>+Informaci\u00f3n<\/strong><\/span><b class=\"cz_btn_onhover\"><strong>+Informaci\u00f3n<\/strong><\/b><\/a><\/div><\/div>[\/vc_column_inner][vc_column_inner width=\u00bb1\/4&#8243;]<div id=\"cz_103596\" class=\"cz_103596 cz_image clr cz_image_no_fx center_on_mobile\"><div class=\"\" ><div class=\"cz_image_in\"><div class=\"cz_main_image\"><img decoding=\"async\" width=\"1080\" height=\"1080\" src=\"data:image\/svg+xml,%3Csvg%20xmlns%3D&#39;http%3A%2F%2Fwww.w3.org%2F2000%2Fsvg&#39;%20width=&#39;1080&#39;%20height=&#39;1080&#39;%20viewBox%3D&#39;0%200%201080%201080&#39;%2F%3E\" data-czlz data-src=\"http:\/\/gvi.com.mx\/2013\/wp-content\/uploads\/2022\/05\/Supreme-Serum-20-2-oz.jpg\" class=\"attachment-full\" alt=\"\" title=\"Supreme-Serum-20-2-oz\" data-srcset=\"http:\/\/gvi.com.mx\/2013\/wp-content\/uploads\/2022\/05\/Supreme-Serum-20-2-oz.jpg 1080w, http:\/\/gvi.com.mx\/2013\/wp-content\/uploads\/2022\/05\/Supreme-Serum-20-2-oz-300x300.jpg 300w, http:\/\/gvi.com.mx\/2013\/wp-content\/uploads\/2022\/05\/Supreme-Serum-20-2-oz-1024x1024.jpg 1024w, http:\/\/gvi.com.mx\/2013\/wp-content\/uploads\/2022\/05\/Supreme-Serum-20-2-oz-150x150.jpg 150w, http:\/\/gvi.com.mx\/2013\/wp-content\/uploads\/2022\/05\/Supreme-Serum-20-2-oz-768x768.jpg 768w, http:\/\/gvi.com.mx\/2013\/wp-content\/uploads\/2022\/05\/Supreme-Serum-20-2-oz-600x600.jpg 600w\" data-sizes=\"(max-width: 1080px) 100vw, 1080px\" \/><\/div><\/div><\/div><\/div><div class=\"cz_gap clr \" style=\"height: 20px\"><\/div><div id=\"cz_50849\" class=\"cz_50849 cz_title clr cz_title_pos_center tac\"><div class=\"cz_title_content\"><div class=\"cz_wpe_content\"><h2 style=\"text-align: center;\">SUPREME SERUM 20<\/h2>\n<\/div><\/div><\/div><div class=\"cz_gap clr \" style=\"height: 20px\"><\/div><div class=\"cz_btn_center\"><div class=\"cz_74858_p\"><a id=\"cz_74858\" class=\"cz_74858 cz_btn cz_btn_txt_no_fx cz_btn_no_fx\" href=\"#\"><span><strong>+Informaci\u00f3n<\/strong><\/span><b class=\"cz_btn_onhover\"><strong>+Informaci\u00f3n<\/strong><\/b><\/a><\/div><\/div>[\/vc_column_inner][vc_column_inner width=\u00bb1\/4&#8243;]<div id=\"cz_21775\" class=\"cz_21775 cz_image clr cz_image_no_fx center_on_mobile\"><div class=\"\" ><div class=\"cz_image_in\"><div class=\"cz_main_image\"><img decoding=\"async\" width=\"1080\" height=\"1080\" src=\"data:image\/svg+xml,%3Csvg%20xmlns%3D&#39;http%3A%2F%2Fwww.w3.org%2F2000%2Fsvg&#39;%20width=&#39;1080&#39;%20height=&#39;1080&#39;%20viewBox%3D&#39;0%200%201080%201080&#39;%2F%3E\" data-czlz data-src=\"http:\/\/gvi.com.mx\/2013\/wp-content\/uploads\/2022\/05\/Supreme-Serum-Phloretin-2-oz.jpg\" class=\"attachment-full\" alt=\"\" title=\"Supreme-Serum-Phloretin-2-oz\" data-srcset=\"http:\/\/gvi.com.mx\/2013\/wp-content\/uploads\/2022\/05\/Supreme-Serum-Phloretin-2-oz.jpg 1080w, http:\/\/gvi.com.mx\/2013\/wp-content\/uploads\/2022\/05\/Supreme-Serum-Phloretin-2-oz-300x300.jpg 300w, http:\/\/gvi.com.mx\/2013\/wp-content\/uploads\/2022\/05\/Supreme-Serum-Phloretin-2-oz-1024x1024.jpg 1024w, http:\/\/gvi.com.mx\/2013\/wp-content\/uploads\/2022\/05\/Supreme-Serum-Phloretin-2-oz-150x150.jpg 150w, http:\/\/gvi.com.mx\/2013\/wp-content\/uploads\/2022\/05\/Supreme-Serum-Phloretin-2-oz-768x768.jpg 768w, http:\/\/gvi.com.mx\/2013\/wp-content\/uploads\/2022\/05\/Supreme-Serum-Phloretin-2-oz-600x600.jpg 600w\" data-sizes=\"(max-width: 1080px) 100vw, 1080px\" \/><\/div><\/div><\/div><\/div><div class=\"cz_gap clr \" style=\"height: 20px\"><\/div><div id=\"cz_92207\" class=\"cz_92207 cz_title clr cz_title_pos_center tac\"><div class=\"cz_title_content\"><div class=\"cz_wpe_content\"><h2 style=\"text-align: center;\">SUPREME SERUM PHLORETIN<\/h2>\n<\/div><\/div><\/div><div class=\"cz_gap clr \" style=\"height: 20px\"><\/div><div class=\"cz_btn_center\"><div class=\"cz_67605_p\"><a id=\"cz_67605\" class=\"cz_67605 cz_btn cz_btn_txt_no_fx cz_btn_no_fx\" href=\"#\"><span><strong>+Informaci\u00f3n<\/strong><\/span><b class=\"cz_btn_onhover\"><strong>+Informaci\u00f3n<\/strong><\/b><\/a><\/div><\/div>[\/vc_column_inner][vc_column_inner width=\u00bb1\/4&#8243;]<div id=\"cz_53081\" class=\"cz_53081 cz_image clr cz_image_no_fx center_on_mobile\"><div class=\"\" ><div class=\"cz_image_in\"><div class=\"cz_main_image\"><img decoding=\"async\" width=\"1080\" height=\"1080\" src=\"data:image\/svg+xml,%3Csvg%20xmlns%3D&#39;http%3A%2F%2Fwww.w3.org%2F2000%2Fsvg&#39;%20width=&#39;1080&#39;%20height=&#39;1080&#39;%20viewBox%3D&#39;0%200%201080%201080&#39;%2F%3E\" data-czlz data-src=\"http:\/\/gvi.com.mx\/2013\/wp-content\/uploads\/2022\/05\/SUPREME-EYE-C5.jpg\" class=\"attachment-full\" alt=\"\" title=\"_SUPREME-EYE-C5\" data-srcset=\"http:\/\/gvi.com.mx\/2013\/wp-content\/uploads\/2022\/05\/SUPREME-EYE-C5.jpg 1080w, http:\/\/gvi.com.mx\/2013\/wp-content\/uploads\/2022\/05\/SUPREME-EYE-C5-300x300.jpg 300w, http:\/\/gvi.com.mx\/2013\/wp-content\/uploads\/2022\/05\/SUPREME-EYE-C5-1024x1024.jpg 1024w, http:\/\/gvi.com.mx\/2013\/wp-content\/uploads\/2022\/05\/SUPREME-EYE-C5-150x150.jpg 150w, http:\/\/gvi.com.mx\/2013\/wp-content\/uploads\/2022\/05\/SUPREME-EYE-C5-768x768.jpg 768w, http:\/\/gvi.com.mx\/2013\/wp-content\/uploads\/2022\/05\/SUPREME-EYE-C5-600x600.jpg 600w\" data-sizes=\"(max-width: 1080px) 100vw, 1080px\" \/><\/div><\/div><\/div><\/div><div class=\"cz_gap clr \" style=\"height: 20px\"><\/div><div id=\"cz_13214\" class=\"cz_13214 cz_title clr cz_title_pos_center tac\"><div class=\"cz_title_content\"><div class=\"cz_wpe_content\"><h2 style=\"text-align: center;\">SUPREME EYE C5<\/h2>\n<\/div><\/div><\/div><div class=\"cz_gap clr \" style=\"height: 20px\"><\/div><div class=\"cz_btn_center\"><div class=\"cz_74858_p\"><a id=\"cz_74858\" class=\"cz_74858 cz_btn cz_btn_txt_no_fx cz_btn_no_fx\" href=\"#\"><span><strong>+Informaci\u00f3n<\/strong><\/span><b class=\"cz_btn_onhover\"><strong>+Informaci\u00f3n<\/strong><\/b><\/a><\/div><\/div>[\/vc_column_inner][\/vc_row_inner]<div class=\"cz_gap clr \" style=\"height: 30px\"><\/div>[vc_row_inner][vc_column_inner width=\u00bb1\/4&#8243;]<div id=\"cz_17982\" class=\"cz_17982 cz_image clr cz_image_no_fx center_on_mobile\"><div class=\"\" ><div class=\"cz_image_in\"><div class=\"cz_main_image\"><img decoding=\"async\" width=\"1080\" height=\"1080\" src=\"data:image\/svg+xml,%3Csvg%20xmlns%3D&#39;http%3A%2F%2Fwww.w3.org%2F2000%2Fsvg&#39;%20width=&#39;1080&#39;%20height=&#39;1080&#39;%20viewBox%3D&#39;0%200%201080%201080&#39;%2F%3E\" data-czlz data-src=\"http:\/\/gvi.com.mx\/2013\/wp-content\/uploads\/2022\/05\/SUPREME-SERUM-FERULIC.jpg\" class=\"attachment-full\" alt=\"\" title=\"SUPREME-SERUM-FERULIC\" data-srcset=\"http:\/\/gvi.com.mx\/2013\/wp-content\/uploads\/2022\/05\/SUPREME-SERUM-FERULIC.jpg 1080w, http:\/\/gvi.com.mx\/2013\/wp-content\/uploads\/2022\/05\/SUPREME-SERUM-FERULIC-300x300.jpg 300w, http:\/\/gvi.com.mx\/2013\/wp-content\/uploads\/2022\/05\/SUPREME-SERUM-FERULIC-1024x1024.jpg 1024w, http:\/\/gvi.com.mx\/2013\/wp-content\/uploads\/2022\/05\/SUPREME-SERUM-FERULIC-150x150.jpg 150w, http:\/\/gvi.com.mx\/2013\/wp-content\/uploads\/2022\/05\/SUPREME-SERUM-FERULIC-768x768.jpg 768w, http:\/\/gvi.com.mx\/2013\/wp-content\/uploads\/2022\/05\/SUPREME-SERUM-FERULIC-600x600.jpg 600w\" data-sizes=\"(max-width: 1080px) 100vw, 1080px\" \/><\/div><\/div><\/div><\/div><div class=\"cz_gap clr \" style=\"height: 20px\"><\/div><div id=\"cz_73197\" class=\"cz_73197 cz_title clr cz_title_pos_center tac\"><div class=\"cz_title_content\"><div class=\"cz_wpe_content\"><h2 style=\"text-align: center;\">SUPREME SERUM FERULIC<\/h2>\n<\/div><\/div><\/div><div class=\"cz_gap clr \" style=\"height: 20px\"><\/div><div class=\"cz_btn_center\"><div class=\"cz_74858_p\"><a id=\"cz_74858\" class=\"cz_74858 cz_btn cz_btn_txt_no_fx cz_btn_no_fx\" href=\"#\"><span><strong>+Informaci\u00f3n<\/strong><\/span><b class=\"cz_btn_onhover\"><strong>+Informaci\u00f3n<\/strong><\/b><\/a><\/div><\/div>[\/vc_column_inner][vc_column_inner width=\u00bb1\/4&#8243;]<div id=\"cz_79337\" class=\"cz_79337 cz_image clr cz_image_no_fx center_on_mobile\"><div class=\"\" ><div class=\"cz_image_in\"><div class=\"cz_main_image\"><img decoding=\"async\" width=\"1080\" height=\"1080\" src=\"data:image\/svg+xml,%3Csvg%20xmlns%3D&#39;http%3A%2F%2Fwww.w3.org%2F2000%2Fsvg&#39;%20width=&#39;1080&#39;%20height=&#39;1080&#39;%20viewBox%3D&#39;0%200%201080%201080&#39;%2F%3E\" data-czlz data-src=\"http:\/\/gvi.com.mx\/2013\/wp-content\/uploads\/2022\/05\/Resurfacing-Serum-2-oz.jpg\" class=\"attachment-full\" alt=\"\" title=\"Resurfacing-Serum-2-oz\" data-srcset=\"http:\/\/gvi.com.mx\/2013\/wp-content\/uploads\/2022\/05\/Resurfacing-Serum-2-oz.jpg 1080w, http:\/\/gvi.com.mx\/2013\/wp-content\/uploads\/2022\/05\/Resurfacing-Serum-2-oz-300x300.jpg 300w, http:\/\/gvi.com.mx\/2013\/wp-content\/uploads\/2022\/05\/Resurfacing-Serum-2-oz-1024x1024.jpg 1024w, http:\/\/gvi.com.mx\/2013\/wp-content\/uploads\/2022\/05\/Resurfacing-Serum-2-oz-150x150.jpg 150w, http:\/\/gvi.com.mx\/2013\/wp-content\/uploads\/2022\/05\/Resurfacing-Serum-2-oz-768x768.jpg 768w, http:\/\/gvi.com.mx\/2013\/wp-content\/uploads\/2022\/05\/Resurfacing-Serum-2-oz-600x600.jpg 600w\" data-sizes=\"(max-width: 1080px) 100vw, 1080px\" \/><\/div><\/div><\/div><\/div><div class=\"cz_gap clr \" style=\"height: 20px\"><\/div><div id=\"cz_38310\" class=\"cz_38310 cz_title clr cz_title_pos_center tac\"><div class=\"cz_title_content\"><div class=\"cz_wpe_content\"><h2 style=\"text-align: center;\">Resurfacing Serum<\/h2>\n<\/div><\/div><\/div><div class=\"cz_gap clr \" style=\"height: 20px\"><\/div><div class=\"cz_btn_center\"><div class=\"cz_74858_p\"><a id=\"cz_74858\" class=\"cz_74858 cz_btn cz_btn_txt_no_fx cz_btn_no_fx\" href=\"#\"><span><strong>+Informaci\u00f3n<\/strong><\/span><b class=\"cz_btn_onhover\"><strong>+Informaci\u00f3n<\/strong><\/b><\/a><\/div><\/div>[\/vc_column_inner][vc_column_inner width=\u00bb1\/4&#8243;]<div id=\"cz_110222\" class=\"cz_110222 cz_image clr cz_image_no_fx center_on_mobile\"><div class=\"\" ><div class=\"cz_image_in\"><div class=\"cz_main_image\"><img decoding=\"async\" width=\"1080\" height=\"1080\" src=\"data:image\/svg+xml,%3Csvg%20xmlns%3D&#39;http%3A%2F%2Fwww.w3.org%2F2000%2Fsvg&#39;%20width=&#39;1080&#39;%20height=&#39;1080&#39;%20viewBox%3D&#39;0%200%201080%201080&#39;%2F%3E\" data-czlz data-src=\"http:\/\/gvi.com.mx\/2013\/wp-content\/uploads\/2022\/05\/Supreme-Hydra-B5-Gel-2-oz.jpg\" class=\"attachment-full\" alt=\"\" title=\"Supreme-Hydra-B5-Gel-2-oz\" data-srcset=\"http:\/\/gvi.com.mx\/2013\/wp-content\/uploads\/2022\/05\/Supreme-Hydra-B5-Gel-2-oz.jpg 1080w, http:\/\/gvi.com.mx\/2013\/wp-content\/uploads\/2022\/05\/Supreme-Hydra-B5-Gel-2-oz-300x300.jpg 300w, http:\/\/gvi.com.mx\/2013\/wp-content\/uploads\/2022\/05\/Supreme-Hydra-B5-Gel-2-oz-1024x1024.jpg 1024w, http:\/\/gvi.com.mx\/2013\/wp-content\/uploads\/2022\/05\/Supreme-Hydra-B5-Gel-2-oz-150x150.jpg 150w, http:\/\/gvi.com.mx\/2013\/wp-content\/uploads\/2022\/05\/Supreme-Hydra-B5-Gel-2-oz-768x768.jpg 768w, http:\/\/gvi.com.mx\/2013\/wp-content\/uploads\/2022\/05\/Supreme-Hydra-B5-Gel-2-oz-600x600.jpg 600w\" data-sizes=\"(max-width: 1080px) 100vw, 1080px\" \/><\/div><\/div><\/div><\/div><div class=\"cz_gap clr \" style=\"height: 20px\"><\/div><div id=\"cz_110278\" class=\"cz_110278 cz_title clr cz_title_pos_center tac\"><div class=\"cz_title_content\"><div class=\"cz_wpe_content\"><h2 style=\"text-align: center;\">Supreme Hydra B5 Gel<\/h2>\n<\/div><\/div><\/div><div class=\"cz_gap clr \" style=\"height: 20px\"><\/div><div class=\"cz_btn_center\"><div class=\"cz_74858_p\"><a id=\"cz_74858\" class=\"cz_74858 cz_btn cz_btn_txt_no_fx cz_btn_no_fx\" href=\"#\"><span><strong>+Informaci\u00f3n<\/strong><\/span><b class=\"cz_btn_onhover\"><strong>+Informaci\u00f3n<\/strong><\/b><\/a><\/div><\/div>[\/vc_column_inner][vc_column_inner width=\u00bb1\/4&#8243;]<div id=\"cz_107291\" class=\"cz_107291 cz_image clr cz_image_no_fx center_on_mobile\"><div class=\"\" ><div class=\"cz_image_in\"><div class=\"cz_main_image\"><img decoding=\"async\" width=\"1080\" height=\"1080\" src=\"data:image\/svg+xml,%3Csvg%20xmlns%3D&#39;http%3A%2F%2Fwww.w3.org%2F2000%2Fsvg&#39;%20width=&#39;1080&#39;%20height=&#39;1080&#39;%20viewBox%3D&#39;0%200%201080%201080&#39;%2F%3E\" data-czlz data-src=\"http:\/\/gvi.com.mx\/2013\/wp-content\/uploads\/2022\/05\/Supreme-Phyto-Gel-2-oz.jpg\" class=\"attachment-full\" alt=\"\" title=\"Supreme-Phyto-Gel-2-oz\" data-srcset=\"http:\/\/gvi.com.mx\/2013\/wp-content\/uploads\/2022\/05\/Supreme-Phyto-Gel-2-oz.jpg 1080w, http:\/\/gvi.com.mx\/2013\/wp-content\/uploads\/2022\/05\/Supreme-Phyto-Gel-2-oz-300x300.jpg 300w, http:\/\/gvi.com.mx\/2013\/wp-content\/uploads\/2022\/05\/Supreme-Phyto-Gel-2-oz-1024x1024.jpg 1024w, http:\/\/gvi.com.mx\/2013\/wp-content\/uploads\/2022\/05\/Supreme-Phyto-Gel-2-oz-150x150.jpg 150w, http:\/\/gvi.com.mx\/2013\/wp-content\/uploads\/2022\/05\/Supreme-Phyto-Gel-2-oz-768x768.jpg 768w, http:\/\/gvi.com.mx\/2013\/wp-content\/uploads\/2022\/05\/Supreme-Phyto-Gel-2-oz-600x600.jpg 600w\" data-sizes=\"(max-width: 1080px) 100vw, 1080px\" \/><\/div><\/div><\/div><\/div><div class=\"cz_gap clr \" style=\"height: 20px\"><\/div><div id=\"cz_35312\" class=\"cz_35312 cz_title clr cz_title_pos_center tac\"><div class=\"cz_title_content\"><div class=\"cz_wpe_content\"><h2 style=\"text-align: center;\">Supreme Phyto + Gel<\/h2>\n<\/div><\/div><\/div><div class=\"cz_gap clr \" style=\"height: 20px\"><\/div><div class=\"cz_btn_center\"><div class=\"cz_74858_p\"><a id=\"cz_74858\" class=\"cz_74858 cz_btn cz_btn_txt_no_fx cz_btn_no_fx\" href=\"#\"><span><strong>+Informaci\u00f3n<\/strong><\/span><b class=\"cz_btn_onhover\"><strong>+Informaci\u00f3n<\/strong><\/b><\/a><\/div><\/div>[\/vc_column_inner][\/vc_row_inner]<div class=\"cz_gap clr  hide_on_mobile\" style=\"height: 60px\"><\/div><div class=\"cz_gap show_on_mobile clr\" style=\"height: 30px\"><\/div>[\/vc_column][\/vc_row][vc_row full_width=\u00bbstretch_row\u00bb css=\u00bb.vc_custom_1651552258061{background-color: #fce4db !important;}\u00bb][vc_column]<div class=\"cz_gap clr \" style=\"height: 50px\"><\/div>[vc_row_inner][vc_column_inner width=\u00bb1\/6&#8243;][\/vc_column_inner][vc_column_inner width=\u00bb2\/3&#8243;]<div id=\"cz_76448\" class=\"cz_76448 cz_title clr cz_title_pos_inline tac\"><div class=\"cz_title_content\"><div class=\"cz_wpe_content\"><h2 style=\"text-align: center;\"><span style=\"font-weight: 100;\">\u00bfTIENES ALGUNA<\/span> PREGUNTA?<\/h2>\n<\/div><\/div><\/div><div id=\"cz_108260\" class=\"cz_108260 cz_title clr cz_title_pos_inline tac\"><div class=\"cz_title_content\"><div class=\"cz_wpe_content\"><h6 style=\"text-align: center;\"><span style=\"font-size: 20px;\"><strong>Necesitas ayuda con alg\u00fan producto o tienes dudas.<\/strong> Comun\u00edcate con nosotros y te ayudamos a resolverlas<\/span><\/h6>\n<\/div><\/div><\/div><div class=\"cz_gap clr \" style=\"height: 50px\"><\/div><div class=\"cz_btn_center\"><div class=\"cz_38151_p\"><a id=\"cz_38151\" class=\"cz_38151 cz_btn cz_btn_txt_no_fx cz_btn_no_fx\" href=\"#\"><span><strong>Contacto<\/strong><\/span><b class=\"cz_btn_onhover\"><strong>Contacto<\/strong><\/b><\/a><\/div><\/div>[\/vc_column_inner][vc_column_inner width=\u00bb1\/6&#8243;][\/vc_column_inner][\/vc_row_inner]<div class=\"cz_gap clr \" style=\"height: 50px\"><\/div>[\/vc_column][\/vc_row]<\/p>\n<\/section>","protected":false},"excerpt":{"rendered":"<p>[vc_row full_width=\u00bbstretch_row\u00bb][vc_column][vc_row_inner][vc_column_inner width=\u00bb1\/2&#8243;][\/vc_column_inner][vc_column_inner width=\u00bb1\/2&#8243;][\/vc_column_inner][\/vc_row_inner][\/vc_column][\/vc_row][vc_row full_width=\u00bbstretch_row\u00bb equal_height=\u00bbyes\u00bb css=\u00bb.vc_custom_1651632882913{background-position: center !important;background-repeat: no-repeat !important;background-size: &#8230; <\/p>\n","protected":false},"author":3,"featured_media":0,"parent":0,"menu_order":0,"comment_status":"closed","ping_status":"closed","template":"","meta":{"footnotes":""},"class_list":["post-1154","page","type-page","status-publish","hentry"],"aioseo_notices":[],"_links":{"self":[{"href":"http:\/\/gvi.com.mx\/2013\/wp-json\/wp\/v2\/pages\/1154","targetHints":{"allow":["GET"]}}],"collection":[{"href":"http:\/\/gvi.com.mx\/2013\/wp-json\/wp\/v2\/pages"}],"about":[{"href":"http:\/\/gvi.com.mx\/2013\/wp-json\/wp\/v2\/types\/page"}],"author":[{"embeddable":true,"href":"http:\/\/gvi.com.mx\/2013\/wp-json\/wp\/v2\/users\/3"}],"replies":[{"embeddable":true,"href":"http:\/\/gvi.com.mx\/2013\/wp-json\/wp\/v2\/comments?post=1154"}],"version-history":[{"count":1,"href":"http:\/\/gvi.com.mx\/2013\/wp-json\/wp\/v2\/pages\/1154\/revisions"}],"predecessor-version":[{"id":2927,"href":"http:\/\/gvi.com.mx\/2013\/wp-json\/wp\/v2\/pages\/1154\/revisions\/2927"}],"wp:attachment":[{"href":"http:\/\/gvi.com.mx\/2013\/wp-json\/wp\/v2\/media?parent=1154"}],"curies":[{"name":"wp","href":"https:\/\/api.w.org\/{rel}","templated":true}]}}