{"id":1482,"date":"2022-05-22T01:00:21","date_gmt":"2022-05-22T01:00:21","guid":{"rendered":"http:\/\/gvi.com.mx\/2013\/?page_id=1482"},"modified":"2022-08-26T04:12:38","modified_gmt":"2022-08-26T04:12:38","slug":"post-operative-care-cream","status":"publish","type":"page","link":"http:\/\/gvi.com.mx\/2013\/post-operative-care-cream\/","title":{"rendered":"Post Operative Care Cream"},"content":{"rendered":"<section class=\"wpb-content-wrapper\"><p>[vc_row full_width=\u00bbstretch_row\u00bb][vc_column][vc_row_inner][vc_column_inner width=\u00bb1\/2&#8243;]<div id=\"cz_63474\" class=\"cz_63474 cz_image clr cz_image_no_fx center_on_mobile\"><div class=\"\" ><div class=\"cz_image_in\"><div class=\"cz_main_image\"><img decoding=\"async\" width=\"1080\" height=\"1080\" src=\"data:image\/svg+xml,%3Csvg%20xmlns%3D&#39;http%3A%2F%2Fwww.w3.org%2F2000%2Fsvg&#39;%20width=&#39;1080&#39;%20height=&#39;1080&#39;%20viewBox%3D&#39;0%200%201080%201080&#39;%2F%3E\" data-czlz data-src=\"http:\/\/gvi.com.mx\/2013\/wp-content\/uploads\/2022\/05\/MediPostOp.jpg\" class=\"attachment-full\" alt=\"\" title=\"MediPostOp\" data-srcset=\"http:\/\/gvi.com.mx\/2013\/wp-content\/uploads\/2022\/05\/MediPostOp.jpg 1080w, http:\/\/gvi.com.mx\/2013\/wp-content\/uploads\/2022\/05\/MediPostOp-300x300.jpg 300w, http:\/\/gvi.com.mx\/2013\/wp-content\/uploads\/2022\/05\/MediPostOp-1024x1024.jpg 1024w, http:\/\/gvi.com.mx\/2013\/wp-content\/uploads\/2022\/05\/MediPostOp-150x150.jpg 150w, http:\/\/gvi.com.mx\/2013\/wp-content\/uploads\/2022\/05\/MediPostOp-768x768.jpg 768w, http:\/\/gvi.com.mx\/2013\/wp-content\/uploads\/2022\/05\/MediPostOp-600x600.jpg 600w, http:\/\/gvi.com.mx\/2013\/wp-content\/uploads\/2022\/05\/MediPostOp-100x100.jpg 100w\" data-sizes=\"(max-width: 1080px) 100vw, 1080px\" \/><\/div><\/div><\/div><\/div>[\/vc_column_inner][vc_column_inner width=\u00bb1\/2&#8243;]<div class=\"cz_gap clr \" style=\"height: 50px\"><\/div><div id=\"cz_24725\" class=\"cz_24725 cz_title clr cz_title_pos_inline\"><div class=\"cz_title_content\"><div class=\"cz_wpe_content\"><h6>MEDICALIA<\/h6>\n<\/div><\/div><\/div><div id=\"cz_101223\" class=\"cz_101223 cz_title clr cz_title_pos_inline\"><div class=\"cz_title_content\"><div class=\"cz_wpe_content\"><h3>Post Operative Care Cream<\/h3>\n<\/div><\/div><\/div><div id=\"cz_93007\" class=\"cz_93007 cz_title clr cz_title_pos_inline\"><div class=\"cz_title_content\"><div class=\"cz_wpe_content\"><h6> SKU: 8300-11<\/h6>\n<\/div><\/div><\/div><div class=\"cz_gap clr \" style=\"height: 25px\"><\/div><div id=\"cz_95123\" class=\"cz_95123 cz_title clr cz_title_pos_inline\"><div class=\"cz_title_content\"><div class=\"cz_wpe_content\"><p><span style=\"color: #666666;\">Una f\u00f3rmula libre de irritaci\u00f3n pensada espec\u00edficamente para acelerar el proceso de recuperaci\u00f3n post operatoria, sin efectos secundarios. Mantiene las defensas de la piel, reduce la irritaci\u00f3n y enrojecimiento, nutre, humecta y mejora la elasticidad. Sus nutrientes penetran en la piel de manera eficaz gracias a la tecnolog\u00eda biomim\u00e9tica.  <\/span><\/p>\n<\/div><\/div><\/div>[\/vc_column_inner][\/vc_row_inner][\/vc_column][\/vc_row][vc_row full_width=\u00bbstretch_row\u00bb equal_height=\u00bbyes\u00bb css=\u00bb.vc_custom_1651632882913{background-position: center !important;background-repeat: no-repeat !important;background-size: cover !important;}\u00bb][vc_column width=\u00bb1\/2&#8243; css=\u00bb.vc_custom_1651546118635{margin-top: 0px !important;margin-right: 0px !important;margin-bottom: 0px !important;margin-left: 0px !important;padding-top: 0px !important;padding-right: 0px !important;padding-bottom: 0px !important;padding-left: 0px !important;}\u00bb offset=\u00bbvc_hidden-sm vc_hidden-xs\u00bb]<div class=\"cz_eqh cz_content_box_parent_fx  \"><div id=\"cz_75676\" class=\"cz_75676 cz_content_box clr\"><div class=\"cz_box_front clr\"><div class=\"cz_box_front_inner clr \"><span><\/span><div><div class=\"cz_gap clr \" style=\"height: 600px\"><\/div><\/div><\/div><\/div><\/div><\/div>[\/vc_column][vc_column width=\u00bb1\/2&#8243; css=\u00bb.vc_custom_1651542516880{padding-top: 50px !important;padding-right: 50px !important;padding-bottom: 50px !important;padding-left: 50px !important;background-color: #f2f2f2 !important;}\u00bb]<div class=\"cz_gap clr \" style=\"height: 50px\"><\/div><div id=\"cz_59455\" class=\"cz_59455 cz_title clr cz_title_pos_inline\"><div class=\"cz_title_content\"><div class=\"cz_wpe_content\"><h3>Solicitar informaci\u00f3n t\u00e9cnica<\/h3>\n<\/div><\/div><\/div><div class=\"cz_gap clr \" style=\"height: 25px\"><\/div><div id=\"cz_91061\" class=\"cz_91061 cz_cf7 clr\"><div>\n<div class=\"wpcf7 no-js\" id=\"wpcf7-f1425-o1\" lang=\"es-ES\" dir=\"ltr\">\n<div class=\"screen-reader-response\"><p role=\"status\" aria-live=\"polite\" aria-atomic=\"true\"><\/p> <ul><\/ul><\/div>\n<form action=\"\/2013\/wp-json\/wp\/v2\/pages\/1482#wpcf7-f1425-o1\" method=\"post\" class=\"wpcf7-form init\" aria-label=\"Formulario de contacto\" novalidate=\"novalidate\" data-status=\"init\">\n<div style=\"display: none;\">\n<input type=\"hidden\" name=\"_wpcf7\" value=\"1425\" \/>\n<input type=\"hidden\" name=\"_wpcf7_version\" value=\"5.8.6\" \/>\n<input type=\"hidden\" name=\"_wpcf7_locale\" value=\"es_ES\" \/>\n<input type=\"hidden\" name=\"_wpcf7_unit_tag\" value=\"wpcf7-f1425-o1\" \/>\n<input type=\"hidden\" name=\"_wpcf7_container_post\" value=\"0\" \/>\n<input type=\"hidden\" name=\"_wpcf7_posted_data_hash\" value=\"\" \/>\n<\/div>\n<p><span class=\"wpcf7-form-control-wrap\" data-name=\"text-name\"><input size=\"40\" class=\"wpcf7-form-control wpcf7-text wpcf7-validates-as-required\" aria-required=\"true\" aria-invalid=\"false\" placeholder=\"Nombre\" value=\"\" type=\"text\" name=\"text-name\" \/><\/span>\n<\/p>\n<p><span class=\"wpcf7-form-control-wrap\" data-name=\"email-558\"><input size=\"40\" class=\"wpcf7-form-control wpcf7-email wpcf7-validates-as-required wpcf7-text wpcf7-validates-as-email\" aria-required=\"true\" aria-invalid=\"false\" placeholder=\"Email\" value=\"\" type=\"email\" name=\"email-558\" \/><\/span>\n<\/p>\n<p><span class=\"wpcf7-form-control-wrap\" data-name=\"tel-32\"><input size=\"40\" class=\"wpcf7-form-control wpcf7-tel wpcf7-validates-as-required wpcf7-text wpcf7-validates-as-tel\" aria-required=\"true\" aria-invalid=\"false\" placeholder=\"Tel\u00e9fono\" value=\"\" type=\"tel\" name=\"tel-32\" \/><\/span>\n<\/p>\n<p><span class=\"wpcf7-form-control-wrap\" data-name=\"your-cedula\"><input size=\"40\" class=\"wpcf7-form-control wpcf7-text wpcf7-validates-as-required\" aria-required=\"true\" aria-invalid=\"false\" placeholder=\"C\u00e9dula profesional\" value=\"\" type=\"text\" name=\"your-cedula\" \/><\/span>\n<\/p>\n<p><span class=\"wpcf7-form-control-wrap\" data-name=\"acceptance-961\"><span class=\"wpcf7-form-control wpcf7-acceptance\"><span class=\"wpcf7-list-item\"><label><input type=\"checkbox\" name=\"acceptance-961\" value=\"1\" aria-invalid=\"false\" \/><span class=\"wpcf7-list-item-label\"><a target=\"_blank\" href=\"http:\/\/gvi.com.mx\/2013\/aviso-de-privacidad\/\">Deseas recibir informaci\u00f3n, noticias y promociones de este producto a tu mail.<\/a><\/span><\/label><\/span><\/span><\/span>\n<\/p>\n<p><input class=\"wpcf7-form-control wpcf7-submit has-spinner\" type=\"submit\" value=\"SOLICITAR\" \/>\n<\/p><div class=\"wpcf7-response-output\" aria-hidden=\"true\"><\/div>\n<\/form>\n<\/div>\n<\/div><\/div>[\/vc_column][\/vc_row][vc_row][vc_column]<div class=\"cz_gap clr \" style=\"height: 50px\"><\/div><div id=\"cz_67239\" class=\"cz_67239 cz_title clr cz_title_pos_inline tac\"><div class=\"cz_title_content\"><div class=\"cz_wpe_content\"><h2 style=\"text-align: center;\">PRODUCTOS<span style=\"font-weight: 100;\">RELACIONADOS<\/span><\/h2>\n<\/div><\/div><\/div><div class=\"cz_gap clr \" style=\"height: 50px\"><\/div>[\/vc_column][\/vc_row][vc_row][vc_column offset=\u00bbvc_hidden-sm vc_hidden-xs\u00bb]<div class=\"cz_gap clr \" style=\"height: 30px\"><\/div>[vc_row_inner][vc_column_inner width=\u00bb1\/4&#8243;]<div id=\"cz_86520\" class=\"cz_86520 cz_image clr cz_image_no_fx center_on_mobile\"><div class=\"\" ><div class=\"cz_image_in\"><div class=\"cz_main_image\"><img decoding=\"async\" width=\"1080\" height=\"1080\" src=\"data:image\/svg+xml,%3Csvg%20xmlns%3D&#39;http%3A%2F%2Fwww.w3.org%2F2000%2Fsvg&#39;%20width=&#39;1080&#39;%20height=&#39;1080&#39;%20viewBox%3D&#39;0%200%201080%201080&#39;%2F%3E\" data-czlz data-src=\"http:\/\/gvi.com.mx\/2013\/wp-content\/uploads\/2022\/05\/Ser_MediSilicoLipidSerum.jpg\" class=\"attachment-full\" alt=\"\" title=\"Ser_MediSilicoLipidSerum\" data-srcset=\"http:\/\/gvi.com.mx\/2013\/wp-content\/uploads\/2022\/05\/Ser_MediSilicoLipidSerum.jpg 1080w, http:\/\/gvi.com.mx\/2013\/wp-content\/uploads\/2022\/05\/Ser_MediSilicoLipidSerum-300x300.jpg 300w, http:\/\/gvi.com.mx\/2013\/wp-content\/uploads\/2022\/05\/Ser_MediSilicoLipidSerum-1024x1024.jpg 1024w, http:\/\/gvi.com.mx\/2013\/wp-content\/uploads\/2022\/05\/Ser_MediSilicoLipidSerum-150x150.jpg 150w, http:\/\/gvi.com.mx\/2013\/wp-content\/uploads\/2022\/05\/Ser_MediSilicoLipidSerum-768x768.jpg 768w, http:\/\/gvi.com.mx\/2013\/wp-content\/uploads\/2022\/05\/Ser_MediSilicoLipidSerum-600x600.jpg 600w, http:\/\/gvi.com.mx\/2013\/wp-content\/uploads\/2022\/05\/Ser_MediSilicoLipidSerum-100x100.jpg 100w\" data-sizes=\"(max-width: 1080px) 100vw, 1080px\" \/><\/div><\/div><\/div><\/div><div class=\"cz_gap clr \" style=\"height: 20px\"><\/div><div id=\"cz_89496\" class=\"cz_89496 cz_title clr cz_title_pos_center tac\"><div class=\"cz_title_content\"><div class=\"cz_wpe_content\"><h2 style=\"text-align: center;\"><span style=\"font-size: 20px;\">Silico Lipid Serum<\/span><\/h2>\n<\/div><\/div><\/div><div class=\"cz_gap clr \" style=\"height: 20px\"><\/div><div class=\"cz_btn_center\"><div class=\"cz_60407_p\"><a id=\"cz_60407\" class=\"cz_60407 cz_btn cz_btn_txt_no_fx cz_btn_no_fx\" href=\"http:\/\/gvi.com.mx\/2013\/silico-lipid-serum\/\" title=\"SUPREME HYDRA B5 GEL\"><span><strong>+Informaci\u00f3n<\/strong><\/span><b class=\"cz_btn_onhover\"><strong>+Informaci\u00f3n<\/strong><\/b><\/a><\/div><\/div>[\/vc_column_inner][vc_column_inner width=\u00bb1\/4&#8243;]<div id=\"cz_28075\" class=\"cz_28075 cz_image clr cz_image_no_fx center_on_mobile\"><div class=\"\" ><div class=\"cz_image_in\"><div class=\"cz_main_image\"><img decoding=\"async\" width=\"1080\" height=\"1080\" src=\"data:image\/svg+xml,%3Csvg%20xmlns%3D&#39;http%3A%2F%2Fwww.w3.org%2F2000%2Fsvg&#39;%20width=&#39;1080&#39;%20height=&#39;1080&#39;%20viewBox%3D&#39;0%200%201080%201080&#39;%2F%3E\" data-czlz data-src=\"http:\/\/gvi.com.mx\/2013\/wp-content\/uploads\/2022\/05\/MediPostOp.jpg\" class=\"attachment-full\" alt=\"\" title=\"MediPostOp\" data-srcset=\"http:\/\/gvi.com.mx\/2013\/wp-content\/uploads\/2022\/05\/MediPostOp.jpg 1080w, http:\/\/gvi.com.mx\/2013\/wp-content\/uploads\/2022\/05\/MediPostOp-300x300.jpg 300w, http:\/\/gvi.com.mx\/2013\/wp-content\/uploads\/2022\/05\/MediPostOp-1024x1024.jpg 1024w, http:\/\/gvi.com.mx\/2013\/wp-content\/uploads\/2022\/05\/MediPostOp-150x150.jpg 150w, http:\/\/gvi.com.mx\/2013\/wp-content\/uploads\/2022\/05\/MediPostOp-768x768.jpg 768w, http:\/\/gvi.com.mx\/2013\/wp-content\/uploads\/2022\/05\/MediPostOp-600x600.jpg 600w, http:\/\/gvi.com.mx\/2013\/wp-content\/uploads\/2022\/05\/MediPostOp-100x100.jpg 100w\" data-sizes=\"(max-width: 1080px) 100vw, 1080px\" \/><\/div><\/div><\/div><\/div><div class=\"cz_gap clr \" style=\"height: 20px\"><\/div><div id=\"cz_20613\" class=\"cz_20613 cz_title clr cz_title_pos_center tac\"><div class=\"cz_title_content\"><div class=\"cz_wpe_content\"><h2 style=\"text-align: center;\"><span style=\"font-size: 20px;\">Post Operative Care Cream<\/span><\/h2>\n<\/div><\/div><\/div><div class=\"cz_gap clr \" style=\"height: 20px\"><\/div><div class=\"cz_btn_center\"><div class=\"cz_51483_p\"><a id=\"cz_51483\" class=\"cz_51483 cz_btn cz_btn_txt_no_fx cz_btn_no_fx\" href=\"http:\/\/gvi.com.mx\/2013\/post-operative-care-cream\/\" title=\"RESURFACING SERUM\"><span><strong>+Informaci\u00f3n<\/strong><\/span><b class=\"cz_btn_onhover\"><strong>+Informaci\u00f3n<\/strong><\/b><\/a><\/div><\/div>[\/vc_column_inner][vc_column_inner width=\u00bb1\/4&#8243;]<div id=\"cz_73885\" class=\"cz_73885 cz_image clr cz_image_no_fx center_on_mobile\"><div class=\"\" ><div class=\"cz_image_in\"><div class=\"cz_main_image\"><img decoding=\"async\" width=\"1080\" height=\"1080\" src=\"data:image\/svg+xml,%3Csvg%20xmlns%3D&#39;http%3A%2F%2Fwww.w3.org%2F2000%2Fsvg&#39;%20width=&#39;1080&#39;%20height=&#39;1080&#39;%20viewBox%3D&#39;0%200%201080%201080&#39;%2F%3E\" data-czlz data-src=\"http:\/\/gvi.com.mx\/2013\/wp-content\/uploads\/2022\/05\/Cls_MediGentleCleanser.jpg\" class=\"attachment-full\" alt=\"\" title=\"Cls_MediGentleCleanser\" data-srcset=\"http:\/\/gvi.com.mx\/2013\/wp-content\/uploads\/2022\/05\/Cls_MediGentleCleanser.jpg 1080w, http:\/\/gvi.com.mx\/2013\/wp-content\/uploads\/2022\/05\/Cls_MediGentleCleanser-300x300.jpg 300w, http:\/\/gvi.com.mx\/2013\/wp-content\/uploads\/2022\/05\/Cls_MediGentleCleanser-1024x1024.jpg 1024w, http:\/\/gvi.com.mx\/2013\/wp-content\/uploads\/2022\/05\/Cls_MediGentleCleanser-150x150.jpg 150w, http:\/\/gvi.com.mx\/2013\/wp-content\/uploads\/2022\/05\/Cls_MediGentleCleanser-768x768.jpg 768w, http:\/\/gvi.com.mx\/2013\/wp-content\/uploads\/2022\/05\/Cls_MediGentleCleanser-600x600.jpg 600w, http:\/\/gvi.com.mx\/2013\/wp-content\/uploads\/2022\/05\/Cls_MediGentleCleanser-100x100.jpg 100w\" data-sizes=\"(max-width: 1080px) 100vw, 1080px\" \/><\/div><\/div><\/div><\/div><div class=\"cz_gap clr \" style=\"height: 20px\"><\/div><div id=\"cz_29481\" class=\"cz_29481 cz_title clr cz_title_pos_center tac\"><div class=\"cz_title_content\"><div class=\"cz_wpe_content\"><h2 style=\"text-align: center;\">Gentle Cleanser<\/h2>\n<\/div><\/div><\/div><div class=\"cz_gap clr \" style=\"height: 20px\"><\/div><div class=\"cz_btn_center\"><div class=\"cz_105870_p\"><a id=\"cz_105870\" class=\"cz_105870 cz_btn cz_btn_txt_no_fx cz_btn_no_fx\" href=\"http:\/\/gvi.com.mx\/2013\/gentle-cleanser\/\" title=\"RESURFACING SERUM\"><span><strong>+Informaci\u00f3n<\/strong><\/span><b class=\"cz_btn_onhover\"><strong>+Informaci\u00f3n<\/strong><\/b><\/a><\/div><\/div>[\/vc_column_inner][\/vc_row_inner]<div class=\"cz_gap clr \" style=\"height: 30px\"><\/div>[\/vc_column][\/vc_row][vc_row full_width=\u00bbstretch_row\u00bb css=\u00bb.vc_custom_1651552258061{background-color: #fce4db !important;}\u00bb][vc_column]<div class=\"cz_gap clr \" style=\"height: 50px\"><\/div>[vc_row_inner][vc_column_inner width=\u00bb1\/6&#8243;][\/vc_column_inner][vc_column_inner width=\u00bb2\/3&#8243;]<div id=\"cz_76448\" class=\"cz_76448 cz_title clr cz_title_pos_inline tac\"><div class=\"cz_title_content\"><div class=\"cz_wpe_content\"><h2 style=\"text-align: center;\"><span style=\"font-weight: 100;\">\u00bfTIENES ALGUNA<\/span> PREGUNTA?<\/h2>\n<\/div><\/div><\/div><div id=\"cz_108260\" class=\"cz_108260 cz_title clr cz_title_pos_inline tac\"><div class=\"cz_title_content\"><div class=\"cz_wpe_content\"><h6 style=\"text-align: center;\"><span style=\"font-size: 20px;\"><strong>Necesitas ayuda con alg\u00fan producto o tienes dudas.<\/strong> Comun\u00edcate con nosotros y te ayudamos a resolverlas<\/span><\/h6>\n<\/div><\/div><\/div><div class=\"cz_gap clr \" style=\"height: 50px\"><\/div><div class=\"cz_btn_center\"><div class=\"cz_38151_p\"><a id=\"cz_38151\" class=\"cz_38151 cz_btn cz_btn_txt_no_fx cz_btn_no_fx\" href=\"#\"><span><strong>Contacto<\/strong><\/span><b class=\"cz_btn_onhover\"><strong>Contacto<\/strong><\/b><\/a><\/div><\/div>[\/vc_column_inner][vc_column_inner width=\u00bb1\/6&#8243;][\/vc_column_inner][\/vc_row_inner]<div class=\"cz_gap clr \" style=\"height: 50px\"><\/div>[\/vc_column][\/vc_row]<\/p>\n<\/section>","protected":false},"excerpt":{"rendered":"<p>[vc_row full_width=\u00bbstretch_row\u00bb][vc_column][vc_row_inner][vc_column_inner width=\u00bb1\/2&#8243;][\/vc_column_inner][vc_column_inner width=\u00bb1\/2&#8243;][\/vc_column_inner][\/vc_row_inner][\/vc_column][\/vc_row][vc_row full_width=\u00bbstretch_row\u00bb equal_height=\u00bbyes\u00bb css=\u00bb.vc_custom_1651632882913{background-position: center !important;background-repeat: no-repeat !important;background-size: &#8230; <\/p>\n","protected":false},"author":3,"featured_media":0,"parent":0,"menu_order":0,"comment_status":"closed","ping_status":"closed","template":"","meta":{"footnotes":""},"class_list":["post-1482","page","type-page","status-publish","hentry"],"aioseo_notices":[],"_links":{"self":[{"href":"http:\/\/gvi.com.mx\/2013\/wp-json\/wp\/v2\/pages\/1482","targetHints":{"allow":["GET"]}}],"collection":[{"href":"http:\/\/gvi.com.mx\/2013\/wp-json\/wp\/v2\/pages"}],"about":[{"href":"http:\/\/gvi.com.mx\/2013\/wp-json\/wp\/v2\/types\/page"}],"author":[{"embeddable":true,"href":"http:\/\/gvi.com.mx\/2013\/wp-json\/wp\/v2\/users\/3"}],"replies":[{"embeddable":true,"href":"http:\/\/gvi.com.mx\/2013\/wp-json\/wp\/v2\/comments?post=1482"}],"version-history":[{"count":5,"href":"http:\/\/gvi.com.mx\/2013\/wp-json\/wp\/v2\/pages\/1482\/revisions"}],"predecessor-version":[{"id":3015,"href":"http:\/\/gvi.com.mx\/2013\/wp-json\/wp\/v2\/pages\/1482\/revisions\/3015"}],"wp:attachment":[{"href":"http:\/\/gvi.com.mx\/2013\/wp-json\/wp\/v2\/media?parent=1482"}],"curies":[{"name":"wp","href":"https:\/\/api.w.org\/{rel}","templated":true}]}}