{"id":1709,"date":"2022-05-23T04:07:59","date_gmt":"2022-05-23T04:07:59","guid":{"rendered":"http:\/\/gvi.com.mx\/2013\/?page_id=1709"},"modified":"2022-08-29T01:19:54","modified_gmt":"2022-08-29T01:19:54","slug":"delicate-daily-moisturizer","status":"publish","type":"page","link":"http:\/\/gvi.com.mx\/2013\/delicate-daily-moisturizer\/","title":{"rendered":"DELICATE DAILY MOISTURIZER"},"content":{"rendered":"<section class=\"wpb-content-wrapper\"><p>[vc_row full_width=\u00bbstretch_row\u00bb][vc_column][vc_row_inner][vc_column_inner width=\u00bb1\/2&#8243;]<div id=\"cz_69755\" class=\"cz_69755 cz_image clr cz_image_no_fx center_on_mobile\"><div class=\"\" ><div class=\"cz_image_in\"><div class=\"cz_main_image\"><img decoding=\"async\" width=\"1080\" height=\"1080\" src=\"data:image\/svg+xml,%3Csvg%20xmlns%3D&#39;http%3A%2F%2Fwww.w3.org%2F2000%2Fsvg&#39;%20width=&#39;1080&#39;%20height=&#39;1080&#39;%20viewBox%3D&#39;0%200%201080%201080&#39;%2F%3E\" data-czlz data-src=\"http:\/\/gvi.com.mx\/2013\/wp-content\/uploads\/2022\/05\/Delicate-Daily-Moisturizer.jpg\" class=\"attachment-full\" alt=\"\" title=\"Delicate-Daily-Moisturizer\" data-srcset=\"http:\/\/gvi.com.mx\/2013\/wp-content\/uploads\/2022\/05\/Delicate-Daily-Moisturizer.jpg 1080w, http:\/\/gvi.com.mx\/2013\/wp-content\/uploads\/2022\/05\/Delicate-Daily-Moisturizer-300x300.jpg 300w, http:\/\/gvi.com.mx\/2013\/wp-content\/uploads\/2022\/05\/Delicate-Daily-Moisturizer-1024x1024.jpg 1024w, http:\/\/gvi.com.mx\/2013\/wp-content\/uploads\/2022\/05\/Delicate-Daily-Moisturizer-150x150.jpg 150w, http:\/\/gvi.com.mx\/2013\/wp-content\/uploads\/2022\/05\/Delicate-Daily-Moisturizer-768x768.jpg 768w, http:\/\/gvi.com.mx\/2013\/wp-content\/uploads\/2022\/05\/Delicate-Daily-Moisturizer-600x600.jpg 600w, http:\/\/gvi.com.mx\/2013\/wp-content\/uploads\/2022\/05\/Delicate-Daily-Moisturizer-100x100.jpg 100w\" data-sizes=\"(max-width: 1080px) 100vw, 1080px\" \/><\/div><\/div><\/div><\/div>[\/vc_column_inner][vc_column_inner width=\u00bb1\/2&#8243;]<div class=\"cz_gap clr \" style=\"height: 50px\"><\/div><div id=\"cz_93779\" class=\"cz_93779 cz_title clr cz_title_pos_inline\"><div class=\"cz_title_content\"><div class=\"cz_wpe_content\"><h6>MAD<\/h6>\n<\/div><\/div><\/div><div id=\"cz_104373\" class=\"cz_104373 cz_title clr cz_title_pos_inline\"><div class=\"cz_title_content\"><div class=\"cz_wpe_content\"><h3>DELICATE DAILY MOISTURIZER<\/h3>\n<\/div><\/div><\/div><div id=\"cz_99973\" class=\"cz_99973 cz_title clr cz_title_pos_inline\"><div class=\"cz_title_content\"><div class=\"cz_wpe_content\"><h6>SKU: 100212<\/h6>\n<\/div><\/div><\/div><div class=\"cz_gap clr \" style=\"height: 25px\"><\/div><div id=\"cz_103824\" class=\"cz_103824 cz_title clr cz_title_pos_inline\"><div class=\"cz_title_content\"><div class=\"cz_wpe_content\"><p><span style=\"color: #666666;\">Humectante ligero dise\u00f1ado para minimizar las irritaciones y ofrecer una adecuada hidrataci\u00f3n a la piel. Con agentes calmantes ideales para la regeneraci\u00f3n de la piel sensible, sin dejar una sensaci\u00f3n grasosa. <\/span><\/p>\n<\/div><\/div><\/div><div class=\"cz_gap clr \" style=\"height: 25px\"><\/div><div id=\"cz_63089\" class=\"cz_63089 cz_title clr cz_title_pos_inline\"><div class=\"cz_title_content\"><div class=\"cz_wpe_content\"><h3>BENEFICIOS<\/h3>\n<\/div><\/div><\/div><div id=\"cz_60097\" class=\"cz_60097 cz_title clr cz_title_pos_inline\"><div class=\"cz_title_content\"><div class=\"cz_wpe_content\"><p><span style=\"color: #666666;\">&#8211; Alivio inmediato para la irritaci\u00f3n<br \/>\n&#8211; Textura ligera, tolerable y no grasosa<br \/>\n&#8211; Humectante adecuado de todo el d\u00eda<br \/>\n&#8211; Apariencia m\u00e1s saludable sin enrojecimiento<br \/>\n&#8211; Calma la irritaci\u00f3n y picaz\u00f3n<br \/>\n&#8211; Sin parabenos ni colorantes qu\u00edmicos <\/span><\/p>\n<\/div><\/div><\/div><div class=\"cz_gap clr \" style=\"height: 25px\"><\/div>[\/vc_column_inner][\/vc_row_inner][\/vc_column][\/vc_row][vc_row][vc_column]<div class=\"cz_gap clr \" style=\"height: 25px\"><\/div>[\/vc_column][\/vc_row][vc_row full_width=\u00bbstretch_row\u00bb equal_height=\u00bbyes\u00bb css=\u00bb.vc_custom_1651632882913{background-position: center !important;background-repeat: no-repeat !important;background-size: cover !important;}\u00bb][vc_column width=\u00bb1\/2&#8243; css=\u00bb.vc_custom_1651546118635{margin-top: 0px !important;margin-right: 0px !important;margin-bottom: 0px !important;margin-left: 0px !important;padding-top: 0px !important;padding-right: 0px !important;padding-bottom: 0px !important;padding-left: 0px !important;}\u00bb offset=\u00bbvc_hidden-sm vc_hidden-xs\u00bb]<div class=\"cz_eqh cz_content_box_parent_fx  \"><div id=\"cz_75676\" class=\"cz_75676 cz_content_box clr\"><div class=\"cz_box_front clr\"><div class=\"cz_box_front_inner clr \"><span><\/span><div><div class=\"cz_gap clr \" style=\"height: 600px\"><\/div><\/div><\/div><\/div><\/div><\/div>[\/vc_column][vc_column width=\u00bb1\/2&#8243; css=\u00bb.vc_custom_1651542516880{padding-top: 50px !important;padding-right: 50px !important;padding-bottom: 50px !important;padding-left: 50px !important;background-color: #f2f2f2 !important;}\u00bb]<div class=\"cz_gap clr \" style=\"height: 50px\"><\/div><div id=\"cz_59455\" class=\"cz_59455 cz_title clr cz_title_pos_inline\"><div class=\"cz_title_content\"><div class=\"cz_wpe_content\"><h3>Solicitar informaci\u00f3n t\u00e9cnica<\/h3>\n<\/div><\/div><\/div><div class=\"cz_gap clr \" style=\"height: 25px\"><\/div><div id=\"cz_23844\" class=\"cz_23844 cz_cf7 clr\"><div>\n<div class=\"wpcf7 no-js\" id=\"wpcf7-f1711-o1\" lang=\"es-ES\" dir=\"ltr\">\n<div class=\"screen-reader-response\"><p role=\"status\" aria-live=\"polite\" aria-atomic=\"true\"><\/p> <ul><\/ul><\/div>\n<form action=\"\/2013\/wp-json\/wp\/v2\/pages\/1709#wpcf7-f1711-o1\" method=\"post\" class=\"wpcf7-form init\" aria-label=\"Formulario de contacto\" novalidate=\"novalidate\" data-status=\"init\">\n<div style=\"display: none;\">\n<input type=\"hidden\" name=\"_wpcf7\" value=\"1711\" \/>\n<input type=\"hidden\" name=\"_wpcf7_version\" value=\"5.8.6\" \/>\n<input type=\"hidden\" name=\"_wpcf7_locale\" value=\"es_ES\" \/>\n<input type=\"hidden\" name=\"_wpcf7_unit_tag\" value=\"wpcf7-f1711-o1\" \/>\n<input type=\"hidden\" name=\"_wpcf7_container_post\" value=\"0\" \/>\n<input type=\"hidden\" name=\"_wpcf7_posted_data_hash\" value=\"\" \/>\n<\/div>\n<p><span class=\"wpcf7-form-control-wrap\" data-name=\"text-name\"><input size=\"40\" class=\"wpcf7-form-control wpcf7-text wpcf7-validates-as-required\" aria-required=\"true\" aria-invalid=\"false\" placeholder=\"Nombre\" value=\"\" type=\"text\" name=\"text-name\" \/><\/span>\n<\/p>\n<p><span class=\"wpcf7-form-control-wrap\" data-name=\"email-558\"><input size=\"40\" class=\"wpcf7-form-control wpcf7-email wpcf7-validates-as-required wpcf7-text wpcf7-validates-as-email\" aria-required=\"true\" aria-invalid=\"false\" placeholder=\"Email\" value=\"\" type=\"email\" name=\"email-558\" \/><\/span>\n<\/p>\n<p><span class=\"wpcf7-form-control-wrap\" data-name=\"tel-32\"><input size=\"40\" class=\"wpcf7-form-control wpcf7-tel wpcf7-validates-as-required wpcf7-text wpcf7-validates-as-tel\" aria-required=\"true\" aria-invalid=\"false\" placeholder=\"Tel\u00e9fono\" value=\"\" type=\"tel\" name=\"tel-32\" \/><\/span>\n<\/p>\n<p><span class=\"wpcf7-form-control-wrap\" data-name=\"your-cedula\"><input size=\"40\" class=\"wpcf7-form-control wpcf7-text wpcf7-validates-as-required\" aria-required=\"true\" aria-invalid=\"false\" placeholder=\"C\u00e9dula profesional\" value=\"\" type=\"text\" name=\"your-cedula\" \/><\/span>\n<\/p>\n<p><span class=\"wpcf7-form-control-wrap\" data-name=\"acceptance-961\"><span class=\"wpcf7-form-control wpcf7-acceptance\"><span class=\"wpcf7-list-item\"><label><input type=\"checkbox\" name=\"acceptance-961\" value=\"1\" aria-invalid=\"false\" \/><span class=\"wpcf7-list-item-label\"><a target=\"_blank\" href=\"http:\/\/gvi.com.mx\/2013\/aviso-de-privacidad\/\">Deseas recibir informaci\u00f3n, noticias y promociones de este producto a tu mail.<\/a><\/span><\/label><\/span><\/span><\/span>\n<\/p>\n<p><input class=\"wpcf7-form-control wpcf7-submit has-spinner\" type=\"submit\" value=\"SOLICITAR\" \/>\n<\/p><div class=\"wpcf7-response-output\" aria-hidden=\"true\"><\/div>\n<\/form>\n<\/div>\n<\/div><\/div>[\/vc_column][\/vc_row][vc_row][vc_column]<div class=\"cz_gap clr \" style=\"height: 50px\"><\/div><div id=\"cz_40737\" class=\"cz_40737 cz_title clr cz_title_pos_inline tac\"><div class=\"cz_title_content\"><div class=\"cz_wpe_content\"><h2 style=\"text-align: center;\">PRODUCTOS\u00a0<span style=\"font-weight: 100;\">RELACIONADOS<\/span><\/h2>\n<\/div><\/div><\/div><div class=\"cz_gap clr \" style=\"height: 50px\"><\/div>[\/vc_column][\/vc_row][vc_row][vc_column][vc_row_inner][vc_column_inner width=\u00bb1\/4&#8243;]<div id=\"cz_22214\" class=\"cz_22214 cz_image clr cz_image_no_fx center_on_mobile\"><div class=\"\" ><div class=\"cz_image_in\"><div class=\"cz_main_image\"><img decoding=\"async\" width=\"1080\" height=\"1080\" src=\"data:image\/svg+xml,%3Csvg%20xmlns%3D&#39;http%3A%2F%2Fwww.w3.org%2F2000%2Fsvg&#39;%20width=&#39;1080&#39;%20height=&#39;1080&#39;%20viewBox%3D&#39;0%200%201080%201080&#39;%2F%3E\" data-czlz data-src=\"http:\/\/gvi.com.mx\/2013\/wp-content\/uploads\/2022\/05\/Delicate-Daily-Moisturizer.jpg\" class=\"attachment-full\" alt=\"\" title=\"Delicate-Daily-Moisturizer\" data-srcset=\"http:\/\/gvi.com.mx\/2013\/wp-content\/uploads\/2022\/05\/Delicate-Daily-Moisturizer.jpg 1080w, http:\/\/gvi.com.mx\/2013\/wp-content\/uploads\/2022\/05\/Delicate-Daily-Moisturizer-300x300.jpg 300w, http:\/\/gvi.com.mx\/2013\/wp-content\/uploads\/2022\/05\/Delicate-Daily-Moisturizer-1024x1024.jpg 1024w, http:\/\/gvi.com.mx\/2013\/wp-content\/uploads\/2022\/05\/Delicate-Daily-Moisturizer-150x150.jpg 150w, http:\/\/gvi.com.mx\/2013\/wp-content\/uploads\/2022\/05\/Delicate-Daily-Moisturizer-768x768.jpg 768w, http:\/\/gvi.com.mx\/2013\/wp-content\/uploads\/2022\/05\/Delicate-Daily-Moisturizer-600x600.jpg 600w, http:\/\/gvi.com.mx\/2013\/wp-content\/uploads\/2022\/05\/Delicate-Daily-Moisturizer-100x100.jpg 100w\" data-sizes=\"(max-width: 1080px) 100vw, 1080px\" \/><\/div><\/div><\/div><\/div><div class=\"cz_gap clr \" style=\"height: 20px\"><\/div><div id=\"cz_45978\" class=\"cz_45978 cz_title clr cz_title_pos_center tac\"><div class=\"cz_title_content\"><div class=\"cz_wpe_content\"><h2 style=\"text-align: center;\">DELICATE DAILY<br \/>\nMOISTURIZER<\/h2>\n<\/div><\/div><\/div><div class=\"cz_gap clr \" style=\"height: 20px\"><\/div><div class=\"cz_btn_center\"><div class=\"cz_41999_p\"><a id=\"cz_41999\" class=\"cz_41999 cz_btn cz_btn_txt_no_fx cz_btn_no_fx\" href=\"http:\/\/gvi.com.mx\/2013\/delicate-daily-moisturizer\/\" title=\"EXFOLIATING GEL CLEANSER\"><span><strong>+Informaci\u00f3n<\/strong><\/span><b class=\"cz_btn_onhover\"><strong>+Informaci\u00f3n<\/strong><\/b><\/a><\/div><\/div>[\/vc_column_inner][vc_column_inner width=\u00bb1\/4&#8243;]<div id=\"cz_32193\" class=\"cz_32193 cz_image clr cz_image_no_fx center_on_mobile\"><div class=\"\" ><div class=\"cz_image_in\"><div class=\"cz_main_image\"><img decoding=\"async\" width=\"1080\" height=\"1080\" src=\"data:image\/svg+xml,%3Csvg%20xmlns%3D&#39;http%3A%2F%2Fwww.w3.org%2F2000%2Fsvg&#39;%20width=&#39;1080&#39;%20height=&#39;1080&#39;%20viewBox%3D&#39;0%200%201080%201080&#39;%2F%3E\" data-czlz data-src=\"http:\/\/gvi.com.mx\/2013\/wp-content\/uploads\/2022\/05\/DELICATE-SKIN-CLEANSING-GEL.jpg\" class=\"attachment-full\" alt=\"\" title=\"DELICATE-SKIN-CLEANSING-GEL\" data-srcset=\"http:\/\/gvi.com.mx\/2013\/wp-content\/uploads\/2022\/05\/DELICATE-SKIN-CLEANSING-GEL.jpg 1080w, http:\/\/gvi.com.mx\/2013\/wp-content\/uploads\/2022\/05\/DELICATE-SKIN-CLEANSING-GEL-300x300.jpg 300w, http:\/\/gvi.com.mx\/2013\/wp-content\/uploads\/2022\/05\/DELICATE-SKIN-CLEANSING-GEL-1024x1024.jpg 1024w, http:\/\/gvi.com.mx\/2013\/wp-content\/uploads\/2022\/05\/DELICATE-SKIN-CLEANSING-GEL-150x150.jpg 150w, http:\/\/gvi.com.mx\/2013\/wp-content\/uploads\/2022\/05\/DELICATE-SKIN-CLEANSING-GEL-768x768.jpg 768w, http:\/\/gvi.com.mx\/2013\/wp-content\/uploads\/2022\/05\/DELICATE-SKIN-CLEANSING-GEL-600x600.jpg 600w, http:\/\/gvi.com.mx\/2013\/wp-content\/uploads\/2022\/05\/DELICATE-SKIN-CLEANSING-GEL-100x100.jpg 100w\" data-sizes=\"(max-width: 1080px) 100vw, 1080px\" \/><\/div><\/div><\/div><\/div><div class=\"cz_gap clr \" style=\"height: 20px\"><\/div><div id=\"cz_108460\" class=\"cz_108460 cz_title clr cz_title_pos_center tac\"><div class=\"cz_title_content\"><div class=\"cz_wpe_content\"><h2 style=\"text-align: center;\">DELICATE SKIN<br \/>\nCLEANSING GEL<\/h2>\n<\/div><\/div><\/div><div class=\"cz_gap clr \" style=\"height: 20px\"><\/div><div class=\"cz_btn_center\"><div class=\"cz_95635_p\"><a id=\"cz_95635\" class=\"cz_95635 cz_btn cz_btn_txt_no_fx cz_btn_no_fx\" href=\"http:\/\/gvi.com.mx\/2013\/delicate-skin-cleansing-gel\/\" title=\"B5 INTENSIVE CR\u00c8ME\"><span><strong>+Informaci\u00f3n<\/strong><\/span><b class=\"cz_btn_onhover\"><strong>+Informaci\u00f3n<\/strong><\/b><\/a><\/div><\/div>[\/vc_column_inner][vc_column_inner width=\u00bb1\/4&#8243;]<div id=\"cz_40926\" class=\"cz_40926 cz_image clr cz_image_no_fx center_on_mobile\"><div class=\"\" ><div class=\"cz_image_in\"><div class=\"cz_main_image\"><img decoding=\"async\" width=\"1080\" height=\"1080\" src=\"data:image\/svg+xml,%3Csvg%20xmlns%3D&#39;http%3A%2F%2Fwww.w3.org%2F2000%2Fsvg&#39;%20width=&#39;1080&#39;%20height=&#39;1080&#39;%20viewBox%3D&#39;0%200%201080%201080&#39;%2F%3E\" data-czlz data-src=\"http:\/\/gvi.com.mx\/2013\/wp-content\/uploads\/2022\/05\/Delicate-Soothing-Night-Cream.jpg\" class=\"attachment-full\" alt=\"\" title=\"Delicate-Soothing-Night-Cream\" data-srcset=\"http:\/\/gvi.com.mx\/2013\/wp-content\/uploads\/2022\/05\/Delicate-Soothing-Night-Cream.jpg 1080w, http:\/\/gvi.com.mx\/2013\/wp-content\/uploads\/2022\/05\/Delicate-Soothing-Night-Cream-300x300.jpg 300w, http:\/\/gvi.com.mx\/2013\/wp-content\/uploads\/2022\/05\/Delicate-Soothing-Night-Cream-1024x1024.jpg 1024w, http:\/\/gvi.com.mx\/2013\/wp-content\/uploads\/2022\/05\/Delicate-Soothing-Night-Cream-150x150.jpg 150w, http:\/\/gvi.com.mx\/2013\/wp-content\/uploads\/2022\/05\/Delicate-Soothing-Night-Cream-768x768.jpg 768w, http:\/\/gvi.com.mx\/2013\/wp-content\/uploads\/2022\/05\/Delicate-Soothing-Night-Cream-600x600.jpg 600w, http:\/\/gvi.com.mx\/2013\/wp-content\/uploads\/2022\/05\/Delicate-Soothing-Night-Cream-100x100.jpg 100w\" data-sizes=\"(max-width: 1080px) 100vw, 1080px\" \/><\/div><\/div><\/div><\/div><div class=\"cz_gap clr \" style=\"height: 20px\"><\/div><div id=\"cz_28035\" class=\"cz_28035 cz_title clr cz_title_pos_center tac\"><div class=\"cz_title_content\"><div class=\"cz_wpe_content\"><h2 style=\"text-align: center;\">DELICATE SOOTHING<br \/>\nNIGHT CREAM<\/h2>\n<\/div><\/div><\/div><div class=\"cz_gap clr \" style=\"height: 20px\"><\/div><div class=\"cz_btn_center\"><div class=\"cz_78333_p\"><a id=\"cz_78333\" class=\"cz_78333 cz_btn cz_btn_txt_no_fx cz_btn_no_fx\" href=\"http:\/\/gvi.com.mx\/2013\/delicate-soothing-night-cream\/\" title=\"RETINOL 1.0 CR\u00c8ME\"><span><strong>+Informaci\u00f3n<\/strong><\/span><b class=\"cz_btn_onhover\"><strong>+Informaci\u00f3n<\/strong><\/b><\/a><\/div><\/div>[\/vc_column_inner][vc_column_inner width=\u00bb1\/4&#8243;]<div id=\"cz_54399\" class=\"cz_54399 cz_image clr cz_image_no_fx center_on_mobile\"><div class=\"\" ><div class=\"cz_image_in\"><div class=\"cz_main_image\"><img decoding=\"async\" width=\"1080\" height=\"1080\" src=\"data:image\/svg+xml,%3Csvg%20xmlns%3D&#39;http%3A%2F%2Fwww.w3.org%2F2000%2Fsvg&#39;%20width=&#39;1080&#39;%20height=&#39;1080&#39;%20viewBox%3D&#39;0%200%201080%201080&#39;%2F%3E\" data-czlz data-src=\"http:\/\/gvi.com.mx\/2013\/wp-content\/uploads\/2022\/05\/redness-rescue.jpg\" class=\"attachment-full\" alt=\"\" title=\"redness-rescue\" data-srcset=\"http:\/\/gvi.com.mx\/2013\/wp-content\/uploads\/2022\/05\/redness-rescue.jpg 1080w, http:\/\/gvi.com.mx\/2013\/wp-content\/uploads\/2022\/05\/redness-rescue-300x300.jpg 300w, http:\/\/gvi.com.mx\/2013\/wp-content\/uploads\/2022\/05\/redness-rescue-1024x1024.jpg 1024w, http:\/\/gvi.com.mx\/2013\/wp-content\/uploads\/2022\/05\/redness-rescue-150x150.jpg 150w, http:\/\/gvi.com.mx\/2013\/wp-content\/uploads\/2022\/05\/redness-rescue-768x768.jpg 768w, http:\/\/gvi.com.mx\/2013\/wp-content\/uploads\/2022\/05\/redness-rescue-600x600.jpg 600w, http:\/\/gvi.com.mx\/2013\/wp-content\/uploads\/2022\/05\/redness-rescue-100x100.jpg 100w\" data-sizes=\"(max-width: 1080px) 100vw, 1080px\" \/><\/div><\/div><\/div><\/div><div class=\"cz_gap clr \" style=\"height: 20px\"><\/div><div id=\"cz_19983\" class=\"cz_19983 cz_title clr cz_title_pos_center tac\"><div class=\"cz_title_content\"><div class=\"cz_wpe_content\"><h2 style=\"text-align: center;\">REDNESS<br \/>\nRESCUE<\/h2>\n<\/div><\/div><\/div><div class=\"cz_gap clr \" style=\"height: 20px\"><\/div><div class=\"cz_btn_center\"><div class=\"cz_44987_p\"><a id=\"cz_44987\" class=\"cz_44987 cz_btn cz_btn_txt_no_fx cz_btn_no_fx\" href=\"http:\/\/gvi.com.mx\/2013\/redness-rescue\/\" title=\"DAY MOISTURIZING CR\u00c8ME\"><span><strong>+Informaci\u00f3n<\/strong><\/span><b class=\"cz_btn_onhover\"><strong>+Informaci\u00f3n<\/strong><\/b><\/a><\/div><\/div>[\/vc_column_inner][\/vc_row_inner]<div class=\"cz_gap clr \" style=\"height: 30px\"><\/div>[\/vc_column][\/vc_row][vc_row full_width=\u00bbstretch_row\u00bb css=\u00bb.vc_custom_1651552258061{background-color: #fce4db !important;}\u00bb][vc_column]<div class=\"cz_gap clr \" style=\"height: 50px\"><\/div>[vc_row_inner][vc_column_inner width=\u00bb1\/6&#8243;][\/vc_column_inner][vc_column_inner width=\u00bb2\/3&#8243;]<div id=\"cz_76448\" class=\"cz_76448 cz_title clr cz_title_pos_inline tac\"><div class=\"cz_title_content\"><div class=\"cz_wpe_content\"><h2 style=\"text-align: center;\"><span style=\"font-weight: 100;\">\u00bfTIENES ALGUNA<\/span> PREGUNTA?<\/h2>\n<\/div><\/div><\/div><div id=\"cz_108260\" class=\"cz_108260 cz_title clr cz_title_pos_inline tac\"><div class=\"cz_title_content\"><div class=\"cz_wpe_content\"><h6 style=\"text-align: center;\"><span style=\"font-size: 20px;\"><strong>Necesitas ayuda con alg\u00fan producto o tienes dudas.<\/strong> Comun\u00edcate con nosotros y te ayudamos a resolverlas<\/span><\/h6>\n<\/div><\/div><\/div><div class=\"cz_gap clr \" style=\"height: 50px\"><\/div><div class=\"cz_btn_center\"><div class=\"cz_38151_p\"><a id=\"cz_38151\" class=\"cz_38151 cz_btn cz_btn_txt_no_fx cz_btn_no_fx\" href=\"#\"><span><strong>Contacto<\/strong><\/span><b class=\"cz_btn_onhover\"><strong>Contacto<\/strong><\/b><\/a><\/div><\/div>[\/vc_column_inner][vc_column_inner width=\u00bb1\/6&#8243;][\/vc_column_inner][\/vc_row_inner]<div class=\"cz_gap clr \" style=\"height: 50px\"><\/div>[\/vc_column][\/vc_row]<\/p>\n<\/section>","protected":false},"excerpt":{"rendered":"<p>[vc_row full_width=\u00bbstretch_row\u00bb][vc_column][vc_row_inner][vc_column_inner width=\u00bb1\/2&#8243;][\/vc_column_inner][vc_column_inner width=\u00bb1\/2&#8243;][\/vc_column_inner][\/vc_row_inner][\/vc_column][\/vc_row][vc_row][vc_column][\/vc_column][\/vc_row][vc_row full_width=\u00bbstretch_row\u00bb equal_height=\u00bbyes\u00bb css=\u00bb.vc_custom_1651632882913{background-position: center !important;background-repeat: no-repeat !important;background-size: &#8230; <\/p>\n","protected":false},"author":3,"featured_media":0,"parent":0,"menu_order":0,"comment_status":"closed","ping_status":"closed","template":"","meta":{"footnotes":""},"class_list":["post-1709","page","type-page","status-publish","hentry"],"aioseo_notices":[],"_links":{"self":[{"href":"http:\/\/gvi.com.mx\/2013\/wp-json\/wp\/v2\/pages\/1709","targetHints":{"allow":["GET"]}}],"collection":[{"href":"http:\/\/gvi.com.mx\/2013\/wp-json\/wp\/v2\/pages"}],"about":[{"href":"http:\/\/gvi.com.mx\/2013\/wp-json\/wp\/v2\/types\/page"}],"author":[{"embeddable":true,"href":"http:\/\/gvi.com.mx\/2013\/wp-json\/wp\/v2\/users\/3"}],"replies":[{"embeddable":true,"href":"http:\/\/gvi.com.mx\/2013\/wp-json\/wp\/v2\/comments?post=1709"}],"version-history":[{"count":1,"href":"http:\/\/gvi.com.mx\/2013\/wp-json\/wp\/v2\/pages\/1709\/revisions"}],"predecessor-version":[{"id":3285,"href":"http:\/\/gvi.com.mx\/2013\/wp-json\/wp\/v2\/pages\/1709\/revisions\/3285"}],"wp:attachment":[{"href":"http:\/\/gvi.com.mx\/2013\/wp-json\/wp\/v2\/media?parent=1709"}],"curies":[{"name":"wp","href":"https:\/\/api.w.org\/{rel}","templated":true}]}}