{"id":2132,"date":"2022-06-29T02:39:56","date_gmt":"2022-06-29T02:39:56","guid":{"rendered":"http:\/\/gvi.com.mx\/2013\/?page_id=2132"},"modified":"2022-08-25T02:48:37","modified_gmt":"2022-08-25T02:48:37","slug":"tizo-2-facial-mineral-sunscreen-spf-40","status":"publish","type":"page","link":"http:\/\/gvi.com.mx\/2013\/tizo-2-facial-mineral-sunscreen-spf-40\/","title":{"rendered":"TiZO 2. Facial Mineral Sunscreen SPF 40"},"content":{"rendered":"<section class=\"wpb-content-wrapper\"><p>[vc_row full_width=\u00bbstretch_row\u00bb][vc_column][vc_row_inner][vc_column_inner width=\u00bb1\/2&#8243;]<div id=\"cz_65067\" class=\"cz_65067 cz_image clr cz_image_no_fx center_on_mobile\"><div class=\"\" ><div class=\"cz_image_in\"><div class=\"cz_main_image\"><img decoding=\"async\" width=\"1080\" height=\"1080\" src=\"data:image\/svg+xml,%3Csvg%20xmlns%3D&#39;http%3A%2F%2Fwww.w3.org%2F2000%2Fsvg&#39;%20width=&#39;1080&#39;%20height=&#39;1080&#39;%20viewBox%3D&#39;0%200%201080%201080&#39;%2F%3E\" data-czlz data-src=\"http:\/\/gvi.com.mx\/2013\/wp-content\/uploads\/2022\/06\/Tizo-2_nueva-imagen.jpg\" class=\"attachment-full\" alt=\"\" title=\"Tizo-2_nueva-imagen\" data-srcset=\"http:\/\/gvi.com.mx\/2013\/wp-content\/uploads\/2022\/06\/Tizo-2_nueva-imagen.jpg 1080w, http:\/\/gvi.com.mx\/2013\/wp-content\/uploads\/2022\/06\/Tizo-2_nueva-imagen-300x300.jpg 300w, http:\/\/gvi.com.mx\/2013\/wp-content\/uploads\/2022\/06\/Tizo-2_nueva-imagen-1024x1024.jpg 1024w, http:\/\/gvi.com.mx\/2013\/wp-content\/uploads\/2022\/06\/Tizo-2_nueva-imagen-150x150.jpg 150w, http:\/\/gvi.com.mx\/2013\/wp-content\/uploads\/2022\/06\/Tizo-2_nueva-imagen-768x768.jpg 768w, http:\/\/gvi.com.mx\/2013\/wp-content\/uploads\/2022\/06\/Tizo-2_nueva-imagen-600x600.jpg 600w\" data-sizes=\"(max-width: 1080px) 100vw, 1080px\" \/><\/div><\/div><\/div><\/div>[\/vc_column_inner][vc_column_inner width=\u00bb1\/2&#8243;]<div class=\"cz_gap clr \" style=\"height: 50px\"><\/div><div id=\"cz_106443\" class=\"cz_106443 cz_title clr cz_title_pos_inline\"><div class=\"cz_title_content\"><div class=\"cz_wpe_content\"><h3>TiZO 2<\/h3>\n<\/div><\/div><\/div><div id=\"cz_99973\" class=\"cz_99973 cz_title clr cz_title_pos_inline\"><div class=\"cz_title_content\"><div class=\"cz_wpe_content\"><h6>SKU: 100212<\/h6>\n<\/div><\/div><\/div><div class=\"cz_gap clr \" style=\"height: 25px\"><\/div><div id=\"cz_25425\" class=\"cz_25425 cz_title clr cz_title_pos_inline\"><div class=\"cz_title_content\"><div class=\"cz_wpe_content\"><p><span style=\"color: #666666;\">Protector solar facial con textura sedosa de efecto mate. Protecci\u00f3n, SPF40 100% mineral y resistente al agua.<br \/>\nSus minerales micronizados ultrarefinados se distribuyen de manera uniforme sin dejar residuos y crean una capa invisible que protege tu piel del da\u00f1o solar con el m\u00e1s avanzado sistema de protecci\u00f3n Age Defying Fusion.<br \/>\n<\/span><\/p>\n<\/div><\/div><\/div>[\/vc_column_inner][\/vc_row_inner][\/vc_column][\/vc_row][vc_row][vc_column]<div class=\"cz_gap clr \" style=\"height: 25px\"><\/div>[\/vc_column][\/vc_row][vc_row full_width=\u00bbstretch_row\u00bb equal_height=\u00bbyes\u00bb css=\u00bb.vc_custom_1651632882913{background-position: center !important;background-repeat: no-repeat !important;background-size: cover !important;}\u00bb][vc_column width=\u00bb1\/2&#8243; css=\u00bb.vc_custom_1651546118635{margin-top: 0px !important;margin-right: 0px !important;margin-bottom: 0px !important;margin-left: 0px !important;padding-top: 0px !important;padding-right: 0px !important;padding-bottom: 0px !important;padding-left: 0px !important;}\u00bb offset=\u00bbvc_hidden-sm vc_hidden-xs\u00bb]<div class=\"cz_eqh cz_content_box_parent_fx  \"><div id=\"cz_75676\" class=\"cz_75676 cz_content_box clr\"><div class=\"cz_box_front clr\"><div class=\"cz_box_front_inner clr \"><span><\/span><div><div class=\"cz_gap clr \" style=\"height: 600px\"><\/div><\/div><\/div><\/div><\/div><\/div>[\/vc_column][vc_column width=\u00bb1\/2&#8243; css=\u00bb.vc_custom_1651542516880{padding-top: 50px !important;padding-right: 50px !important;padding-bottom: 50px !important;padding-left: 50px !important;background-color: #f2f2f2 !important;}\u00bb]<div class=\"cz_gap clr \" style=\"height: 50px\"><\/div><div id=\"cz_59455\" class=\"cz_59455 cz_title clr cz_title_pos_inline\"><div class=\"cz_title_content\"><div class=\"cz_wpe_content\"><h3>Solicitar informaci\u00f3n t\u00e9cnica<\/h3>\n<\/div><\/div><\/div><div class=\"cz_gap clr \" style=\"height: 25px\"><\/div><div id=\"cz_22350\" class=\"cz_22350 cz_cf7 clr\"><div>\n<div class=\"wpcf7 no-js\" id=\"wpcf7-f2133-o1\" lang=\"es-ES\" dir=\"ltr\">\n<div class=\"screen-reader-response\"><p role=\"status\" aria-live=\"polite\" aria-atomic=\"true\"><\/p> <ul><\/ul><\/div>\n<form action=\"\/2013\/wp-json\/wp\/v2\/pages\/2132#wpcf7-f2133-o1\" method=\"post\" class=\"wpcf7-form init\" aria-label=\"Formulario de contacto\" novalidate=\"novalidate\" data-status=\"init\">\n<div style=\"display: none;\">\n<input type=\"hidden\" name=\"_wpcf7\" value=\"2133\" \/>\n<input type=\"hidden\" name=\"_wpcf7_version\" value=\"5.8.6\" \/>\n<input type=\"hidden\" name=\"_wpcf7_locale\" value=\"es_ES\" \/>\n<input type=\"hidden\" name=\"_wpcf7_unit_tag\" value=\"wpcf7-f2133-o1\" \/>\n<input type=\"hidden\" name=\"_wpcf7_container_post\" value=\"0\" \/>\n<input type=\"hidden\" name=\"_wpcf7_posted_data_hash\" value=\"\" \/>\n<\/div>\n<p><span class=\"wpcf7-form-control-wrap\" data-name=\"text-name\"><input size=\"40\" class=\"wpcf7-form-control wpcf7-text wpcf7-validates-as-required\" aria-required=\"true\" aria-invalid=\"false\" placeholder=\"Nombre\" value=\"\" type=\"text\" name=\"text-name\" \/><\/span>\n<\/p>\n<p><span class=\"wpcf7-form-control-wrap\" data-name=\"email-558\"><input size=\"40\" class=\"wpcf7-form-control wpcf7-email wpcf7-validates-as-required wpcf7-text wpcf7-validates-as-email\" aria-required=\"true\" aria-invalid=\"false\" placeholder=\"Email\" value=\"\" type=\"email\" name=\"email-558\" \/><\/span>\n<\/p>\n<p><span class=\"wpcf7-form-control-wrap\" data-name=\"tel-32\"><input size=\"40\" class=\"wpcf7-form-control wpcf7-tel wpcf7-validates-as-required wpcf7-text wpcf7-validates-as-tel\" aria-required=\"true\" aria-invalid=\"false\" placeholder=\"Tel\u00e9fono\" value=\"\" type=\"tel\" name=\"tel-32\" \/><\/span>\n<\/p>\n<p><span class=\"wpcf7-form-control-wrap\" data-name=\"your-cedula\"><input size=\"40\" class=\"wpcf7-form-control wpcf7-text wpcf7-validates-as-required\" aria-required=\"true\" aria-invalid=\"false\" placeholder=\"C\u00e9dula profesional\" value=\"\" type=\"text\" name=\"your-cedula\" \/><\/span>\n<\/p>\n<p><span class=\"wpcf7-form-control-wrap\" data-name=\"acceptance-961\"><span class=\"wpcf7-form-control wpcf7-acceptance\"><span class=\"wpcf7-list-item\"><label><input type=\"checkbox\" name=\"acceptance-961\" value=\"1\" aria-invalid=\"false\" \/><span class=\"wpcf7-list-item-label\"><a target=\"_blank\" href=\"http:\/\/gvi.com.mx\/2013\/aviso-de-privacidad\/\">Deseas recibir informaci\u00f3n, noticias y promociones de este producto a tu mail.<\/a><\/span><\/label><\/span><\/span><\/span>\n<\/p>\n<p><input class=\"wpcf7-form-control wpcf7-submit has-spinner\" type=\"submit\" value=\"SOLICITAR\" \/>\n<\/p><div class=\"wpcf7-response-output\" aria-hidden=\"true\"><\/div>\n<\/form>\n<\/div>\n<\/div><\/div>[\/vc_column][\/vc_row][vc_row][vc_column]<div class=\"cz_gap clr \" style=\"height: 50px\"><\/div><div id=\"cz_67239\" class=\"cz_67239 cz_title clr cz_title_pos_inline tac\"><div class=\"cz_title_content\"><div class=\"cz_wpe_content\"><h2 style=\"text-align: center;\">PRODUCTOS<span style=\"font-weight: 100;\">RELACIONADOS<\/span><\/h2>\n<\/div><\/div><\/div><div class=\"cz_gap clr \" style=\"height: 50px\"><\/div>[\/vc_column][\/vc_row][vc_row][vc_column offset=\u00bbvc_hidden-sm vc_hidden-xs\u00bb][vc_row_inner][vc_column_inner width=\u00bb1\/4&#8243;]<div id=\"cz_57878\" class=\"cz_57878 cz_image clr cz_image_no_fx center_on_mobile\"><div class=\"\" ><div class=\"cz_image_in\"><div class=\"cz_main_image\"><img decoding=\"async\" width=\"1080\" height=\"1080\" src=\"data:image\/svg+xml,%3Csvg%20xmlns%3D&#39;http%3A%2F%2Fwww.w3.org%2F2000%2Fsvg&#39;%20width=&#39;1080&#39;%20height=&#39;1080&#39;%20viewBox%3D&#39;0%200%201080%201080&#39;%2F%3E\" data-czlz data-src=\"http:\/\/gvi.com.mx\/2013\/wp-content\/uploads\/2022\/06\/Tizo-body_Nueva-imagen.jpg\" class=\"attachment-full\" alt=\"\" title=\"Tizo-body_Nueva-imagen\" data-srcset=\"http:\/\/gvi.com.mx\/2013\/wp-content\/uploads\/2022\/06\/Tizo-body_Nueva-imagen.jpg 1080w, http:\/\/gvi.com.mx\/2013\/wp-content\/uploads\/2022\/06\/Tizo-body_Nueva-imagen-300x300.jpg 300w, http:\/\/gvi.com.mx\/2013\/wp-content\/uploads\/2022\/06\/Tizo-body_Nueva-imagen-1024x1024.jpg 1024w, http:\/\/gvi.com.mx\/2013\/wp-content\/uploads\/2022\/06\/Tizo-body_Nueva-imagen-150x150.jpg 150w, http:\/\/gvi.com.mx\/2013\/wp-content\/uploads\/2022\/06\/Tizo-body_Nueva-imagen-768x768.jpg 768w, http:\/\/gvi.com.mx\/2013\/wp-content\/uploads\/2022\/06\/Tizo-body_Nueva-imagen-600x600.jpg 600w\" data-sizes=\"(max-width: 1080px) 100vw, 1080px\" \/><\/div><\/div><\/div><\/div><div class=\"cz_gap clr \" style=\"height: 20px\"><\/div><div id=\"cz_29475\" class=\"cz_29475 cz_title clr cz_title_pos_center tac\"><div class=\"cz_title_content\"><div class=\"cz_wpe_content\"><h2 style=\"text-align: center;\">Tizo Body Ultra Zinc<\/h2>\n<\/div><\/div><\/div><div class=\"cz_gap clr \" style=\"height: 20px\"><\/div><div class=\"cz_btn_center\"><div class=\"cz_51573_p\"><a id=\"cz_51573\" class=\"cz_51573 cz_btn cz_btn_txt_no_fx cz_btn_no_fx\" href=\"http:\/\/gvi.com.mx\/2013\/tizo-ultra-sensitive-sun-protection-spf-40\/\" title=\"SUPREME SERUM FERULIC\"><span><strong>+Informaci\u00f3n<\/strong><\/span><b class=\"cz_btn_onhover\"><strong>+Informaci\u00f3n<\/strong><\/b><\/a><\/div><\/div>[\/vc_column_inner][vc_column_inner width=\u00bb1\/4&#8243;]<div id=\"cz_22832\" class=\"cz_22832 cz_image clr cz_image_no_fx center_on_mobile\"><div class=\"\" ><div class=\"cz_image_in\"><div class=\"cz_main_image\"><img decoding=\"async\" width=\"1080\" height=\"1080\" src=\"data:image\/svg+xml,%3Csvg%20xmlns%3D&#39;http%3A%2F%2Fwww.w3.org%2F2000%2Fsvg&#39;%20width=&#39;1080&#39;%20height=&#39;1080&#39;%20viewBox%3D&#39;0%200%201080%201080&#39;%2F%3E\" data-czlz data-src=\"http:\/\/gvi.com.mx\/2013\/wp-content\/uploads\/2022\/06\/EyeRenewalTube_10.22.jpg\" class=\"attachment-full\" alt=\"\" title=\"EyeRenewalTube_10.22\" data-srcset=\"http:\/\/gvi.com.mx\/2013\/wp-content\/uploads\/2022\/06\/EyeRenewalTube_10.22.jpg 1080w, http:\/\/gvi.com.mx\/2013\/wp-content\/uploads\/2022\/06\/EyeRenewalTube_10.22-300x300.jpg 300w, http:\/\/gvi.com.mx\/2013\/wp-content\/uploads\/2022\/06\/EyeRenewalTube_10.22-1024x1024.jpg 1024w, http:\/\/gvi.com.mx\/2013\/wp-content\/uploads\/2022\/06\/EyeRenewalTube_10.22-150x150.jpg 150w, http:\/\/gvi.com.mx\/2013\/wp-content\/uploads\/2022\/06\/EyeRenewalTube_10.22-768x768.jpg 768w, http:\/\/gvi.com.mx\/2013\/wp-content\/uploads\/2022\/06\/EyeRenewalTube_10.22-600x600.jpg 600w\" data-sizes=\"(max-width: 1080px) 100vw, 1080px\" \/><\/div><\/div><\/div><\/div><div class=\"cz_gap clr \" style=\"height: 20px\"><\/div><div id=\"cz_73480\" class=\"cz_73480 cz_title clr cz_title_pos_center tac\"><div class=\"cz_title_content\"><div class=\"cz_wpe_content\"><h2 style=\"text-align: center;\">Tizo Eye Renewal<\/h2>\n<\/div><\/div><\/div><div class=\"cz_gap clr \" style=\"height: 20px\"><\/div><div class=\"cz_btn_center\"><div class=\"cz_11281_p\"><a id=\"cz_11281\" class=\"cz_11281 cz_btn cz_btn_txt_no_fx cz_btn_no_fx\" href=\"http:\/\/gvi.com.mx\/2013\/?page_id=2139&preview=true\" title=\"SUPREME SERUM 20\"><span><strong>+Informaci\u00f3n<\/strong><\/span><b class=\"cz_btn_onhover\"><strong>+Informaci\u00f3n<\/strong><\/b><\/a><\/div><\/div>[\/vc_column_inner][vc_column_inner width=\u00bb1\/4&#8243;]<div id=\"cz_99133\" class=\"cz_99133 cz_image clr cz_image_no_fx center_on_mobile\"><div class=\"\" ><div class=\"cz_image_in\"><div class=\"cz_main_image\"><img decoding=\"async\" width=\"1080\" height=\"1080\" src=\"data:image\/svg+xml,%3Csvg%20xmlns%3D&#39;http%3A%2F%2Fwww.w3.org%2F2000%2Fsvg&#39;%20width=&#39;1080&#39;%20height=&#39;1080&#39;%20viewBox%3D&#39;0%200%201080%201080&#39;%2F%3E\" data-czlz data-src=\"http:\/\/gvi.com.mx\/2013\/wp-content\/uploads\/2022\/06\/Tizo-2_nueva-imagen.jpg\" class=\"attachment-full\" alt=\"\" title=\"Tizo-2_nueva-imagen\" data-srcset=\"http:\/\/gvi.com.mx\/2013\/wp-content\/uploads\/2022\/06\/Tizo-2_nueva-imagen.jpg 1080w, http:\/\/gvi.com.mx\/2013\/wp-content\/uploads\/2022\/06\/Tizo-2_nueva-imagen-300x300.jpg 300w, http:\/\/gvi.com.mx\/2013\/wp-content\/uploads\/2022\/06\/Tizo-2_nueva-imagen-1024x1024.jpg 1024w, http:\/\/gvi.com.mx\/2013\/wp-content\/uploads\/2022\/06\/Tizo-2_nueva-imagen-150x150.jpg 150w, http:\/\/gvi.com.mx\/2013\/wp-content\/uploads\/2022\/06\/Tizo-2_nueva-imagen-768x768.jpg 768w, http:\/\/gvi.com.mx\/2013\/wp-content\/uploads\/2022\/06\/Tizo-2_nueva-imagen-600x600.jpg 600w\" data-sizes=\"(max-width: 1080px) 100vw, 1080px\" \/><\/div><\/div><\/div><\/div><div class=\"cz_gap clr \" style=\"height: 20px\"><\/div><div id=\"cz_53212\" class=\"cz_53212 cz_title clr cz_title_pos_center tac\"><div class=\"cz_title_content\"><div class=\"cz_wpe_content\"><h2 style=\"text-align: center;\">TIZO 2<\/h2>\n<\/div><\/div><\/div><div class=\"cz_gap clr \" style=\"height: 20px\"><\/div><div class=\"cz_btn_center\"><div class=\"cz_98003_p\"><a id=\"cz_98003\" class=\"cz_98003 cz_btn cz_btn_txt_no_fx cz_btn_no_fx\" href=\"http:\/\/gvi.com.mx\/2013\/tizo-2-facial-mineral-sunscreen-spf-40\/\" title=\"SUPREME SERUM PHLORETIN\"><span><strong>+Informaci\u00f3n<\/strong><\/span><b class=\"cz_btn_onhover\"><strong>+Informaci\u00f3n<\/strong><\/b><\/a><\/div><\/div>[\/vc_column_inner][vc_column_inner width=\u00bb1\/4&#8243;]<div id=\"cz_59526\" class=\"cz_59526 cz_image clr cz_image_no_fx center_on_mobile\"><div class=\"\" ><div class=\"cz_image_in\"><div class=\"cz_main_image\"><img decoding=\"async\" width=\"1080\" height=\"1080\" src=\"data:image\/svg+xml,%3Csvg%20xmlns%3D&#39;http%3A%2F%2Fwww.w3.org%2F2000%2Fsvg&#39;%20width=&#39;1080&#39;%20height=&#39;1080&#39;%20viewBox%3D&#39;0%200%201080%201080&#39;%2F%3E\" data-czlz data-src=\"http:\/\/gvi.com.mx\/2013\/wp-content\/uploads\/2022\/06\/Tizo-3_nueva-imagen.jpg\" class=\"attachment-full\" alt=\"\" title=\"Tizo-3_nueva-imagen\" data-srcset=\"http:\/\/gvi.com.mx\/2013\/wp-content\/uploads\/2022\/06\/Tizo-3_nueva-imagen.jpg 1080w, http:\/\/gvi.com.mx\/2013\/wp-content\/uploads\/2022\/06\/Tizo-3_nueva-imagen-300x300.jpg 300w, http:\/\/gvi.com.mx\/2013\/wp-content\/uploads\/2022\/06\/Tizo-3_nueva-imagen-1024x1024.jpg 1024w, http:\/\/gvi.com.mx\/2013\/wp-content\/uploads\/2022\/06\/Tizo-3_nueva-imagen-150x150.jpg 150w, http:\/\/gvi.com.mx\/2013\/wp-content\/uploads\/2022\/06\/Tizo-3_nueva-imagen-768x768.jpg 768w, http:\/\/gvi.com.mx\/2013\/wp-content\/uploads\/2022\/06\/Tizo-3_nueva-imagen-600x600.jpg 600w\" data-sizes=\"(max-width: 1080px) 100vw, 1080px\" \/><\/div><\/div><\/div><\/div><div class=\"cz_gap clr \" style=\"height: 20px\"><\/div><div id=\"cz_53212\" class=\"cz_53212 cz_title clr cz_title_pos_center tac\"><div class=\"cz_title_content\"><div class=\"cz_wpe_content\"><h2 style=\"text-align: center;\">TIZO 3<\/h2>\n<\/div><\/div><\/div><div class=\"cz_gap clr \" style=\"height: 20px\"><\/div><div class=\"cz_btn_center\"><div class=\"cz_60393_p\"><a id=\"cz_60393\" class=\"cz_60393 cz_btn cz_btn_txt_no_fx cz_btn_no_fx\" href=\"http:\/\/gvi.com.mx\/2013\/tizo-3-protector-solar-100-mineral-spf40-con-color-textura-sedosa-y-acabado-mate\/\" title=\"SUPREME EYE C5\"><span><strong>+Informaci\u00f3n<\/strong><\/span><b class=\"cz_btn_onhover\"><strong>+Informaci\u00f3n<\/strong><\/b><\/a><\/div><\/div>[\/vc_column_inner][\/vc_row_inner]<div class=\"cz_gap clr \" style=\"height: 30px\"><\/div>[\/vc_column][\/vc_row][vc_row full_width=\u00bbstretch_row\u00bb css=\u00bb.vc_custom_1651552258061{background-color: #fce4db !important;}\u00bb][vc_column]<div class=\"cz_gap clr \" style=\"height: 50px\"><\/div>[vc_row_inner][vc_column_inner width=\u00bb1\/6&#8243;][\/vc_column_inner][vc_column_inner width=\u00bb2\/3&#8243;]<div id=\"cz_76448\" class=\"cz_76448 cz_title clr cz_title_pos_inline tac\"><div class=\"cz_title_content\"><div class=\"cz_wpe_content\"><h2 style=\"text-align: center;\"><span style=\"font-weight: 100;\">\u00bfTIENES ALGUNA<\/span> PREGUNTA?<\/h2>\n<\/div><\/div><\/div><div id=\"cz_108260\" class=\"cz_108260 cz_title clr cz_title_pos_inline tac\"><div class=\"cz_title_content\"><div class=\"cz_wpe_content\"><h6 style=\"text-align: center;\"><span style=\"font-size: 20px;\"><strong>Necesitas ayuda con alg\u00fan producto o tienes dudas.<\/strong> Comun\u00edcate con nosotros y te ayudamos a resolverlas<\/span><\/h6>\n<\/div><\/div><\/div><div class=\"cz_gap clr \" style=\"height: 50px\"><\/div><div class=\"cz_btn_center\"><div class=\"cz_38151_p\"><a id=\"cz_38151\" class=\"cz_38151 cz_btn cz_btn_txt_no_fx cz_btn_no_fx\" href=\"#\"><span><strong>Contacto<\/strong><\/span><b class=\"cz_btn_onhover\"><strong>Contacto<\/strong><\/b><\/a><\/div><\/div>[\/vc_column_inner][vc_column_inner width=\u00bb1\/6&#8243;][\/vc_column_inner][\/vc_row_inner]<div class=\"cz_gap clr \" style=\"height: 50px\"><\/div>[\/vc_column][\/vc_row]<\/p>\n<\/section>","protected":false},"excerpt":{"rendered":"<p>[vc_row full_width=\u00bbstretch_row\u00bb][vc_column][vc_row_inner][vc_column_inner width=\u00bb1\/2&#8243;][\/vc_column_inner][vc_column_inner width=\u00bb1\/2&#8243;][\/vc_column_inner][\/vc_row_inner][\/vc_column][\/vc_row][vc_row][vc_column][\/vc_column][\/vc_row][vc_row full_width=\u00bbstretch_row\u00bb equal_height=\u00bbyes\u00bb css=\u00bb.vc_custom_1651632882913{background-position: center !important;background-repeat: no-repeat !important;background-size: &#8230; <\/p>\n","protected":false},"author":3,"featured_media":0,"parent":0,"menu_order":0,"comment_status":"closed","ping_status":"closed","template":"","meta":{"footnotes":""},"class_list":["post-2132","page","type-page","status-publish","hentry"],"aioseo_notices":[],"_links":{"self":[{"href":"http:\/\/gvi.com.mx\/2013\/wp-json\/wp\/v2\/pages\/2132","targetHints":{"allow":["GET"]}}],"collection":[{"href":"http:\/\/gvi.com.mx\/2013\/wp-json\/wp\/v2\/pages"}],"about":[{"href":"http:\/\/gvi.com.mx\/2013\/wp-json\/wp\/v2\/types\/page"}],"author":[{"embeddable":true,"href":"http:\/\/gvi.com.mx\/2013\/wp-json\/wp\/v2\/users\/3"}],"replies":[{"embeddable":true,"href":"http:\/\/gvi.com.mx\/2013\/wp-json\/wp\/v2\/comments?post=2132"}],"version-history":[{"count":6,"href":"http:\/\/gvi.com.mx\/2013\/wp-json\/wp\/v2\/pages\/2132\/revisions"}],"predecessor-version":[{"id":2899,"href":"http:\/\/gvi.com.mx\/2013\/wp-json\/wp\/v2\/pages\/2132\/revisions\/2899"}],"wp:attachment":[{"href":"http:\/\/gvi.com.mx\/2013\/wp-json\/wp\/v2\/media?parent=2132"}],"curies":[{"name":"wp","href":"https:\/\/api.w.org\/{rel}","templated":true}]}}