{"id":962,"date":"2022-05-09T20:27:29","date_gmt":"2022-05-09T20:27:29","guid":{"rendered":"http:\/\/gvi.com.mx\/2013\/?page_id=962"},"modified":"2024-06-21T17:29:56","modified_gmt":"2024-06-21T17:29:56","slug":"skin-care","status":"publish","type":"page","link":"http:\/\/gvi.com.mx\/2013\/skin-care\/","title":{"rendered":"SKIN SCIENCE"},"content":{"rendered":"<section class=\"wpb-content-wrapper\"><p>[vc_row full_width=\u00bbstretch_row\u00bb equal_height=\u00bbyes\u00bb css=\u00bb.vc_custom_1658518035030{background-image: url(http:\/\/gvi.com.mx\/2013\/wp-content\/uploads\/2022\/07\/skincare-1.jpg?id=2760) !important;background-position: center !important;background-repeat: no-repeat !important;background-size: cover !important;}\u00bb][vc_column]<div class=\"cz_gap clr \" style=\"height: 120px\"><\/div>[vc_row_inner][vc_column_inner width=\u00bb1\/2&#8243;]<div id=\"cz_102286\" class=\"cz_102286 cz_title clr cz_title_pos_inline\"><div class=\"cz_title_content\"><div class=\"cz_wpe_content\"><h6>GVI<\/h6>\n<\/div><\/div><\/div>[vc_separator color=\u00bbwhite\u00bb align=\u00bbalign_left\u00bb border_width=\u00bb10&#8243; el_width=\u00bb10&#8243;]<div id=\"cz_64995\" class=\"cz_64995 cz_title clr cz_title_pos_inline\"><div class=\"cz_title_content\"><div class=\"cz_wpe_content\"><h2>SKINCARE<\/h2>\n<\/div><\/div><\/div><div id=\"cz_63997\" class=\"cz_63997 cz_title clr cz_title_pos_inline\"><div class=\"cz_title_content\"><div class=\"cz_wpe_content\"><h6>L\u00edneas premium y exclusivas para el cuidado de la piel, enfocadas en antienvejecimiento, hiperpigmentaci\u00f3n, protecci\u00f3n solar, piel sensible, acn\u00e9 y clean beauty.<\/h6>\n<\/div><\/div><\/div><div class=\"cz_gap clr \" style=\"height: 35px\"><\/div>[\/vc_column_inner][vc_column_inner width=\u00bb1\/2&#8243;][\/vc_column_inner][\/vc_row_inner]<div class=\"cz_gap clr \" style=\"height: 120px\"><\/div>[\/vc_column][\/vc_row][vc_row full_width=\u00bbstretch_row\u00bb css=\u00bb.vc_custom_1658520346388{margin-top: 0px !important;margin-right: 0px !important;margin-bottom: 0px !important;margin-left: 0px !important;background-color: #ff5e17 !important;}\u00bb][vc_column]<div class=\"cz_gap clr \" style=\"height: 50px\"><\/div><div id=\"cz_102178\" class=\"cz_102178 cz_title clr cz_title_pos_center tac\"><div class=\"cz_title_content\"><div class=\"cz_wpe_content\"><h6 style=\"text-align: center;\">Sabemos que cada piel es \u00fanica y diferente<\/h6>\n<p style=\"text-align: center;\"><span style=\"color: #ffffff;\">Es por eso que hemos pensado en los mejores productos para cada tipo de piel y el cuidado personal.<\/span><\/p>\n<\/div><\/div><\/div><div class=\"cz_gap clr \" style=\"height: 50px\"><\/div>[\/vc_column][\/vc_row][vc_row full_width=\u00bbstretch_row\u00bb full_height=\u00bbyes\u00bb equal_height=\u00bbyes\u00bb][vc_column]<div class=\"cz_gap clr \" style=\"height: 25px\"><\/div>[vc_row_inner equal_height=\u00bbyes\u00bb gap=\u00bb5&#8243; css=\u00bb.vc_custom_1659465233148{margin-top: 20px !important;}\u00bb][vc_column_inner width=\u00bb1\/3&#8243; css=\u00bb.vc_custom_1659465252209{background-color: #f2f2f2 !important;}\u00bb]<div id=\"cz_34303\" class=\"cz_34303 cz_banner clr\">\n\t\t\t<figure class=\"effect-style2\">\n\t\t\t\t<img decoding=\"async\" width=\"320\" height=\"315\" src=\"data:image\/svg+xml,%3Csvg%20xmlns%3D&#39;http%3A%2F%2Fwww.w3.org%2F2000%2Fsvg&#39;%20width=&#39;320&#39;%20height=&#39;315&#39;%20viewBox%3D&#39;0%200%20320%20315&#39;%2F%3E\" data-czlz data-src=\"http:\/\/gvi.com.mx\/2013\/wp-content\/uploads\/2022\/09\/css.png\" class=\"attachment-full\" alt=\"\" title=\"css\" data-srcset=\"http:\/\/gvi.com.mx\/2013\/wp-content\/uploads\/2022\/09\/css.png 320w, http:\/\/gvi.com.mx\/2013\/wp-content\/uploads\/2022\/09\/css-300x295.png 300w\" data-sizes=\"(max-width: 320px) 100vw, 320px\" \/>\n\t\t\t\t<figcaption><div><h4><\/h4><\/div><a href=\"http:\/\/gvi.com.mx\/2013\/css\/\" title=\"skin care\"> <\/a><\/figcaption>\t\t\t\n\t\t\t<\/figure>\n\t\t<\/div><div class=\"cz_gap clr \" style=\"height: 20px\"><\/div><div id=\"cz_40340\" class=\"cz_40340 cz_title clr cz_smart_fs cz_mobile_text_center cz_title_pos_block\"><div class=\"cz_title_content\"><div class=\"cz_wpe_content\"><p>Ofrece uno de los cat\u00e1logos m\u00e1s completos para el tratamiento especializado de la piel. Cuenta con una amplia gama de sueros concentrados de grado cl\u00ednico que combaten distintas condiciones de la piel como las l\u00edneas finas, arrugas, flacidez, fotoda\u00f1o, entre otras.<\/p>\n<\/div><\/div><\/div><div class=\"cz_gap clr \" style=\"height: 58px\"><\/div><div class=\"cz_btn_center\"><div class=\"cz_67987_p\"><a id=\"cz_67987\" class=\"cz_67987 cz_btn cz_btn_txt_no_fx cz_btn_no_fx\" href=\"http:\/\/gvi.com.mx\/2013\/css\/\" title=\"contacto\"><span><strong>VER M\u00c1S<\/strong><\/span><b class=\"cz_btn_onhover\"><strong>VER M\u00c1S<\/strong><\/b><\/a><\/div><\/div><div class=\"cz_gap clr \" style=\"height: 20px\"><\/div>[\/vc_column_inner][vc_column_inner width=\u00bb1\/3&#8243; css=\u00bb.vc_custom_1659465267756{background-color: #f2f2f2 !important;}\u00bb]<div id=\"cz_88290\" class=\"cz_88290 cz_banner clr\">\n\t\t\t<figure class=\"effect-style2\">\n\t\t\t\t<img decoding=\"async\" width=\"320\" height=\"315\" src=\"data:image\/svg+xml,%3Csvg%20xmlns%3D&#39;http%3A%2F%2Fwww.w3.org%2F2000%2Fsvg&#39;%20width=&#39;320&#39;%20height=&#39;315&#39;%20viewBox%3D&#39;0%200%20320%20315&#39;%2F%3E\" data-czlz data-src=\"http:\/\/gvi.com.mx\/2013\/wp-content\/uploads\/2022\/09\/medicalia.png\" class=\"attachment-full\" alt=\"\" title=\"medicalia\" data-srcset=\"http:\/\/gvi.com.mx\/2013\/wp-content\/uploads\/2022\/09\/medicalia.png 320w, http:\/\/gvi.com.mx\/2013\/wp-content\/uploads\/2022\/09\/medicalia-300x295.png 300w\" data-sizes=\"(max-width: 320px) 100vw, 320px\" \/>\n\t\t\t\t<figcaption><div><h4><\/h4><\/div><a href=\"http:\/\/gvi.com.mx\/2013\/medicalia\/\" title=\"SKINBAR\"> <\/a><\/figcaption>\t\t\t\n\t\t\t<\/figure>\n\t\t<\/div><div class=\"cz_gap clr \" style=\"height: 20px\"><\/div><div id=\"cz_86219\" class=\"cz_86219 cz_title clr cz_title_pos_block\"><div class=\"cz_title_content\"><div class=\"cz_wpe_content\"><p>Tecnolog\u00eda biomim\u00e9tica que potencializa la penetraci\u00f3n de los ingredientes en la piel, sin causar irritaci\u00f3n y con un alto nivel de humectaci\u00f3n. Refuerza las defensas de la dermis combatiendo el antienvejecimiento, la hiperpigmentaci\u00f3n, el acn\u00e9 y mejora la recuperaci\u00f3n post operatoria de la piel.<\/p>\n<\/div><\/div><\/div><div class=\"cz_gap clr \" style=\"height: 10px\"><\/div><div class=\"cz_btn_center\"><div class=\"cz_59692_p\"><a id=\"cz_59692\" class=\"cz_59692 cz_btn cz_btn_txt_no_fx cz_btn_no_fx\" href=\"http:\/\/gvi.com.mx\/2013\/medicalia\/\" title=\"contacto\"><span><strong>VER M\u00c1S<\/strong><\/span><b class=\"cz_btn_onhover\"><strong>VER M\u00c1S<\/strong><\/b><\/a><\/div><\/div><div class=\"cz_gap clr \" style=\"height: 20px\"><\/div>[\/vc_column_inner][vc_column_inner width=\u00bb1\/3&#8243; css=\u00bb.vc_custom_1659465277061{background-color: #f2f2f2 !important;}\u00bb]<div id=\"cz_27713\" class=\"cz_27713 cz_banner clr\">\n\t\t\t<figure class=\"effect-style2\">\n\t\t\t\t<img decoding=\"async\" width=\"320\" height=\"315\" src=\"data:image\/svg+xml,%3Csvg%20xmlns%3D&#39;http%3A%2F%2Fwww.w3.org%2F2000%2Fsvg&#39;%20width=&#39;320&#39;%20height=&#39;315&#39;%20viewBox%3D&#39;0%200%20320%20315&#39;%2F%3E\" data-czlz data-src=\"http:\/\/gvi.com.mx\/2013\/wp-content\/uploads\/2022\/09\/mad.png\" class=\"attachment-full\" alt=\"\" title=\"mad\" data-srcset=\"http:\/\/gvi.com.mx\/2013\/wp-content\/uploads\/2022\/09\/mad.png 320w, http:\/\/gvi.com.mx\/2013\/wp-content\/uploads\/2022\/09\/mad-300x295.png 300w\" data-sizes=\"(max-width: 320px) 100vw, 320px\" \/>\n\t\t\t\t<figcaption><div><h4><\/h4><\/div><a href=\"http:\/\/gvi.com.mx\/2013\/mad\/\" title=\"TOPCARE\"> <\/a><\/figcaption>\t\t\t\n\t\t\t<\/figure>\n\t\t<\/div><div class=\"cz_gap clr \" style=\"height: 20px\"><\/div><div id=\"cz_11620\" class=\"cz_11620 cz_title clr cz_title_pos_block\"><div class=\"cz_title_content\"><div class=\"cz_wpe_content\"><p>F\u00f3rmulas avanzadas que combinan lo mejor de la naturaleza y la ciencia, para un abordaje integral en el cuidado de la piel. Cada una de las categor\u00edas de M.A.D. Skincare cuenta con un protocolo completo que mejorar\u00e1 la condici\u00f3n y salud de la piel<\/p>\n<\/div><\/div><\/div><div class=\"cz_gap clr \" style=\"height: 34px\"><\/div><div class=\"cz_btn_center\"><div class=\"cz_75345_p\"><a id=\"cz_75345\" class=\"cz_75345 cz_btn cz_btn_txt_no_fx cz_btn_no_fx\" href=\"http:\/\/gvi.com.mx\/2013\/mad-hiperpigmentacion\/\" title=\"contacto\"><span><strong>VER M\u00c1S<\/strong><\/span><b class=\"cz_btn_onhover\"><strong>VER M\u00c1S<\/strong><\/b><\/a><\/div><\/div><div class=\"cz_gap clr \" style=\"height: 20px\"><\/div>[\/vc_column_inner][\/vc_row_inner]<div class=\"cz_gap clr \" style=\"height: 25px\"><\/div>[vc_row_inner equal_height=\u00bbyes\u00bb gap=\u00bb5&#8243; css=\u00bb.vc_custom_1659465233148{margin-top: 20px !important;}\u00bb][vc_column_inner width=\u00bb1\/3&#8243; css=\u00bb.vc_custom_1659465260209{background-color: #f2f2f2 !important;}\u00bb]<div id=\"cz_58428\" class=\"cz_58428 cz_banner clr\">\n\t\t\t<figure class=\"effect-style2\">\n\t\t\t\t<img decoding=\"async\" width=\"320\" height=\"315\" src=\"data:image\/svg+xml,%3Csvg%20xmlns%3D&#39;http%3A%2F%2Fwww.w3.org%2F2000%2Fsvg&#39;%20width=&#39;320&#39;%20height=&#39;315&#39;%20viewBox%3D&#39;0%200%20320%20315&#39;%2F%3E\" data-czlz data-src=\"http:\/\/gvi.com.mx\/2013\/wp-content\/uploads\/2022\/09\/colorescience.png\" class=\"attachment-full\" alt=\"\" title=\"colorescience\" data-srcset=\"http:\/\/gvi.com.mx\/2013\/wp-content\/uploads\/2022\/09\/colorescience.png 320w, http:\/\/gvi.com.mx\/2013\/wp-content\/uploads\/2022\/09\/colorescience-300x295.png 300w\" data-sizes=\"(max-width: 320px) 100vw, 320px\" \/>\n\t\t\t\t<figcaption><div><h4><\/h4><\/div><a href=\"http:\/\/gvi.com.mx\/2013\/colorescience-2\/\" title=\"EST\u00c9TICA Y RECONSTRUCTIVA\"> <\/a><\/figcaption>\t\t\t\n\t\t\t<\/figure>\n\t\t<\/div><div class=\"cz_gap clr \" style=\"height: 20px\"><\/div><div id=\"cz_15442\" class=\"cz_15442 cz_title clr cz_title_pos_block\"><div class=\"cz_title_content\"><div class=\"cz_wpe_content\"><p><span style=\"color: #666666;\">Una l\u00ednea de protecci\u00f3n solar 100% mineral, rica en antioxidantes y vitaminas, que protege y previene el da\u00f1o epid\u00e9rmico causado por los rayos UV, la contaminaci\u00f3n, la luz azul y la radiaci\u00f3n infrarroja.<\/span><\/p>\n<\/div><\/div><\/div><div class=\"cz_gap clr \" style=\"height: 58px\"><\/div><div class=\"cz_btn_center\"><div class=\"cz_74986_p\"><a id=\"cz_74986\" class=\"cz_74986 cz_btn cz_btn_txt_no_fx cz_btn_no_fx\" href=\"http:\/\/gvi.com.mx\/2013\/colorescience-2\/\" title=\"contacto\"><span><strong>VER M\u00c1S<\/strong><\/span><b class=\"cz_btn_onhover\"><strong>VER M\u00c1S<\/strong><\/b><\/a><\/div><\/div><div class=\"cz_gap clr \" style=\"height: 20px\"><\/div>[\/vc_column_inner][vc_column_inner width=\u00bb1\/3&#8243; css=\u00bb.vc_custom_1659465267756{background-color: #f2f2f2 !important;}\u00bb]<div id=\"cz_29478\" class=\"cz_29478 cz_banner clr\">\n\t\t\t<figure class=\"effect-style2\">\n\t\t\t\t<img decoding=\"async\" width=\"320\" height=\"315\" src=\"data:image\/svg+xml,%3Csvg%20xmlns%3D&#39;http%3A%2F%2Fwww.w3.org%2F2000%2Fsvg&#39;%20width=&#39;320&#39;%20height=&#39;315&#39;%20viewBox%3D&#39;0%200%20320%20315&#39;%2F%3E\" data-czlz data-src=\"http:\/\/gvi.com.mx\/2013\/wp-content\/uploads\/2022\/09\/revision.png\" class=\"attachment-full\" alt=\"\" title=\"revision\" data-srcset=\"http:\/\/gvi.com.mx\/2013\/wp-content\/uploads\/2022\/09\/revision.png 320w, http:\/\/gvi.com.mx\/2013\/wp-content\/uploads\/2022\/09\/revision-300x295.png 300w\" data-sizes=\"(max-width: 320px) 100vw, 320px\" \/>\n\t\t\t\t<figcaption><div><h4><\/h4><\/div><a href=\"http:\/\/gvi.com.mx\/2013\/revision-skincare\/\" title=\"SKINBAR\"> <\/a><\/figcaption>\t\t\t\n\t\t\t<\/figure>\n\t\t<\/div><div class=\"cz_gap clr \" style=\"height: 20px\"><\/div><div id=\"cz_50112\" class=\"cz_50112 cz_title clr cz_title_pos_block\"><div class=\"cz_title_content\"><div class=\"cz_wpe_content\"><p><span style=\"color: #666666;\">Sus formulaciones patentadas combaten el envejecimiento de manera preventiva y correctiva.<\/span><\/p>\n<p><span style=\"color: #666666;\">Cuenta con los m\u00e1s altos est\u00e1ndares de selecci\u00f3n de ingredientes con procesos innovadores que conservan la pureza y la fuerza de sus ingredientes.<\/span><\/p>\n<\/div><\/div><\/div><div class=\"cz_gap clr \" style=\"height: 10px\"><\/div><div class=\"cz_btn_center\"><div class=\"cz_73479_p\"><a id=\"cz_73479\" class=\"cz_73479 cz_btn cz_btn_txt_no_fx cz_btn_no_fx\" href=\"http:\/\/gvi.com.mx\/2013\/revision-skincare\/\" title=\"contacto\"><span><strong>VER M\u00c1S<\/strong><\/span><b class=\"cz_btn_onhover\"><strong>VER M\u00c1S<\/strong><\/b><\/a><\/div><\/div><div class=\"cz_gap clr \" style=\"height: 20px\"><\/div>[\/vc_column_inner][vc_column_inner width=\u00bb1\/3&#8243; css=\u00bb.vc_custom_1659465277061{background-color: #f2f2f2 !important;}\u00bb]<div id=\"cz_87302\" class=\"cz_87302 cz_banner clr\">\n\t\t\t<figure class=\"effect-style2\">\n\t\t\t\t<img decoding=\"async\" width=\"320\" height=\"315\" src=\"data:image\/svg+xml,%3Csvg%20xmlns%3D&#39;http%3A%2F%2Fwww.w3.org%2F2000%2Fsvg&#39;%20width=&#39;320&#39;%20height=&#39;315&#39;%20viewBox%3D&#39;0%200%20320%20315&#39;%2F%3E\" data-czlz data-src=\"http:\/\/gvi.com.mx\/2013\/wp-content\/uploads\/2022\/10\/tizo.png\" class=\"attachment-full\" alt=\"\" title=\"tizo\" data-srcset=\"http:\/\/gvi.com.mx\/2013\/wp-content\/uploads\/2022\/10\/tizo.png 320w, http:\/\/gvi.com.mx\/2013\/wp-content\/uploads\/2022\/10\/tizo-300x295.png 300w\" data-sizes=\"(max-width: 320px) 100vw, 320px\" \/>\n\t\t\t\t<figcaption><div><h4><\/h4><\/div><a href=\"http:\/\/gvi.com.mx\/2013\/tizo\/\" title=\"TOPCARE\"> <\/a><\/figcaption>\t\t\t\n\t\t\t<\/figure>\n\t\t<\/div><div class=\"cz_gap clr \" style=\"height: 20px\"><\/div><div id=\"cz_66518\" class=\"cz_66518 cz_title clr cz_title_pos_block\"><div class=\"cz_title_content\"><div class=\"cz_wpe_content\"><p><span style=\"color: #666666;\">Protecci\u00f3n solar 100% mineral que combina la mejor tecnolog\u00eda contra la radiaci\u00f3n solar con una textura y formulaci\u00f3n perfecta. Su innovaci\u00f3n de minerales micronizados ultra-refinados dejan un acabado sedoso, elegante y efectivo.<\/span><\/p>\n<\/div><\/div><\/div><div class=\"cz_gap clr \" style=\"height: 34px\"><\/div><div class=\"cz_btn_center\"><div class=\"cz_65967_p\"><a id=\"cz_65967\" class=\"cz_65967 cz_btn cz_btn_txt_no_fx cz_btn_no_fx\" href=\"http:\/\/gvi.com.mx\/2013\/tizo\/\" title=\"contacto\"><span><strong>VER M\u00c1S<\/strong><\/span><b class=\"cz_btn_onhover\"><strong>VER M\u00c1S<\/strong><\/b><\/a><\/div><\/div><div class=\"cz_gap clr \" style=\"height: 20px\"><\/div>[\/vc_column_inner][\/vc_row_inner]<div class=\"cz_gap clr \" style=\"height: 25px\"><\/div>[\/vc_column][\/vc_row][vc_row full_width=\u00bbstretch_row\u00bb css=\u00bb.vc_custom_1651552314664{background-color: #fce4db !important;}\u00bb][vc_column]<div class=\"cz_gap clr \" style=\"height: 50px\"><\/div>[vc_row_inner][vc_column_inner width=\u00bb1\/6&#8243;][\/vc_column_inner][vc_column_inner width=\u00bb2\/3&#8243;]<div id=\"cz_76448\" class=\"cz_76448 cz_title clr cz_title_pos_inline tac\"><div class=\"cz_title_content\"><div class=\"cz_wpe_content\"><h2 style=\"text-align: center;\"><span style=\"font-weight: 100;\">\u00bfTIENES ALGUNA<\/span> PREGUNTA?<\/h2>\n<\/div><\/div><\/div><div id=\"cz_108260\" class=\"cz_108260 cz_title clr cz_title_pos_inline tac\"><div class=\"cz_title_content\"><div class=\"cz_wpe_content\"><h6 style=\"text-align: center;\"><span style=\"font-size: 20px;\"><strong>Necesitas ayuda con alg\u00fan producto o tienes dudas.<\/strong> Comun\u00edcate con nosotros y te ayudamos a resolverlas<\/span><\/h6>\n<\/div><\/div><\/div><div class=\"cz_gap clr \" style=\"height: 50px\"><\/div><div class=\"cz_btn_center\"><div class=\"cz_90951_p\"><a id=\"cz_90951\" class=\"cz_90951 cz_btn cz_btn_txt_no_fx cz_btn_no_fx\" href=\"http:\/\/gvi.com.mx\/2013\/contacto\/\" title=\"contacto\"><span><strong>Contacto<\/strong><\/span><b class=\"cz_btn_onhover\"><strong>Contacto<\/strong><\/b><\/a><\/div><\/div>[\/vc_column_inner][vc_column_inner width=\u00bb1\/6&#8243;][\/vc_column_inner][\/vc_row_inner]<div class=\"cz_gap clr \" style=\"height: 50px\"><\/div>[\/vc_column][\/vc_row]<\/p>\n<\/section>","protected":false},"excerpt":{"rendered":"<p>[vc_row full_width=\u00bbstretch_row\u00bb equal_height=\u00bbyes\u00bb css=\u00bb.vc_custom_1658518035030{background-image: url(http:\/\/gvi.com.mx\/2013\/wp-content\/uploads\/2022\/07\/skincare-1.jpg?id=2760) !important;background-position: center !important;background-repeat: no-repeat !important;background-size: cover &#8230; <\/p>\n","protected":false},"author":1,"featured_media":0,"parent":0,"menu_order":0,"comment_status":"closed","ping_status":"closed","template":"","meta":{"footnotes":""},"class_list":["post-962","page","type-page","status-publish","hentry"],"aioseo_notices":[],"_links":{"self":[{"href":"http:\/\/gvi.com.mx\/2013\/wp-json\/wp\/v2\/pages\/962","targetHints":{"allow":["GET"]}}],"collection":[{"href":"http:\/\/gvi.com.mx\/2013\/wp-json\/wp\/v2\/pages"}],"about":[{"href":"http:\/\/gvi.com.mx\/2013\/wp-json\/wp\/v2\/types\/page"}],"author":[{"embeddable":true,"href":"http:\/\/gvi.com.mx\/2013\/wp-json\/wp\/v2\/users\/1"}],"replies":[{"embeddable":true,"href":"http:\/\/gvi.com.mx\/2013\/wp-json\/wp\/v2\/comments?post=962"}],"version-history":[{"count":45,"href":"http:\/\/gvi.com.mx\/2013\/wp-json\/wp\/v2\/pages\/962\/revisions"}],"predecessor-version":[{"id":4261,"href":"http:\/\/gvi.com.mx\/2013\/wp-json\/wp\/v2\/pages\/962\/revisions\/4261"}],"wp:attachment":[{"href":"http:\/\/gvi.com.mx\/2013\/wp-json\/wp\/v2\/media?parent=962"}],"curies":[{"name":"wp","href":"https:\/\/api.w.org\/{rel}","templated":true}]}}