{"id":965,"date":"2022-05-09T20:30:11","date_gmt":"2022-05-09T20:30:11","guid":{"rendered":"http:\/\/gvi.com.mx\/2013\/?page_id=965"},"modified":"2026-04-08T20:03:20","modified_gmt":"2026-04-08T20:03:20","slug":"estetica-y-reconstructiva","status":"publish","type":"page","link":"http:\/\/gvi.com.mx\/2013\/estetica-y-reconstructiva\/","title":{"rendered":"EST\u00c9TICA Y RECONSTRUCTIVA"},"content":{"rendered":"<section class=\"wpb-content-wrapper\"><p>[vc_row full_width=\u00bbstretch_row\u00bb equal_height=\u00bbyes\u00bb css=\u00bb.vc_custom_1658352195083{background-image: url(http:\/\/gvi.com.mx\/2013\/wp-content\/uploads\/2022\/07\/reconstruccion-1.jpg?id=2725) !important;background-position: center !important;background-repeat: no-repeat !important;background-size: cover !important;}\u00bb][vc_column]<div class=\"cz_gap clr \" style=\"height: 120px\"><\/div>[vc_row_inner][vc_column_inner width=\u00bb1\/2&#8243;]<div id=\"cz_32608\" class=\"cz_32608 cz_title clr cz_title_pos_inline\"><div class=\"cz_title_content\"><div class=\"cz_wpe_content\"><h6><span style=\"color: #ff6600;\">GVI<\/span><\/h6>\n<\/div><\/div><\/div>[vc_separator color=\u00bbcustom\u00bb align=\u00bbalign_left\u00bb border_width=\u00bb10&#8243; el_width=\u00bb10&#8243; accent_color=\u00bb#ff6600&#8243;]<div id=\"cz_65693\" class=\"cz_65693 cz_title clr cz_title_pos_inline\"><div class=\"cz_title_content\"><div class=\"cz_wpe_content\"><h2>EST\u00c9TICA Y RECONSTRUCTIVA<\/h2>\n<\/div><\/div><\/div><div id=\"cz_92205\" class=\"cz_92205 cz_title clr cz_title_pos_inline\"><div class=\"cz_title_content\"><div class=\"cz_wpe_content\"><h6>Nuestro cat\u00e1logo de dispositivos m\u00e9dicos e insumos para cuidados pre y post operatorios.<\/h6>\n<\/div><\/div><\/div>[\/vc_column_inner][vc_column_inner width=\u00bb1\/2&#8243;][\/vc_column_inner][\/vc_row_inner]<div class=\"cz_gap clr \" style=\"height: 120px\"><\/div>[\/vc_column][\/vc_row][vc_row full_width=\u00bbstretch_row\u00bb css=\u00bb.vc_custom_1651670689435{margin-top: 0px !important;margin-right: 0px !important;margin-bottom: 0px !important;margin-left: 0px !important;background-color: #bc24bc !important;}\u00bb][vc_column]<div class=\"cz_gap clr \" style=\"height: 50px\"><\/div><div id=\"cz_73217\" class=\"cz_73217 cz_title clr cz_title_pos_center tac\"><div class=\"cz_title_content\"><div class=\"cz_wpe_content\"><h6 style=\"text-align: center;\"><\/h6>\n<p style=\"text-align: center;\"><strong><span style=\"color: #ffffff;\">Mayor seguridad y satisfacci\u00f3n de su paciente<br \/>\nCon m\u00e1s de 10 a\u00f1os de experiencia cl\u00ednica y estudios de calidad como respaldo<\/span><\/strong><\/p>\n<\/div><\/div><\/div><div class=\"cz_gap clr \" style=\"height: 50px\"><\/div>[\/vc_column][\/vc_row][vc_row full_width=\u00bbstretch_row\u00bb equal_height=\u00bbyes\u00bb][vc_column]<div class=\"cz_gap clr \" style=\"height: 50px\"><\/div>[vc_row_inner equal_height=\u00bbyes\u00bb gap=\u00bb5&#8243; css=\u00bb.vc_custom_1661189064488{margin-top: 20px !important;}\u00bb][vc_column_inner width=\u00bb1\/4&#8243; css=\u00bb.vc_custom_1659465082737{background-color: #f2f2f2 !important;}\u00bb]<div id=\"cz_78277\" class=\"cz_78277 cz_image clr cz_image_no_fx center_on_mobile\"><div class=\"\" ><div class=\"cz_image_in\"><div class=\"cz_main_image\"><img decoding=\"async\" width=\"320\" height=\"315\" src=\"data:image\/svg+xml,%3Csvg%20xmlns%3D&#39;http%3A%2F%2Fwww.w3.org%2F2000%2Fsvg&#39;%20width=&#39;320&#39;%20height=&#39;315&#39;%20viewBox%3D&#39;0%200%20320%20315&#39;%2F%3E\" data-czlz data-src=\"http:\/\/gvi.com.mx\/2013\/wp-content\/uploads\/2022\/08\/biodermis.png\" class=\"attachment-full\" alt=\"\" title=\"Biodermis\" data-srcset=\"http:\/\/gvi.com.mx\/2013\/wp-content\/uploads\/2022\/08\/biodermis.png 320w, http:\/\/gvi.com.mx\/2013\/wp-content\/uploads\/2022\/08\/biodermis-300x295.png 300w\" data-sizes=\"(max-width: 320px) 100vw, 320px\" \/><\/div><\/div><\/div><\/div><div id=\"cz_85526\" class=\"cz_85526 cz_title clr cz_title_pos_inline\"><div class=\"cz_title_content\"><div class=\"cz_wpe_content\"><p><span style=\"color: #666666;\">Tratamiento t\u00f3pico para cicatrices hipertr\u00f3ficas y queloides. Su gel de silic\u00f3n grado m\u00e9dico ayuda reducir visiblemente su apariencia y coloraci\u00f3n, restaurando la condici\u00f3n de la piel.<\/span><\/p>\n<\/div><\/div><\/div><div class=\"cz_gap clr  hide_on_mobile\" style=\"height: 20px\"><\/div><div class=\"cz_gap show_on_mobile clr\" style=\"height: 25px\"><\/div><div class=\"cz_btn_center\"><div class=\"cz_86510_p\"><a id=\"cz_86510\" class=\"cz_86510 cz_btn cz_btn_txt_no_fx cz_btn_no_fx\" href=\"http:\/\/gvi.com.mx\/2013\/biodermis\/\" title=\"contacto\"><span><strong>VER M\u00c1S<\/strong><\/span><b class=\"cz_btn_onhover\"><strong>VER M\u00c1S<\/strong><\/b><\/a><\/div><\/div><div class=\"cz_gap clr  hide_on_mobile\" style=\"height: 25px\"><\/div><div class=\"cz_gap show_on_mobile clr\" style=\"height: 25px\"><\/div>[\/vc_column_inner][vc_column_inner width=\u00bb1\/4&#8243; css=\u00bb.vc_custom_1659464427649{background-color: #f2f2f2 !important;}\u00bb]<div id=\"cz_54419\" class=\"cz_54419 cz_image clr cz_image_no_fx center_on_mobile\"><div class=\"\" ><div class=\"cz_image_in\"><div class=\"cz_main_image\"><img decoding=\"async\" width=\"320\" height=\"315\" src=\"data:image\/svg+xml,%3Csvg%20xmlns%3D&#39;http%3A%2F%2Fwww.w3.org%2F2000%2Fsvg&#39;%20width=&#39;320&#39;%20height=&#39;315&#39;%20viewBox%3D&#39;0%200%20320%20315&#39;%2F%3E\" data-czlz data-src=\"http:\/\/gvi.com.mx\/2013\/wp-content\/uploads\/2022\/08\/marena.png\" class=\"attachment-full\" alt=\"\" title=\"Marena\" data-srcset=\"http:\/\/gvi.com.mx\/2013\/wp-content\/uploads\/2022\/08\/marena.png 320w, http:\/\/gvi.com.mx\/2013\/wp-content\/uploads\/2022\/08\/marena-300x295.png 300w\" data-sizes=\"(max-width: 320px) 100vw, 320px\" \/><\/div><\/div><\/div><\/div><div id=\"cz_36878\" class=\"cz_36878 cz_title clr cz_title_pos_inline\"><div class=\"cz_title_content\"><div class=\"cz_wpe_content\"><p><span style=\"color: #666666;\">Prendas exclusivas de compresi\u00f3n grado m\u00e9dico especiales para acelerar la recuperaci\u00f3n postoperatoria. Tela patentada ideal para ofrecer m\u00e1xima comodidad al paciente.<\/span><\/p>\n<\/div><\/div><\/div><div class=\"cz_gap clr  hide_on_mobile\" style=\"height: 44px\"><\/div><div class=\"cz_gap show_on_mobile clr\" style=\"height: 25px\"><\/div><div class=\"cz_btn_center\"><div class=\"cz_40307_p\"><a id=\"cz_40307\" class=\"cz_40307 cz_btn cz_btn_txt_no_fx cz_btn_no_fx\" href=\"http:\/\/gvi.com.mx\/2013\/marena\/\" title=\"contacto\"><span><strong>VER M\u00c1S<\/strong><\/span><b class=\"cz_btn_onhover\"><strong>VER M\u00c1S<\/strong><\/b><\/a><\/div><\/div><div class=\"cz_gap clr  hide_on_mobile\" style=\"height: 25px\"><\/div><div class=\"cz_gap show_on_mobile clr\" style=\"height: 25px\"><\/div>[\/vc_column_inner][vc_column_inner width=\u00bb1\/4&#8243; css=\u00bb.vc_custom_1659465090388{background-color: #f2f2f2 !important;}\u00bb]<div id=\"cz_98854\" class=\"cz_98854 cz_image clr cz_image_no_fx center_on_mobile\"><div class=\"\" ><div class=\"cz_image_in\"><div class=\"cz_main_image\"><img decoding=\"async\" width=\"320\" height=\"315\" src=\"data:image\/svg+xml,%3Csvg%20xmlns%3D&#39;http%3A%2F%2Fwww.w3.org%2F2000%2Fsvg&#39;%20width=&#39;320&#39;%20height=&#39;315&#39;%20viewBox%3D&#39;0%200%20320%20315&#39;%2F%3E\" data-czlz data-src=\"http:\/\/gvi.com.mx\/2013\/wp-content\/uploads\/2022\/08\/obp.png\" class=\"attachment-full\" alt=\"\" title=\"obp\" data-srcset=\"http:\/\/gvi.com.mx\/2013\/wp-content\/uploads\/2022\/08\/obp.png 320w, http:\/\/gvi.com.mx\/2013\/wp-content\/uploads\/2022\/08\/obp-300x295.png 300w\" data-sizes=\"(max-width: 320px) 100vw, 320px\" \/><\/div><\/div><\/div><\/div><div id=\"cz_36891\" class=\"cz_36891 cz_title clr cz_title_pos_inline\"><div class=\"cz_title_content\"><div class=\"cz_wpe_content\"><p><span style=\"color: #666666;\">Retractores de tejido con luz LED integrada en la punta, para mayor visibilidad y maniobra libre de cables. Con un canal de evacuaci\u00f3n de humo, para una cirug\u00eda m\u00e1s eficiente.<\/span><\/p>\n<\/div><\/div><\/div><div class=\"cz_gap clr  hide_on_mobile\" style=\"height: 68px\"><\/div><div class=\"cz_gap show_on_mobile clr\" style=\"height: 25px\"><\/div><div class=\"cz_btn_center\"><div class=\"cz_49338_p\"><a id=\"cz_49338\" class=\"cz_49338 cz_btn cz_btn_txt_no_fx cz_btn_no_fx\" href=\"http:\/\/gvi.com.mx\/2013\/gc-aesthetics\/\" title=\"contacto\"><span><strong>VER M\u00c1S<\/strong><\/span><b class=\"cz_btn_onhover\"><strong>VER M\u00c1S<\/strong><\/b><\/a><\/div><\/div><div class=\"cz_gap clr  hide_on_mobile\" style=\"height: 25px\"><\/div><div class=\"cz_gap show_on_mobile clr\" style=\"height: 25px\"><\/div>[\/vc_column_inner][vc_column_inner width=\u00bb1\/4&#8243; css=\u00bb.vc_custom_1664981899213{background-color: #f2f2f2 !important;}\u00bb]<div id=\"cz_28588\" class=\"cz_28588 cz_image clr cz_image_no_fx center_on_mobile\"><div class=\"\" ><div class=\"cz_image_in\"><div class=\"cz_main_image\"><img decoding=\"async\" width=\"320\" height=\"315\" src=\"data:image\/svg+xml,%3Csvg%20xmlns%3D&#39;http%3A%2F%2Fwww.w3.org%2F2000%2Fsvg&#39;%20width=&#39;320&#39;%20height=&#39;315&#39;%20viewBox%3D&#39;0%200%20320%20315&#39;%2F%3E\" data-czlz data-src=\"http:\/\/gvi.com.mx\/2013\/wp-content\/uploads\/2022\/08\/prima.png\" class=\"attachment-full\" alt=\"\" title=\"Prima\" data-srcset=\"http:\/\/gvi.com.mx\/2013\/wp-content\/uploads\/2022\/08\/prima.png 320w, http:\/\/gvi.com.mx\/2013\/wp-content\/uploads\/2022\/08\/prima-300x295.png 300w\" data-sizes=\"(max-width: 320px) 100vw, 320px\" \/><\/div><\/div><\/div><\/div><div id=\"cz_49355\" class=\"cz_49355 cz_title clr cz_title_pos_inline\"><div class=\"cz_title_content\"><div class=\"cz_wpe_content\"><p><span style=\"color: #666666;\">Puntas de tungsteno ultra finas dise\u00f1adas para electrocirug\u00eda. M\u00faltiples modelos, tama\u00f1os y \u00e1ngulos para una mayor precisi\u00f3n quir\u00fargica.<\/span><\/p>\n<\/div><\/div><\/div><div class=\"cz_gap clr  hide_on_mobile\" style=\"height: 92px\"><\/div><div class=\"cz_gap show_on_mobile clr\" style=\"height: 25px\"><\/div><div class=\"cz_btn_center\"><div class=\"cz_65460_p\"><a id=\"cz_65460\" class=\"cz_65460 cz_btn cz_btn_txt_no_fx cz_btn_no_fx\" href=\"http:\/\/gvi.com.mx\/2013\/prima\/\" title=\"contacto\"><span><strong>VER M\u00c1S<\/strong><\/span><b class=\"cz_btn_onhover\"><strong>VER M\u00c1S<\/strong><\/b><\/a><\/div><\/div><div class=\"cz_gap clr  hide_on_mobile\" style=\"height: 25px\"><\/div><div class=\"cz_gap show_on_mobile clr\" style=\"height: 25px\"><\/div>[\/vc_column_inner][\/vc_row_inner]<div class=\"cz_gap clr \" style=\"height: 50px\"><\/div>[\/vc_column][\/vc_row][vc_row full_width=\u00bbstretch_row\u00bb css=\u00bb.vc_custom_1651552314664{background-color: #fce4db !important;}\u00bb][vc_column]<div class=\"cz_gap clr \" style=\"height: 50px\"><\/div>[vc_row_inner][vc_column_inner width=\u00bb1\/6&#8243;][\/vc_column_inner][vc_column_inner width=\u00bb2\/3&#8243;]<div id=\"cz_76448\" class=\"cz_76448 cz_title clr cz_title_pos_inline tac\"><div class=\"cz_title_content\"><div class=\"cz_wpe_content\"><h2 style=\"text-align: center;\"><span style=\"font-weight: 100;\">\u00bfTIENES ALGUNA<\/span> PREGUNTA?<\/h2>\n<\/div><\/div><\/div><div id=\"cz_108260\" class=\"cz_108260 cz_title clr cz_title_pos_inline tac\"><div class=\"cz_title_content\"><div class=\"cz_wpe_content\"><h6 style=\"text-align: center;\"><span style=\"font-size: 20px;\"><strong>Necesitas ayuda con alg\u00fan producto o tienes dudas.<\/strong> Comun\u00edcate con nosotros y te ayudamos a resolverlas<\/span><\/h6>\n<\/div><\/div><\/div><div class=\"cz_gap clr \" style=\"height: 50px\"><\/div><div class=\"cz_btn_center\"><div class=\"cz_52981_p\"><a id=\"cz_52981\" class=\"cz_52981 cz_btn cz_btn_txt_no_fx cz_btn_no_fx\" href=\"http:\/\/gvi.com.mx\/2013\/contacto\/\" title=\"contacto\"><span><strong>Contacto<\/strong><\/span><b class=\"cz_btn_onhover\"><strong>Contacto<\/strong><\/b><\/a><\/div><\/div>[\/vc_column_inner][vc_column_inner width=\u00bb1\/6&#8243;][\/vc_column_inner][\/vc_row_inner]<div class=\"cz_gap clr \" style=\"height: 50px\"><\/div>[\/vc_column][\/vc_row]<\/p>\n<\/section>","protected":false},"excerpt":{"rendered":"<p>[vc_row full_width=\u00bbstretch_row\u00bb equal_height=\u00bbyes\u00bb css=\u00bb.vc_custom_1658352195083{background-image: url(http:\/\/gvi.com.mx\/2013\/wp-content\/uploads\/2022\/07\/reconstruccion-1.jpg?id=2725) !important;background-position: center !important;background-repeat: no-repeat !important;background-size: cover &#8230; <\/p>\n","protected":false},"author":1,"featured_media":0,"parent":0,"menu_order":0,"comment_status":"closed","ping_status":"closed","template":"","meta":{"footnotes":""},"class_list":["post-965","page","type-page","status-publish","hentry"],"aioseo_notices":[],"_links":{"self":[{"href":"http:\/\/gvi.com.mx\/2013\/wp-json\/wp\/v2\/pages\/965","targetHints":{"allow":["GET"]}}],"collection":[{"href":"http:\/\/gvi.com.mx\/2013\/wp-json\/wp\/v2\/pages"}],"about":[{"href":"http:\/\/gvi.com.mx\/2013\/wp-json\/wp\/v2\/types\/page"}],"author":[{"embeddable":true,"href":"http:\/\/gvi.com.mx\/2013\/wp-json\/wp\/v2\/users\/1"}],"replies":[{"embeddable":true,"href":"http:\/\/gvi.com.mx\/2013\/wp-json\/wp\/v2\/comments?post=965"}],"version-history":[{"count":37,"href":"http:\/\/gvi.com.mx\/2013\/wp-json\/wp\/v2\/pages\/965\/revisions"}],"predecessor-version":[{"id":4312,"href":"http:\/\/gvi.com.mx\/2013\/wp-json\/wp\/v2\/pages\/965\/revisions\/4312"}],"wp:attachment":[{"href":"http:\/\/gvi.com.mx\/2013\/wp-json\/wp\/v2\/media?parent=965"}],"curies":[{"name":"wp","href":"https:\/\/api.w.org\/{rel}","templated":true}]}}