{"id":244,"date":"2022-02-17T22:02:18","date_gmt":"2022-02-17T22:02:18","guid":{"rendered":"http:\/\/gvi.com.mx\/2013\/?page_id=244"},"modified":"2022-02-21T03:31:40","modified_gmt":"2022-02-21T03:31:40","slug":"terminos-y-condiciones","status":"publish","type":"page","link":"https:\/\/gvi.com.mx\/2013\/terminos-y-condiciones\/","title":{"rendered":"TERMINOS Y CONDICIONES"},"content":{"rendered":"<section class=\"wpb-content-wrapper\"><p>[vc_row][vc_column]<div id=\"cz_56076\" class=\"cz_56076 cz_title clr cz_title_pos_inline\"><div class=\"cz_title_content\"><div class=\"cz_wpe_content\"><h3>T\u00e9rminos de condiciones<\/h3>\n<\/div><\/div><\/div>[vc_column_text]<\/p>\n<p class=\"p1\">Cualquier<span class=\"Apple-converted-space\">\u00a0 <\/span>persona que desee acceder o hacer uso del SITIO WEB o los servicios que en \u00e9l se ofrecen, podr\u00e1 hacerlo sujet\u00e1ndose a los presentes t\u00e9rminos y condiciones, as\u00ed como a pol\u00edticas y principios incorporados al presente. Cualquier persona que no este de acuerdo con los t\u00e9rminos y condiciones, deber\u00e1 de abstenerse<span class=\"Apple-converted-space\">\u00a0 <\/span>de utilizar el sitio web y\/o adquirir los productos y servicios que en su caso sean ofrecidos.<\/p>\n<p class=\"p1\"><b>OBJETO<\/b><\/p>\n<p class=\"p1\">El objeto de los presentes T\u00c9RMINOS Y CONDICIONES es regular el acceso y la utilizaci\u00f3n del sitio web entendiendo por este cualquier tipo de contenido, producto o servicio que se encuentre a disposici\u00f3n del p\u00fablico en general dentro del dominio:www.emprenderycontar.com<\/p>\n<p class=\"p1\">El Titular del sitio web se reserva la facultad de modificar en cualquier momento sin previo aviso, la presentaci\u00f3n, los contenidos, la funcionalidad, los productos, servicios y la configuraci\u00f3n que pudiera estar contenida en el sitio web, en ese sentido el USUARIO reconoce y acepta que el titular en cualquier momento podr\u00e1 interrumpir, desactivar o cancelar cualquiera de los elementos que conforman el sitio web o el acceso a los mismos.<span class=\"Apple-converted-space\">\u00a0<\/span><\/p>\n<p class=\"p1\">El sitio web est\u00e1 dirigido a mayores de edad en este sentido declina cualquier responsabilidad por el incumplimiento de este requisito.<span class=\"Apple-converted-space\">\u00a0<\/span><\/p>\n<p class=\"p1\">El USUARIO del sitio web queda sujeto a los T\u00c9RMINOS Y CONDICIONES as\u00ed como sus posteriores modificaciones.<\/p>\n<p class=\"p1\">Es responsabilidad del USUARIO utilizar el sitio web de acuerdo en la forma en que fue dise\u00f1ado, en este sentido queda prohibido la utilizaci\u00f3n<span class=\"Apple-converted-space\">\u00a0 <\/span>de cualquier tipo de software que automatice la interacci\u00f3n o descarga los contenidos o servicios proporcionados por este sitio.<span class=\"Apple-converted-space\">\u00a0 <\/span>Adem\u00e1s el USUARIO se compromete a usar el sitio web para fines l\u00edcitos y sin contravenir a<span class=\"Apple-converted-space\">\u00a0 <\/span>los t\u00e9rminos y condiciones , la moral, el orden p\u00fablico o afectaci\u00f3n a los derechos de terceros o perjudique de alg\u00fan modo el funcionamiento del sitio web.<span class=\"Apple-converted-space\">\u00a0<\/span><\/p>\n<p class=\"p1\">Asimismo el USUARIO se compromete se a proporcionar informaci\u00f3n l\u00edcita<span class=\"Apple-converted-space\">\u00a0 <\/span>y veraz en el formulario habilitado por el sitio web en los cuales el USUARIO tenga que proporcionar ciertos datos<span class=\"Apple-converted-space\">\u00a0 <\/span>e informaci\u00f3n para acceso a alg\u00fan contenido, producto o servicio ofrecido por el sitio web.<\/p>\n<p class=\"p1\">El sitio web se reserva el derecho de retirar todos aquellos comentarios y aportaciones que vulneren la ley o el respeto a la dignidad de las personas, que sean discriminatorias, atenten contra los derechos de terceros u el orden p\u00fablico, o bien que a su juicio, no resulten adecuados para su publicaci\u00f3n.<span class=\"Apple-converted-space\">\u00a0<\/span><\/p>\n<p class=\"p1\">El solo acceso al sitio web no presupone el establecimiento de ning\u00fan tipo de relaci\u00f3n entre el sitio web y el USUARIO.<span class=\"Apple-converted-space\">\u00a0<\/span><\/p>\n<p class=\"p1\">El sitio web no garantiza de ning\u00fan modo la continuidad o disponibilidad de sus contenidos, productos o servicios ofrecidos. De igual forma el sitio web no se hace responsable<span class=\"Apple-converted-space\">\u00a0 <\/span>de software maliciosos o que puedan causar da\u00f1o<span class=\"Apple-converted-space\">\u00a0 <\/span>a nivel del software o hardware en el equipo<span class=\"Apple-converted-space\">\u00a0 <\/span>a trav\u00e9s del cual el USUARIO accede.<\/p>\n<p>[\/vc_column_text][\/vc_column][\/vc_row]<\/p>\n<\/section>","protected":false},"excerpt":{"rendered":"<p>[vc_row][vc_column][vc_column_text] Cualquier\u00a0 persona que desee acceder o hacer uso del SITIO &#8230; <\/p>\n","protected":false},"author":1,"featured_media":0,"parent":0,"menu_order":0,"comment_status":"closed","ping_status":"closed","template":"","meta":{"footnotes":""},"class_list":["post-244","page","type-page","status-publish","hentry"],"aioseo_notices":[],"_links":{"self":[{"href":"https:\/\/gvi.com.mx\/2013\/wp-json\/wp\/v2\/pages\/244","targetHints":{"allow":["GET"]}}],"collection":[{"href":"https:\/\/gvi.com.mx\/2013\/wp-json\/wp\/v2\/pages"}],"about":[{"href":"https:\/\/gvi.com.mx\/2013\/wp-json\/wp\/v2\/types\/page"}],"author":[{"embeddable":true,"href":"https:\/\/gvi.com.mx\/2013\/wp-json\/wp\/v2\/users\/1"}],"replies":[{"embeddable":true,"href":"https:\/\/gvi.com.mx\/2013\/wp-json\/wp\/v2\/comments?post=244"}],"version-history":[{"count":0,"href":"https:\/\/gvi.com.mx\/2013\/wp-json\/wp\/v2\/pages\/244\/revisions"}],"wp:attachment":[{"href":"https:\/\/gvi.com.mx\/2013\/wp-json\/wp\/v2\/media?parent=244"}],"curies":[{"name":"wp","href":"https:\/\/api.w.org\/{rel}","templated":true}]}}