{"id":502,"date":"2022-04-28T13:53:10","date_gmt":"2022-04-28T13:53:10","guid":{"rendered":"http:\/\/gvi.com.mx\/2013\/?page_id=502"},"modified":"2024-02-12T15:32:21","modified_gmt":"2024-02-12T15:32:21","slug":"nuestras-marcas","status":"publish","type":"page","link":"https:\/\/gvi.com.mx\/2013\/nuestras-marcas\/","title":{"rendered":"Nuestras Marcas"},"content":{"rendered":"<section class=\"wpb-content-wrapper\"><p>[vc_row full_width=\u00bbstretch_row\u00bb equal_height=\u00bbyes\u00bb css=\u00bb.vc_custom_1651548960349{background-image: url(http:\/\/gvi.com.mx\/2013\/wp-content\/uploads\/2022\/05\/01-gvi-banner-home_marcas.jpg?id=570) !important;background-position: center !important;background-repeat: no-repeat !important;background-size: cover !important;}\u00bb][vc_column]<div class=\"cz_gap clr \" style=\"height: 120px\"><\/div>[vc_row_inner][vc_column_inner width=\u00bb1\/2&#8243;]<div id=\"cz_76049\" class=\"cz_76049 cz_title clr cz_title_pos_inline\"><div class=\"cz_title_content\"><div class=\"cz_wpe_content\"><h6>CAT\u00c1LOGO DE PRODUCTOS<\/h6>\n<\/div><\/div><\/div>[vc_separator color=\u00bbcustom\u00bb align=\u00bbalign_left\u00bb border_width=\u00bb10&#8243; el_width=\u00bb10&#8243; accent_color=\u00bb#f8642f\u00bb]<div id=\"cz_87105\" class=\"cz_87105 cz_title clr cz_title_pos_inline\"><div class=\"cz_title_content\"><div class=\"cz_wpe_content\"><h2>Conoce nuestras<br \/>\nDivisiones<\/h2>\n<\/div><\/div><\/div><div id=\"cz_91723\" class=\"cz_91723 cz_title clr cz_title_pos_inline\"><div class=\"cz_title_content\"><div class=\"cz_wpe_content\"><h6>Contamos con gran suministro de equipo y material quir\u00fargico de tecnolog\u00eda de punta con los m\u00e1s altos est\u00e1ndares de calidad.<\/h6>\n<\/div><\/div><\/div><div class=\"cz_gap clr \" style=\"height: 10px\"><\/div>[vc_column_text]<div class=\"gdc_row\"><div class=\"gdc_column gdc_chalf\"><div class=\"gdc_inner\"><\/p>\n<h6><span style=\"color: #ffffff;\">\u00b7Cirug\u00eda Pl\u00e1stica y Reconstructiva<\/span><br \/>\n<span style=\"color: #ffffff;\">\u00b7Neurocirug\u00eda<\/span><br \/>\n<span style=\"color: #ffffff;\">\u00b7Cirug\u00eda Maxilofacia<\/span><\/h6>\n<p><\/div><\/div><div class=\"gdc_column gdc_chalf\"><div class=\"gdc_inner\"><\/p>\n<h6><span style=\"color: #ffffff;\">\u00b7Traumatolog\u00eda<\/span><br \/>\n<span style=\"color: #ffffff;\">\u00b7Otorrinolaringolog\u00eda<\/span><br \/>\n<span style=\"color: #ffffff;\">\u00b7Antienvejecimiento<\/span><\/h6>\n<p><\/div><\/div><\/div>[\/vc_column_text][\/vc_column_inner][vc_column_inner width=\u00bb1\/2&#8243;][\/vc_column_inner][\/vc_row_inner]<div class=\"cz_gap clr \" style=\"height: 120px\"><\/div>[\/vc_column][\/vc_row][vc_row][vc_column]<div class=\"cz_gap clr \" style=\"height: 25px\"><\/div>[\/vc_column][\/vc_row][vc_row full_width=\u00bbstretch_row_content_no_spaces\u00bb css=\u00bb.vc_custom_1651548651659{background-color: #fafafa !important;background-position: center !important;background-repeat: no-repeat !important;background-size: cover !important;}\u00bb][vc_column]<div class=\"cz_eqh cz_content_box_parent_fx  \"><div id=\"cz_100441\" class=\"cz_100441 cz_content_box clr cz_split_box_right cz_box_hide_arrow\"><div class=\"cz_box_front clr\"><div class=\"cz_box_front_inner clr \"><div><div class=\"cz_gap clr \" style=\"height: 25px\"><\/div><div id=\"cz_98783\" class=\"cz_98783 cz_title clr cz_title_pos_inline\"><div class=\"cz_title_content\"><span class=\"cz_line_side_solo\">_<\/span><div class=\"cz_wpe_content\"><h6>Grupo Venta Internacional<\/h6>\n<\/div><\/div><\/div><div class=\"cz_gap clr \" style=\"height: 25px\"><\/div><div id=\"cz_110652\" class=\"cz_110652 cz_title clr cz_title_pos_inline\"><div class=\"cz_title_content\"><div class=\"cz_wpe_content\"><h3>Skincare<\/h3>\n<\/div><\/div><\/div><div class=\"cz_gap clr \" style=\"height: 25px\"><\/div><div id=\"cz_52499\" class=\"cz_52499 cz_title clr cz_title_pos_inline\"><div class=\"cz_title_content\"><div class=\"cz_wpe_content\"><p><strong>Productos dermatol\u00f3gicos seleccionados con la mayor tecnolog\u00eda cient\u00edfica y respaldo de pruebas cl\u00ednicas.<\/strong> Descubra las mejores texturas y formulaciones para una piel saludable, hermosa y con un tratamiento global que beneficie sus procesos naturales antienvejecimiento.<span class=\"Apple-converted-space\">\u00a0<\/span><\/p>\n<\/div><\/div><\/div><div class=\"cz_gap clr \" style=\"height: 25px\"><\/div><div class=\"cz_btn_left\"><div class=\"cz_83296_p\"><a id=\"cz_83296\" class=\"cz_83296 cz_btn cz_btn_txt_no_fx cz_btn_no_fx\" href=\"http:\/\/gvi.com.mx\/2013\/skin-care\/\"><span><strong>+Informaci\u00f3n<\/strong><\/span><b class=\"cz_btn_onhover\"><strong>+Informaci\u00f3n<\/strong><\/b><\/a><\/div><\/div><div class=\"clr\"><\/div><div class=\"cz_gap clr \" style=\"height: 25px\"><\/div><\/div><\/div><\/div><div class=\"cz_split_box\" style=\"background-image: url(https:\/\/gvi.com.mx\/2013\/wp-content\/uploads\/2022\/04\/skin_care.jpg)\"><\/div><\/div><\/div>[\/vc_column][\/vc_row][vc_row][vc_column]<div class=\"cz_gap clr \" style=\"height: 25px\"><\/div>[\/vc_column][\/vc_row][vc_row full_width=\u00bbstretch_row_content_no_spaces\u00bb css=\u00bb.vc_custom_1651548651659{background-color: #fafafa !important;background-position: center !important;background-repeat: no-repeat !important;background-size: cover !important;}\u00bb][vc_column]<div class=\"cz_eqh cz_content_box_parent_fx  \"><div id=\"cz_21552\" class=\"cz_21552 cz_content_box clr cz_split_box_right cz_box_hide_arrow\"><div class=\"cz_box_front clr\"><div class=\"cz_box_front_inner clr \"><div><div class=\"cz_gap clr \" style=\"height: 25px\"><\/div><div id=\"cz_98783\" class=\"cz_98783 cz_title clr cz_title_pos_inline\"><div class=\"cz_title_content\"><span class=\"cz_line_side_solo\">_<\/span><div class=\"cz_wpe_content\"><h6>Grupo Venta Internacional<\/h6>\n<\/div><\/div><\/div><div class=\"cz_gap clr \" style=\"height: 25px\"><\/div><div id=\"cz_52930\" class=\"cz_52930 cz_title clr cz_title_pos_inline\"><div class=\"cz_title_content\"><div class=\"cz_wpe_content\"><h3>Est\u00e9tica y Reconstructiva<\/h3>\n<\/div><\/div><\/div><div class=\"cz_gap clr \" style=\"height: 25px\"><\/div><div id=\"cz_95920\" class=\"cz_95920 cz_title clr cz_title_pos_inline\"><div class=\"cz_title_content\"><div class=\"cz_wpe_content\"><p><strong>Dispositivos m\u00e9dicos con los m\u00e1s altos est\u00e1ndares de calidad y con respaldo de estudios cl\u00ednicos mayores a 10 a\u00f1os,<\/strong> para asegurar una completa seguridad y satisfacci\u00f3n de sus pacientes, con resultados est\u00e9ticos notables.<span class=\"Apple-converted-space\">\u00a0<\/span><\/p>\n<\/div><\/div><\/div><div class=\"cz_gap clr \" style=\"height: 25px\"><\/div><div class=\"cz_btn_left\"><div class=\"cz_88237_p\"><a id=\"cz_88237\" class=\"cz_88237 cz_btn cz_btn_txt_no_fx cz_btn_no_fx\" href=\"http:\/\/gvi.com.mx\/2013\/estetica-y-reconstructiva\/\"><span><strong>+Informaci\u00f3n<\/strong><\/span><b class=\"cz_btn_onhover\"><strong>+Informaci\u00f3n<\/strong><\/b><\/a><\/div><\/div><div class=\"clr\"><\/div><div class=\"cz_gap clr \" style=\"height: 25px\"><\/div><\/div><\/div><\/div><div class=\"cz_split_box\" style=\"background-image: url(https:\/\/gvi.com.mx\/2013\/wp-content\/uploads\/2022\/04\/estetica.jpg)\"><\/div><\/div><\/div>[\/vc_column][\/vc_row][vc_row][vc_column]<div class=\"cz_gap clr \" style=\"height: 25px\"><\/div>[\/vc_column][\/vc_row][vc_row full_width=\u00bbstretch_row_content_no_spaces\u00bb css=\u00bb.vc_custom_1651548651659{background-color: #fafafa !important;background-position: center !important;background-repeat: no-repeat !important;background-size: cover !important;}\u00bb][vc_column]<div class=\"cz_eqh cz_content_box_parent_fx  \"><div id=\"cz_75978\" class=\"cz_75978 cz_content_box clr cz_split_box_right cz_box_hide_arrow\"><div class=\"cz_box_front clr\"><div class=\"cz_box_front_inner clr \"><div><div class=\"cz_gap clr \" style=\"height: 25px\"><\/div><div id=\"cz_28986\" class=\"cz_28986 cz_title clr cz_title_pos_inline\"><div class=\"cz_title_content\"><span class=\"cz_line_side_solo\">_<\/span><div class=\"cz_wpe_content\"><h6>Grupo Venta Internacional<\/h6>\n<\/div><\/div><\/div><div class=\"cz_gap clr \" style=\"height: 25px\"><\/div><div id=\"cz_60530\" class=\"cz_60530 cz_title clr cz_title_pos_inline\"><div class=\"cz_title_content\"><div class=\"cz_wpe_content\"><h3>NEED BEAUTY<\/h3>\n<\/div><\/div><\/div><div class=\"cz_gap clr \" style=\"height: 25px\"><\/div><div id=\"cz_81926\" class=\"cz_81926 cz_title clr cz_title_pos_inline\"><div class=\"cz_title_content\"><div class=\"cz_wpe_content\"><p><strong>El marketplace m\u00e1s completo para encontrar productos del cuidado de la piel.<\/strong> Need es una experiencia de comunicaci\u00f3n alrededor de la belleza y la dermatolog\u00eda que contempla: un sitio de venta din\u00e1mico y con un cat\u00e1logo extenso.<\/p>\n<\/div><\/div><\/div><div class=\"cz_gap clr \" style=\"height: 25px\"><\/div><div class=\"cz_btn_left\"><div class=\"cz_46462_p\"><a id=\"cz_46462\" class=\"cz_46462 cz_btn cz_btn_txt_no_fx cz_btn_no_fx\" href=\"https:\/\/gvi.com.mx\/2013\/needbeauty\/\" title=\"NEED BEAUTY\"><span><strong>+Informaci\u00f3n<\/strong><\/span><b class=\"cz_btn_onhover\"><strong>+Informaci\u00f3n<\/strong><\/b><\/a><\/div><\/div><div class=\"clr\"><\/div><div class=\"cz_gap clr \" style=\"height: 25px\"><\/div><\/div><\/div><\/div><div class=\"cz_split_box\" style=\"background-image: url(https:\/\/gvi.com.mx\/2013\/wp-content\/uploads\/2022\/04\/skin_bare.jpg)\"><\/div><\/div><\/div>[\/vc_column][\/vc_row][vc_row][vc_column]<div class=\"cz_gap clr \" style=\"height: 25px\"><\/div>[\/vc_column][\/vc_row][vc_row full_width=\u00bbstretch_row_content_no_spaces\u00bb css=\u00bb.vc_custom_1651548651659{background-color: #fafafa !important;background-position: center !important;background-repeat: no-repeat !important;background-size: cover !important;}\u00bb][vc_column]<div class=\"cz_eqh cz_content_box_parent_fx  \"><div id=\"cz_110041\" class=\"cz_110041 cz_content_box clr cz_split_box_right cz_box_hide_arrow\"><div class=\"cz_box_front clr\"><div class=\"cz_box_front_inner clr \"><div><div class=\"cz_gap clr \" style=\"height: 25px\"><\/div><div id=\"cz_23089\" class=\"cz_23089 cz_title clr cz_title_pos_inline\"><div class=\"cz_title_content\"><span class=\"cz_line_side_solo\">_<\/span><div class=\"cz_wpe_content\"><h6>Grupo Venta Internacional<\/h6>\n<\/div><\/div><\/div><div class=\"cz_gap clr \" style=\"height: 25px\"><\/div><div id=\"cz_31767\" class=\"cz_31767 cz_title clr cz_title_pos_inline\"><div class=\"cz_title_content\"><div class=\"cz_wpe_content\"><h3>Top Care Store<\/h3>\n<\/div><\/div><\/div><div class=\"cz_gap clr \" style=\"height: 25px\"><\/div><div id=\"cz_38729\" class=\"cz_38729 cz_title clr cz_title_pos_inline\"><div class=\"cz_title_content\"><div class=\"cz_wpe_content\"><p><strong>Para una experiencia m\u00e1s amable, con causa.<\/strong> Top Care es una tienda f\u00edsica y digital donde se encuentran los mejores productos para los cuidados post operatorios y oncol\u00f3gicos para su paciente, seleccionados espec\u00edficamente para una mejor recuperaci\u00f3n y una experiencia agradable de uso.<span class=\"Apple-converted-space\">\u00a0<\/span><\/p>\n<\/div><\/div><\/div><div class=\"cz_gap clr \" style=\"height: 25px\"><\/div><div class=\"cz_btn_left\"><div class=\"cz_36611_p\"><a id=\"cz_36611\" class=\"cz_36611 cz_btn cz_btn_txt_no_fx cz_btn_no_fx\" href=\"http:\/\/gvi.com.mx\/2013\/topcare\/\"><span><strong>+Informaci\u00f3n<\/strong><\/span><b class=\"cz_btn_onhover\"><strong>+Informaci\u00f3n<\/strong><\/b><\/a><\/div><\/div><div class=\"clr\"><\/div><div class=\"cz_gap clr \" style=\"height: 25px\"><\/div><\/div><\/div><\/div><div class=\"cz_split_box\" style=\"background-image: url(https:\/\/gvi.com.mx\/2013\/wp-content\/uploads\/2022\/04\/top-care.jpg)\"><\/div><\/div><\/div>[\/vc_column][\/vc_row][vc_row][vc_column]<div class=\"cz_gap clr \" style=\"height: 25px\"><\/div>[\/vc_column][\/vc_row][vc_row full_width=\u00bbstretch_row_content_no_spaces\u00bb css=\u00bb.vc_custom_1651548651659{background-color: #fafafa !important;background-position: center !important;background-repeat: no-repeat !important;background-size: cover !important;}\u00bb][vc_column]<div class=\"cz_eqh cz_content_box_parent_fx  \"><div id=\"cz_80373\" class=\"cz_80373 cz_content_box clr cz_split_box_right cz_box_hide_arrow\"><div class=\"cz_box_front clr\"><div class=\"cz_box_front_inner clr \"><div><div class=\"cz_gap clr \" style=\"height: 25px\"><\/div><div id=\"cz_23089\" class=\"cz_23089 cz_title clr cz_title_pos_inline\"><div class=\"cz_title_content\"><span class=\"cz_line_side_solo\">_<\/span><div class=\"cz_wpe_content\"><h6>Grupo Venta Internacional<\/h6>\n<\/div><\/div><\/div><div class=\"cz_gap clr \" style=\"height: 25px\"><\/div><div id=\"cz_104213\" class=\"cz_104213 cz_title clr cz_title_pos_inline\"><div class=\"cz_title_content\"><div class=\"cz_wpe_content\"><h3>CPresario<\/h3>\n<\/div><\/div><\/div><div class=\"cz_gap clr \" style=\"height: 25px\"><\/div><div id=\"cz_27249\" class=\"cz_27249 cz_title clr cz_title_pos_inline\"><div class=\"cz_title_content\"><div class=\"cz_wpe_content\"><p><strong>Un nuevo concepto de negocios enfocado al Cirujano Pl\u00e1stico y Dermat\u00f3logo.<\/strong> Somos m\u00e9dicos y somos empresarios. Este programa le ofrece actualizaci\u00f3n continua en nuestros productos, as\u00ed como en temas importantes en materia fiscal, marketing, legal y dem\u00e1s para todo m\u00e9dico con pr\u00e1ctica privada.<span class=\"Apple-converted-space\">\u00a0<\/span><\/p>\n<\/div><\/div><\/div><div class=\"cz_gap clr \" style=\"height: 25px\"><\/div><div class=\"cz_btn_left\"><div class=\"cz_16545_p\"><a id=\"cz_16545\" class=\"cz_16545 cz_btn cz_btn_txt_no_fx cz_btn_no_fx\" href=\"http:\/\/gvi.com.mx\/2013\/cpresario\/\"><span><strong>+Informaci\u00f3n<\/strong><\/span><b class=\"cz_btn_onhover\"><strong>+Informaci\u00f3n<\/strong><\/b><\/a><\/div><\/div><div class=\"clr\"><\/div><div class=\"cz_gap clr \" style=\"height: 25px\"><\/div><\/div><\/div><\/div><div class=\"cz_split_box\" style=\"background-image: url(https:\/\/gvi.com.mx\/2013\/wp-content\/uploads\/2022\/04\/cpresario.jpg)\"><\/div><\/div><\/div>[\/vc_column][\/vc_row][vc_row][vc_column]<div class=\"cz_gap clr \" style=\"height: 25px\"><\/div>[\/vc_column][\/vc_row][vc_row full_width=\u00bbstretch_row\u00bb css=\u00bb.vc_custom_1651552258061{background-color: #fce4db !important;}\u00bb][vc_column]<div class=\"cz_gap clr \" style=\"height: 50px\"><\/div>[vc_row_inner][vc_column_inner width=\u00bb1\/6&#8243;][\/vc_column_inner][vc_column_inner width=\u00bb2\/3&#8243;]<div id=\"cz_76448\" class=\"cz_76448 cz_title clr cz_title_pos_inline tac\"><div class=\"cz_title_content\"><div class=\"cz_wpe_content\"><h2 style=\"text-align: center;\"><span style=\"font-weight: 100;\">\u00bfTIENES ALGUNA<\/span> PREGUNTA?<\/h2>\n<\/div><\/div><\/div><div id=\"cz_108260\" class=\"cz_108260 cz_title clr cz_title_pos_inline tac\"><div class=\"cz_title_content\"><div class=\"cz_wpe_content\"><h6 style=\"text-align: center;\"><span style=\"font-size: 20px;\"><strong>Necesitas ayuda con alg\u00fan producto o tienes dudas.<\/strong> Comun\u00edcate con nosotros y te ayudamos a resolverlas<\/span><\/h6>\n<\/div><\/div><\/div><div class=\"cz_gap clr \" style=\"height: 50px\"><\/div><div class=\"cz_btn_center\"><div class=\"cz_38151_p\"><a id=\"cz_38151\" class=\"cz_38151 cz_btn cz_btn_txt_no_fx cz_btn_no_fx\" href=\"#\"><span><strong>Contacto<\/strong><\/span><b class=\"cz_btn_onhover\"><strong>Contacto<\/strong><\/b><\/a><\/div><\/div>[\/vc_column_inner][vc_column_inner width=\u00bb1\/6&#8243;][\/vc_column_inner][\/vc_row_inner]<div class=\"cz_gap clr \" style=\"height: 50px\"><\/div>[\/vc_column][\/vc_row]<\/p>\n<\/section>","protected":false},"excerpt":{"rendered":"<p>[vc_row full_width=\u00bbstretch_row\u00bb equal_height=\u00bbyes\u00bb css=\u00bb.vc_custom_1651548960349{background-image: url(http:\/\/gvi.com.mx\/2013\/wp-content\/uploads\/2022\/05\/01-gvi-banner-home_marcas.jpg?id=570) !important;background-position: center !important;background-repeat: no-repeat !important;background-size: cover &#8230; <\/p>\n","protected":false},"author":1,"featured_media":0,"parent":0,"menu_order":0,"comment_status":"closed","ping_status":"closed","template":"","meta":{"footnotes":""},"class_list":["post-502","page","type-page","status-publish","hentry"],"aioseo_notices":[],"_links":{"self":[{"href":"https:\/\/gvi.com.mx\/2013\/wp-json\/wp\/v2\/pages\/502","targetHints":{"allow":["GET"]}}],"collection":[{"href":"https:\/\/gvi.com.mx\/2013\/wp-json\/wp\/v2\/pages"}],"about":[{"href":"https:\/\/gvi.com.mx\/2013\/wp-json\/wp\/v2\/types\/page"}],"author":[{"embeddable":true,"href":"https:\/\/gvi.com.mx\/2013\/wp-json\/wp\/v2\/users\/1"}],"replies":[{"embeddable":true,"href":"https:\/\/gvi.com.mx\/2013\/wp-json\/wp\/v2\/comments?post=502"}],"version-history":[{"count":7,"href":"https:\/\/gvi.com.mx\/2013\/wp-json\/wp\/v2\/pages\/502\/revisions"}],"predecessor-version":[{"id":4238,"href":"https:\/\/gvi.com.mx\/2013\/wp-json\/wp\/v2\/pages\/502\/revisions\/4238"}],"wp:attachment":[{"href":"https:\/\/gvi.com.mx\/2013\/wp-json\/wp\/v2\/media?parent=502"}],"curies":[{"name":"wp","href":"https:\/\/api.w.org\/{rel}","templated":true}]}}