{"id":841,"date":"2022-05-04T13:08:03","date_gmt":"2022-05-04T13:08:03","guid":{"rendered":"http:\/\/gvi.com.mx\/2013\/?page_id=841"},"modified":"2024-01-30T21:53:18","modified_gmt":"2024-01-30T21:53:18","slug":"needbeauty","status":"publish","type":"page","link":"https:\/\/gvi.com.mx\/2013\/needbeauty\/","title":{"rendered":"SKINBAR"},"content":{"rendered":"<section class=\"wpb-content-wrapper\"><p>[vc_row full_width=\u00bbstretch_row\u00bb equal_height=\u00bbyes\u00bb css=\u00bb.vc_custom_1652455410907{background-image: url(http:\/\/gvi.com.mx\/2013\/wp-content\/uploads\/2022\/05\/01-gvi-banner-skinbar.jpg?id=1063) !important;background-position: center !important;background-repeat: no-repeat !important;background-size: cover !important;}\u00bb][vc_column]<div class=\"cz_gap clr \" style=\"height: 60px\"><\/div>[vc_row_inner][vc_column_inner width=\u00bb1\/2&#8243;]<div id=\"cz_22519\" class=\"cz_22519 cz_title clr cz_title_pos_inline\"><div class=\"cz_title_content\"><div class=\"cz_wpe_content\"><h6>Un sitio web de GVI<\/h6>\n<\/div><\/div><\/div><div class=\"cz_gap clr \" style=\"height: 10px\"><\/div>[vc_separator color=\u00bbcustom\u00bb align=\u00bbalign_left\u00bb border_width=\u00bb10&#8243; el_width=\u00bb10&#8243; accent_color=\u00bb#bc24bc\u00bb]<div id=\"cz_55409\" class=\"cz_55409 cz_title clr cz_title_pos_inline\"><div class=\"cz_title_content\"><div class=\"cz_wpe_content\"><h2>NEED BEAUTY<\/h2>\n<\/div><\/div><\/div><div id=\"cz_35906\" class=\"cz_35906 cz_title clr cz_title_pos_inline\"><div class=\"cz_title_content\"><div class=\"cz_wpe_content\"><h6>El sitio con el cat\u00e1logo m\u00e1s completo para el cuidado de la piel a tu alcance.<\/h6>\n<\/div><\/div><\/div><div class=\"cz_gap clr \" style=\"height: 35px\"><\/div><div class=\"cz_btn_left cz_mobile_btn_center\"><div class=\"cz_95927_p\"><a id=\"cz_95927\" class=\"cz_95927 cz_btn cz_btn_txt_no_fx cz_btn_no_fx\" href=\"https:\/\/needbeauty.com\/\" rel=\"nofollow\" target=\"_blank\"><span><strong>+Informaci\u00f3n<\/strong><\/span><b class=\"cz_btn_onhover\"><strong>+Informaci\u00f3n<\/strong><\/b><\/a><\/div><\/div><div class=\"clr\"><\/div>[\/vc_column_inner][vc_column_inner width=\u00bb1\/2&#8243;][\/vc_column_inner][\/vc_row_inner]<div class=\"cz_gap clr \" style=\"height: 60px\"><\/div>[\/vc_column][\/vc_row][vc_row full_width=\u00bbstretch_row\u00bb css=\u00bb.vc_custom_1651670689435{margin-top: 0px !important;margin-right: 0px !important;margin-bottom: 0px !important;margin-left: 0px !important;background-color: #bc24bc !important;}\u00bb][vc_column]<div class=\"cz_gap clr \" style=\"height: 50px\"><\/div><div id=\"cz_57793\" class=\"cz_57793 cz_title clr cz_title_pos_center tac\"><div class=\"cz_title_content\"><div class=\"cz_wpe_content\"><h6 style=\"text-align: center;\">Promociones exclusivas todo el a\u00f1o<\/h6>\n<p style=\"text-align: center;\"><span style=\"color: #ffffff;\">M\u00faltiples colecciones para ofrecer una soluci\u00f3n ideal a cada tipo y condici\u00f3n de piel<\/span><\/p>\n<\/div><\/div><\/div><div class=\"cz_gap clr \" style=\"height: 50px\"><\/div>[\/vc_column][\/vc_row][vc_row full_width=\u00bbstretch_row\u00bb][vc_column]<div class=\"cz_gap clr \" style=\"height: 50px\"><\/div>[vc_row_inner][vc_column_inner width=\u00bb1\/4&#8243;]<div id=\"cz_60270\" class=\"cz_60270 cz_image clr cz_image_no_fx center_on_mobile\"><div class=\"\" ><div class=\"cz_image_in\"><div class=\"cz_main_image\"><img decoding=\"async\" width=\"81\" height=\"81\" src=\"data:image\/svg+xml,%3Csvg%20xmlns%3D&#39;http%3A%2F%2Fwww.w3.org%2F2000%2Fsvg&#39;%20width=&#39;81&#39;%20height=&#39;81&#39;%20viewBox%3D&#39;0%200%2081%2081&#39;%2F%3E\" data-czlz data-src=\"https:\/\/gvi.com.mx\/2013\/wp-content\/uploads\/2022\/05\/Clean-Beauty.png\" class=\"attachment-thumbnail\" alt=\"\" title=\"Clean Beauty\" \/><\/div><\/div><\/div><\/div>[vc_column_text css=\u00bb.vc_custom_1651672759373{border-right-width: 1px !important;border-right-color: #51d5ee !important;border-right-style: solid !important;}\u00bb]<\/p>\n<p style=\"text-align: center;\">Clean Beauty<\/p>\n<p>[\/vc_column_text][\/vc_column_inner][vc_column_inner width=\u00bb1\/4&#8243;]<div id=\"cz_56447\" class=\"cz_56447 cz_image clr cz_image_no_fx center_on_mobile\"><div class=\"\" ><div class=\"cz_image_in\"><div class=\"cz_main_image\"><img decoding=\"async\" width=\"75\" height=\"95\" src=\"data:image\/svg+xml,%3Csvg%20xmlns%3D&#39;http%3A%2F%2Fwww.w3.org%2F2000%2Fsvg&#39;%20width=&#39;75&#39;%20height=&#39;95&#39;%20viewBox%3D&#39;0%200%2075%2095&#39;%2F%3E\" data-czlz data-src=\"https:\/\/gvi.com.mx\/2013\/wp-content\/uploads\/2022\/05\/Mascarillas.png\" class=\"attachment-thumbnail\" alt=\"\" title=\"Mascarillas\" \/><\/div><\/div><\/div><\/div>[vc_column_text css=\u00bb.vc_custom_1651673104278{border-right-width: 1px !important;border-right-color: #51d5ee !important;border-right-style: solid !important;}\u00bb]<\/p>\n<p style=\"text-align: center;\">Mascarillas<\/p>\n<p>[\/vc_column_text][\/vc_column_inner][vc_column_inner width=\u00bb1\/4&#8243;]<div id=\"cz_98890\" class=\"cz_98890 cz_image clr cz_image_no_fx center_on_mobile\"><div class=\"\" ><div class=\"cz_image_in\"><div class=\"cz_main_image\"><img decoding=\"async\" width=\"83\" height=\"90\" src=\"data:image\/svg+xml,%3Csvg%20xmlns%3D&#39;http%3A%2F%2Fwww.w3.org%2F2000%2Fsvg&#39;%20width=&#39;83&#39;%20height=&#39;90&#39;%20viewBox%3D&#39;0%200%2083%2090&#39;%2F%3E\" data-czlz data-src=\"https:\/\/gvi.com.mx\/2013\/wp-content\/uploads\/2022\/05\/solar.png\" class=\"attachment-thumbnail\" alt=\"\" title=\"solar\" \/><\/div><\/div><\/div><\/div>[vc_column_text css=\u00bb.vc_custom_1651673096315{border-right-width: 1px !important;border-right-color: #51d5ee !important;border-right-style: solid !important;}\u00bb]<\/p>\n<p style=\"text-align: center;\">Protecci\u00f3n solar<\/p>\n<p>[\/vc_column_text][\/vc_column_inner][vc_column_inner width=\u00bb1\/4&#8243;]<div id=\"cz_12811\" class=\"cz_12811 cz_image clr cz_image_no_fx center_on_mobile\"><div class=\"\" ><div class=\"cz_image_in\"><div class=\"cz_main_image\"><img decoding=\"async\" width=\"71\" height=\"76\" src=\"data:image\/svg+xml,%3Csvg%20xmlns%3D&#39;http%3A%2F%2Fwww.w3.org%2F2000%2Fsvg&#39;%20width=&#39;71&#39;%20height=&#39;76&#39;%20viewBox%3D&#39;0%200%2071%2076&#39;%2F%3E\" data-czlz data-src=\"https:\/\/gvi.com.mx\/2013\/wp-content\/uploads\/2022\/05\/cuidadopersonal.png\" class=\"attachment-thumbnail\" alt=\"\" title=\"cuidadopersonal\" \/><\/div><\/div><\/div><\/div>[vc_column_text css=\u00bb.vc_custom_1651673127387{border-right-width: 1px !important;border-right-color: #51d5ee !important;border-right-style: solid !important;}\u00bb]<\/p>\n<p style=\"text-align: center;\">Cuidado corporal<\/p>\n<p>[\/vc_column_text][\/vc_column_inner][\/vc_row_inner]<div class=\"cz_gap clr \" style=\"height: 50px\"><\/div>[vc_row_inner][vc_column_inner width=\u00bb1\/5&#8243;][\/vc_column_inner][vc_column_inner width=\u00bb1\/5&#8243;]<div id=\"cz_96043\" class=\"cz_96043 cz_image clr cz_image_no_fx center_on_mobile\"><div class=\"\" ><div class=\"cz_image_in\"><div class=\"cz_main_image\"><img decoding=\"async\" width=\"80\" height=\"80\" src=\"data:image\/svg+xml,%3Csvg%20xmlns%3D&#39;http%3A%2F%2Fwww.w3.org%2F2000%2Fsvg&#39;%20width=&#39;80&#39;%20height=&#39;80&#39;%20viewBox%3D&#39;0%200%2080%2080&#39;%2F%3E\" data-czlz data-src=\"https:\/\/gvi.com.mx\/2013\/wp-content\/uploads\/2022\/05\/capilar.png\" class=\"attachment-thumbnail\" alt=\"\" title=\"capilar\" \/><\/div><\/div><\/div><\/div>[vc_column_text css=\u00bb.vc_custom_1651673397497{border-right-width: 1px !important;border-right-color: #51d5ee !important;border-right-style: solid !important;}\u00bb]<\/p>\n<p style=\"text-align: center;\">Cuidado capilar<\/p>\n<p>[\/vc_column_text][\/vc_column_inner][vc_column_inner width=\u00bb1\/5&#8243;]<div id=\"cz_104006\" class=\"cz_104006 cz_image clr cz_image_no_fx center_on_mobile\"><div class=\"\" ><div class=\"cz_image_in\"><div class=\"cz_main_image\"><img decoding=\"async\" width=\"65\" height=\"76\" src=\"data:image\/svg+xml,%3Csvg%20xmlns%3D&#39;http%3A%2F%2Fwww.w3.org%2F2000%2Fsvg&#39;%20width=&#39;65&#39;%20height=&#39;76&#39;%20viewBox%3D&#39;0%200%2065%2076&#39;%2F%3E\" data-czlz data-src=\"https:\/\/gvi.com.mx\/2013\/wp-content\/uploads\/2022\/05\/Sueros-.png\" class=\"attachment-thumbnail\" alt=\"\" title=\"Sueros\" \/><\/div><\/div><\/div><\/div>[vc_column_text css=\u00bb.vc_custom_1651673500895{border-right-width: 1px !important;border-right-color: #51d5ee !important;border-right-style: solid !important;}\u00bb]<\/p>\n<p style=\"text-align: center;\">Sueros<\/p>\n<p>[\/vc_column_text][\/vc_column_inner][vc_column_inner width=\u00bb1\/5&#8243;]<div id=\"cz_53935\" class=\"cz_53935 cz_image clr cz_image_no_fx center_on_mobile\"><div class=\"\" ><div class=\"cz_image_in\"><div class=\"cz_main_image\"><img decoding=\"async\" width=\"61\" height=\"61\" src=\"data:image\/svg+xml,%3Csvg%20xmlns%3D&#39;http%3A%2F%2Fwww.w3.org%2F2000%2Fsvg&#39;%20width=&#39;61&#39;%20height=&#39;61&#39;%20viewBox%3D&#39;0%200%2061%2061&#39;%2F%3E\" data-czlz data-src=\"https:\/\/gvi.com.mx\/2013\/wp-content\/uploads\/2022\/05\/humectantes.png\" class=\"attachment-thumbnail\" alt=\"\" title=\"humectantes\" \/><\/div><\/div><\/div><\/div>[vc_column_text]<\/p>\n<p style=\"text-align: center;\">Humectantes<\/p>\n<p>[\/vc_column_text][\/vc_column_inner][vc_column_inner width=\u00bb1\/5&#8243;][\/vc_column_inner][\/vc_row_inner][\/vc_column][\/vc_row][vc_row][vc_column]<div class=\"cz_gap clr \" style=\"height: 25px\"><\/div>[\/vc_column][\/vc_row][vc_row full_width=\u00bbstretch_row_content\u00bb equal_height=\u00bbyes\u00bb css=\u00bb.vc_custom_1651545898011{background-position: center !important;background-repeat: no-repeat !important;background-size: cover !important;}\u00bb][vc_column width=\u00bb1\/2&#8243; css=\u00bb.vc_custom_1651546118635{margin-top: 0px !important;margin-right: 0px !important;margin-bottom: 0px !important;margin-left: 0px !important;padding-top: 0px !important;padding-right: 0px !important;padding-bottom: 0px !important;padding-left: 0px !important;}\u00bb offset=\u00bbvc_hidden-sm vc_hidden-xs\u00bb]<div class=\"cz_eqh cz_content_box_parent_fx  \"><div id=\"cz_88650\" class=\"cz_88650 cz_content_box clr\"><div class=\"cz_box_front clr\"><div class=\"cz_box_front_inner clr \"><span><\/span><div><div class=\"cz_gap clr \" style=\"height: 500px\"><\/div><\/div><\/div><\/div><\/div><\/div>[\/vc_column][vc_column width=\u00bb1\/2&#8243; css=\u00bb.vc_custom_1651542516880{padding-top: 50px !important;padding-right: 50px !important;padding-bottom: 50px !important;padding-left: 50px !important;background-color: #f2f2f2 !important;}\u00bb]<div class=\"cz_gap clr \" style=\"height: 50px\"><\/div><div id=\"cz_50505\" class=\"cz_50505 cz_image clr cz_image_no_fx\"><div class=\"\" ><div class=\"cz_image_in\"><div class=\"cz_main_image\"><img decoding=\"async\" width=\"102\" height=\"92\" src=\"data:image\/svg+xml,%3Csvg%20xmlns%3D&#39;http%3A%2F%2Fwww.w3.org%2F2000%2Fsvg&#39;%20width=&#39;102&#39;%20height=&#39;92&#39;%20viewBox%3D&#39;0%200%20102%2092&#39;%2F%3E\" data-czlz data-src=\"https:\/\/gvi.com.mx\/2013\/wp-content\/uploads\/2022\/05\/Grupo-107.png\" class=\"attachment-thumbnail\" alt=\"\" title=\"Grupo 107\" \/><\/div><\/div><\/div><\/div><div id=\"cz_34181\" class=\"cz_34181 cz_title clr cz_title_pos_inline\"><div class=\"cz_title_content\"><div class=\"cz_wpe_content\"><h3>Conoce nuestra tienda en l\u00ednea<\/h3>\n<\/div><\/div><\/div><div class=\"cz_gap clr \" style=\"height: 25px\"><\/div><div class=\"cz_btn_left cz_mobile_btn_center\"><div class=\"cz_36359_p\"><a id=\"cz_36359\" class=\"cz_36359 cz_btn cz_btn_txt_no_fx cz_btn_no_fx\" href=\"https:\/\/needbeauty.com\/\" rel=\"nofollow\" target=\"_blank\"><span><strong>Ir al sitio web<\/strong><\/span><b class=\"cz_btn_onhover\"><strong>Ir al sitio web<\/strong><\/b><\/a><\/div><\/div><div class=\"clr\"><\/div><div class=\"cz_gap clr \" style=\"height: 25px\"><\/div>[\/vc_column][\/vc_row][vc_row full_width=\u00bbstretch_row_content\u00bb equal_height=\u00bbyes\u00bb css=\u00bb.vc_custom_1651545898011{background-position: center !important;background-repeat: no-repeat !important;background-size: cover !important;}\u00bb][vc_column width=\u00bb1\/2&#8243; css=\u00bb.vc_custom_1706651390508{padding-top: 50px !important;padding-right: 50px !important;padding-bottom: 50px !important;padding-left: 50px !important;background-color: #f2f2f2 !important;}\u00bb offset=\u00bbvc_hidden-lg vc_hidden-md vc_hidden-sm vc_hidden-xs\u00bb]<div class=\"cz_gap clr \" style=\"height: 50px\"><\/div><div id=\"cz_97552\" class=\"cz_97552 cz_title clr cz_title_pos_inline\"><div class=\"cz_title_content\"><div class=\"cz_wpe_content\"><h3>Beauty.Holics<br \/>\n\u00a1El podcast que le da play a tu Skincare!<\/h3>\n<\/div><\/div><\/div><div class=\"cz_gap clr \" style=\"height: 25px\"><\/div><div class=\"cz_btn_left cz_mobile_btn_center\"><div class=\"cz_53975_p\"><a id=\"cz_53975\" class=\"cz_53975 cz_btn cz_btn_txt_no_fx cz_btn_no_fx\" href=\"https:\/\/open.spotify.com\/show\/2ZXezLO2jK0V1dthpwoLVG?si=79ef9335e99a418a\" rel=\"nofollow\" target=\"_blank\"><span><strong>Ir al playlist<\/strong><\/span><b class=\"cz_btn_onhover\"><strong>Ir al playlist<\/strong><\/b><\/a><\/div><\/div><div class=\"clr\"><\/div><div class=\"cz_gap clr \" style=\"height: 25px\"><\/div>[\/vc_column][vc_column width=\u00bb1\/2&#8243; css=\u00bb.vc_custom_1706651401030{margin-top: 0px !important;margin-right: 0px !important;margin-bottom: 0px !important;margin-left: 0px !important;padding-top: 0px !important;padding-right: 0px !important;padding-bottom: 0px !important;padding-left: 0px !important;}\u00bb offset=\u00bbvc_hidden-lg vc_hidden-md vc_hidden-sm vc_hidden-xs\u00bb]<div class=\"cz_eqh cz_content_box_parent_fx  \"><div id=\"cz_15860\" class=\"cz_15860 cz_content_box clr\"><div class=\"cz_box_front clr\"><div class=\"cz_box_front_inner clr \"><span><\/span><div><div class=\"cz_gap clr \" style=\"height: 500px\"><\/div><\/div><\/div><\/div><\/div><\/div>[\/vc_column][\/vc_row][vc_row full_width=\u00bbstretch_row\u00bb css=\u00bb.vc_custom_1651552258061{background-color: #fce4db !important;}\u00bb][vc_column]<div class=\"cz_gap clr \" style=\"height: 50px\"><\/div>[vc_row_inner][vc_column_inner width=\u00bb1\/6&#8243;][\/vc_column_inner][vc_column_inner width=\u00bb2\/3&#8243;]<div id=\"cz_76448\" class=\"cz_76448 cz_title clr cz_title_pos_inline tac\"><div class=\"cz_title_content\"><div class=\"cz_wpe_content\"><h2 style=\"text-align: center;\"><span style=\"font-weight: 100;\">\u00bfTIENES ALGUNA<\/span> PREGUNTA?<\/h2>\n<\/div><\/div><\/div><div id=\"cz_108260\" class=\"cz_108260 cz_title clr cz_title_pos_inline tac\"><div class=\"cz_title_content\"><div class=\"cz_wpe_content\"><h6 style=\"text-align: center;\"><span style=\"font-size: 20px;\"><strong>Necesitas ayuda con alg\u00fan producto o tienes dudas.<\/strong> Comun\u00edcate con nosotros y te ayudamos a resolverlas<\/span><\/h6>\n<\/div><\/div><\/div><div class=\"cz_gap clr \" style=\"height: 50px\"><\/div><div class=\"cz_btn_center\"><div class=\"cz_74524_p\"><a id=\"cz_74524\" class=\"cz_74524 cz_btn cz_btn_txt_no_fx cz_btn_no_fx\" href=\"\/contacto\/\"><span><strong>Contacto<\/strong><\/span><b class=\"cz_btn_onhover\"><strong>Contacto<\/strong><\/b><\/a><\/div><\/div>[\/vc_column_inner][vc_column_inner width=\u00bb1\/6&#8243;][\/vc_column_inner][\/vc_row_inner]<div class=\"cz_gap clr \" style=\"height: 50px\"><\/div>[\/vc_column][\/vc_row]<\/p>\n<\/section>","protected":false},"excerpt":{"rendered":"<p>[vc_row full_width=\u00bbstretch_row\u00bb equal_height=\u00bbyes\u00bb css=\u00bb.vc_custom_1652455410907{background-image: url(http:\/\/gvi.com.mx\/2013\/wp-content\/uploads\/2022\/05\/01-gvi-banner-skinbar.jpg?id=1063) !important;background-position: center !important;background-repeat: no-repeat !important;background-size: cover &#8230; <\/p>\n","protected":false},"author":1,"featured_media":0,"parent":0,"menu_order":0,"comment_status":"closed","ping_status":"closed","template":"","meta":{"footnotes":""},"class_list":["post-841","page","type-page","status-publish","hentry"],"aioseo_notices":[],"_links":{"self":[{"href":"https:\/\/gvi.com.mx\/2013\/wp-json\/wp\/v2\/pages\/841","targetHints":{"allow":["GET"]}}],"collection":[{"href":"https:\/\/gvi.com.mx\/2013\/wp-json\/wp\/v2\/pages"}],"about":[{"href":"https:\/\/gvi.com.mx\/2013\/wp-json\/wp\/v2\/types\/page"}],"author":[{"embeddable":true,"href":"https:\/\/gvi.com.mx\/2013\/wp-json\/wp\/v2\/users\/1"}],"replies":[{"embeddable":true,"href":"https:\/\/gvi.com.mx\/2013\/wp-json\/wp\/v2\/comments?post=841"}],"version-history":[{"count":7,"href":"https:\/\/gvi.com.mx\/2013\/wp-json\/wp\/v2\/pages\/841\/revisions"}],"predecessor-version":[{"id":4228,"href":"https:\/\/gvi.com.mx\/2013\/wp-json\/wp\/v2\/pages\/841\/revisions\/4228"}],"wp:attachment":[{"href":"https:\/\/gvi.com.mx\/2013\/wp-json\/wp\/v2\/media?parent=841"}],"curies":[{"name":"wp","href":"https:\/\/api.w.org\/{rel}","templated":true}]}}