{"id":866,"date":"2022-05-04T15:34:52","date_gmt":"2022-05-04T15:34:52","guid":{"rendered":"http:\/\/gvi.com.mx\/2013\/?page_id=866"},"modified":"2022-10-04T19:53:15","modified_gmt":"2022-10-04T19:53:15","slug":"topcare","status":"publish","type":"page","link":"https:\/\/gvi.com.mx\/2013\/topcare\/","title":{"rendered":"TOPCARE"},"content":{"rendered":"<section class=\"wpb-content-wrapper\"><p>[vc_row full_width=\u00bbstretch_row\u00bb equal_height=\u00bbyes\u00bb css=\u00bb.vc_custom_1651683295789{background-image: url(http:\/\/gvi.com.mx\/2013\/wp-content\/uploads\/2022\/05\/topcare.jpg?id=880) !important;background-position: center !important;background-repeat: no-repeat !important;background-size: cover !important;}\u00bb][vc_column]<div class=\"cz_gap clr \" style=\"height: 60px\"><\/div>[vc_row_inner][vc_column_inner width=\u00bb1\/2&#8243;]<div id=\"cz_46665\" class=\"cz_46665 cz_title clr cz_title_pos_inline\"><div class=\"cz_title_content\"><div class=\"cz_wpe_content\"><h6>Un sitio web de GVI<\/h6>\n<\/div><\/div><\/div><div class=\"cz_gap clr \" style=\"height: 10px\"><\/div>[vc_separator color=\u00bbcustom\u00bb align=\u00bbalign_left\u00bb border_width=\u00bb10&#8243; el_width=\u00bb10&#8243; accent_color=\u00bb#e95374&#8243;]<div id=\"cz_86454\" class=\"cz_86454 cz_title clr cz_title_pos_inline\"><div class=\"cz_title_content\"><div class=\"cz_wpe_content\"><h2>TOP CARE<\/h2>\n<\/div><\/div><\/div><div id=\"cz_19374\" class=\"cz_19374 cz_title clr cz_title_pos_inline\"><div class=\"cz_title_content\"><div class=\"cz_wpe_content\"><h6>La tienda enfocada a mejorar la experiencia y los cuidados post operatorios.<\/h6>\n<\/div><\/div><\/div><div class=\"cz_gap clr \" style=\"height: 35px\"><\/div><div class=\"cz_btn_left cz_mobile_btn_center\"><div class=\"cz_66474_p\"><a id=\"cz_66474\" class=\"cz_66474 cz_btn cz_btn_txt_no_fx cz_btn_no_fx\" href=\"https:\/\/www.topcarestore.com\/\" rel=\"nofollow\" target=\"_blank\"><span><strong>+Informaci\u00f3n<\/strong><\/span><b class=\"cz_btn_onhover\"><strong>+Informaci\u00f3n<\/strong><\/b><\/a><\/div><\/div><div class=\"clr\"><\/div>[\/vc_column_inner][vc_column_inner width=\u00bb1\/2&#8243;][\/vc_column_inner][\/vc_row_inner]<div class=\"cz_gap clr \" style=\"height: 60px\"><\/div>[\/vc_column][\/vc_row][vc_row full_width=\u00bbstretch_row\u00bb css=\u00bb.vc_custom_1651683226220{margin-top: 0px !important;margin-right: 0px !important;margin-bottom: 0px !important;margin-left: 0px !important;background-color: #e95374 !important;}\u00bb][vc_column]<div class=\"cz_gap clr \" style=\"height: 50px\"><\/div><div id=\"cz_92010\" class=\"cz_92010 cz_title clr cz_title_pos_center tac\"><div class=\"cz_title_content\"><div class=\"cz_wpe_content\"><h6 style=\"text-align: center;\">Una experiencia con causa<\/h6>\n<p style=\"text-align: center;\"><span style=\"color: #ffffff;\">Donamos el 1% de todas las compras a fundaciones que apoyan a mujeres con c\u00e1ncer de mama<\/span><\/p>\n<\/div><\/div><\/div><div class=\"cz_gap clr \" style=\"height: 50px\"><\/div>[\/vc_column][\/vc_row][vc_row full_width=\u00bbstretch_row\u00bb][vc_column]<div class=\"cz_gap clr \" style=\"height: 50px\"><\/div>[vc_row_inner css=\u00bb.vc_custom_1652130852349{margin-top: 20px !important;}\u00bb][vc_column_inner width=\u00bb1\/3&#8243;]<div id=\"cz_39602\" class=\"cz_39602 cz_banner clr\">\n\t\t\t<figure class=\"effect-style1\">\n\t\t\t\t<img decoding=\"async\" width=\"669\" height=\"450\" src=\"data:image\/svg+xml,%3Csvg%20xmlns%3D&#39;http%3A%2F%2Fwww.w3.org%2F2000%2Fsvg&#39;%20width=&#39;669&#39;%20height=&#39;450&#39;%20viewBox%3D&#39;0%200%20669%20450&#39;%2F%3E\" data-czlz data-src=\"https:\/\/gvi.com.mx\/2013\/wp-content\/uploads\/2022\/05\/cirujia.jpg\" class=\"attachment-full\" alt=\"\" title=\"cirujia\" data-srcset=\"https:\/\/gvi.com.mx\/2013\/wp-content\/uploads\/2022\/05\/cirujia.jpg 669w, https:\/\/gvi.com.mx\/2013\/wp-content\/uploads\/2022\/05\/cirujia-300x202.jpg 300w, https:\/\/gvi.com.mx\/2013\/wp-content\/uploads\/2022\/05\/cirujia-600x404.jpg 600w\" data-sizes=\"(max-width: 669px) 100vw, 669px\" \/>\n\t\t\t\t<figcaption><div><h4>Cirug\u00eda Pl\u00e1stica<\/h4><\/div><a href=\"https:\/\/www.topcarestore.com\/collections\/promociones\/Cirug%C3%ADa-Pl\u00e1stica\"> <\/a><\/figcaption>\t\t\t\n\t\t\t<\/figure>\n\t\t<\/div><div class=\"cz_gap show_on_mobile clr\" style=\"height: 25px\"><\/div>[\/vc_column_inner][vc_column_inner width=\u00bb1\/3&#8243;]<div id=\"cz_43014\" class=\"cz_43014 cz_banner clr\">\n\t\t\t<figure class=\"effect-style1\">\n\t\t\t\t<img decoding=\"async\" width=\"669\" height=\"450\" src=\"data:image\/svg+xml,%3Csvg%20xmlns%3D&#39;http%3A%2F%2Fwww.w3.org%2F2000%2Fsvg&#39;%20width=&#39;669&#39;%20height=&#39;450&#39;%20viewBox%3D&#39;0%200%20669%20450&#39;%2F%3E\" data-czlz data-src=\"https:\/\/gvi.com.mx\/2013\/wp-content\/uploads\/2022\/05\/cancer-2.jpg\" class=\"attachment-full\" alt=\"\" title=\"cancer\" data-srcset=\"https:\/\/gvi.com.mx\/2013\/wp-content\/uploads\/2022\/05\/cancer-2.jpg 669w, https:\/\/gvi.com.mx\/2013\/wp-content\/uploads\/2022\/05\/cancer-2-300x202.jpg 300w, https:\/\/gvi.com.mx\/2013\/wp-content\/uploads\/2022\/05\/cancer-2-600x404.jpg 600w\" data-sizes=\"(max-width: 669px) 100vw, 669px\" \/>\n\t\t\t\t<figcaption><div><h4>C\u00e1ncer<\/h4><\/div><a href=\"https:\/\/www.topcarestore.com\/collections\/promociones\/C\u00e1ncer-de-Mama\"> <\/a><\/figcaption>\t\t\t\n\t\t\t<\/figure>\n\t\t<\/div><div class=\"cz_gap show_on_mobile clr\" style=\"height: 25px\"><\/div>[\/vc_column_inner][vc_column_inner width=\u00bb1\/3&#8243;]<div id=\"cz_77521\" class=\"cz_77521 cz_banner clr\">\n\t\t\t<figure class=\"effect-style1\">\n\t\t\t\t<img decoding=\"async\" width=\"669\" height=\"450\" src=\"data:image\/svg+xml,%3Csvg%20xmlns%3D&#39;http%3A%2F%2Fwww.w3.org%2F2000%2Fsvg&#39;%20width=&#39;669&#39;%20height=&#39;450&#39;%20viewBox%3D&#39;0%200%20669%20450&#39;%2F%3E\" data-czlz data-src=\"https:\/\/gvi.com.mx\/2013\/wp-content\/uploads\/2022\/05\/Cuidado-de-la-Piel.jpg\" class=\"attachment-full\" alt=\"\" title=\"Cuidado-de-la-Piel\" data-srcset=\"https:\/\/gvi.com.mx\/2013\/wp-content\/uploads\/2022\/05\/Cuidado-de-la-Piel.jpg 669w, https:\/\/gvi.com.mx\/2013\/wp-content\/uploads\/2022\/05\/Cuidado-de-la-Piel-300x202.jpg 300w, https:\/\/gvi.com.mx\/2013\/wp-content\/uploads\/2022\/05\/Cuidado-de-la-Piel-600x404.jpg 600w\" data-sizes=\"(max-width: 669px) 100vw, 669px\" \/>\n\t\t\t\t<figcaption><div><h4>CUIDADO DE LA PIEL<\/h4><\/div><a href=\"https:\/\/www.topcarestore.com\/collections\/promociones\/Cuidado-de-la-Piel\"> <\/a><\/figcaption>\t\t\t\n\t\t\t<\/figure>\n\t\t<\/div><div class=\"cz_gap show_on_mobile clr\" style=\"height: 25px\"><\/div>[\/vc_column_inner][\/vc_row_inner]<div class=\"cz_gap clr \" style=\"height: 50px\"><\/div>[\/vc_column][\/vc_row][vc_row][vc_column]<div class=\"cz_gap clr \" style=\"height: 25px\"><\/div>[\/vc_column][\/vc_row][vc_row full_width=\u00bbstretch_row_content\u00bb equal_height=\u00bbyes\u00bb css=\u00bb.vc_custom_1651545898011{background-position: center !important;background-repeat: no-repeat !important;background-size: cover !important;}\u00bb][vc_column width=\u00bb1\/2&#8243; css=\u00bb.vc_custom_1651546118635{margin-top: 0px !important;margin-right: 0px !important;margin-bottom: 0px !important;margin-left: 0px !important;padding-top: 0px !important;padding-right: 0px !important;padding-bottom: 0px !important;padding-left: 0px !important;}\u00bb offset=\u00bbvc_hidden-sm vc_hidden-xs\u00bb]<div class=\"cz_eqh cz_content_box_parent_fx  \"><div id=\"cz_82845\" class=\"cz_82845 cz_content_box clr\"><div class=\"cz_box_front clr\"><div class=\"cz_box_front_inner clr \"><span><\/span><div><div class=\"cz_gap clr \" style=\"height: 500px\"><\/div><\/div><\/div><\/div><\/div><\/div>[\/vc_column][vc_column width=\u00bb1\/2&#8243; css=\u00bb.vc_custom_1651542516880{padding-top: 50px !important;padding-right: 50px !important;padding-bottom: 50px !important;padding-left: 50px !important;background-color: #f2f2f2 !important;}\u00bb]<div class=\"cz_gap clr \" style=\"height: 50px\"><\/div><div id=\"cz_105801\" class=\"cz_105801 cz_title clr cz_title_pos_inline\"><div class=\"cz_title_content\"><div class=\"cz_wpe_content\"><h3>CONOCE NUESTRA TIENDA EN L\u00cdNEA.<\/h3>\n<\/div><\/div><\/div><div id=\"cz_71171\" class=\"cz_71171 cz_title clr cz_title_pos_inline\"><div class=\"cz_title_content\"><div class=\"cz_wpe_content\"><p><span style=\"color: #e95374;\">Una experiencia m\u00e1s amable tras una cirug\u00eda pl\u00e1stica, cuidados oncol\u00f3gicos o cuidado de la<br \/>\npiel.<\/span><\/p>\n<\/div><\/div><\/div><div class=\"cz_gap clr \" style=\"height: 25px\"><\/div><div class=\"cz_btn_left cz_mobile_btn_center\"><div class=\"cz_99412_p\"><a id=\"cz_99412\" class=\"cz_99412 cz_btn cz_btn_txt_no_fx cz_btn_no_fx\" href=\"https:\/\/www.topcarestore.com\/\" rel=\"nofollow\" target=\"_blank\"><span><strong>Ir al sitio web<\/strong><\/span><b class=\"cz_btn_onhover\"><strong>Ir al sitio web<\/strong><\/b><\/a><\/div><\/div><div class=\"clr\"><\/div><div class=\"cz_gap clr \" style=\"height: 25px\"><\/div>[\/vc_column][\/vc_row][vc_row full_width=\u00bbstretch_row\u00bb css=\u00bb.vc_custom_1651552258061{background-color: #fce4db !important;}\u00bb][vc_column]<div class=\"cz_gap clr \" style=\"height: 50px\"><\/div>[vc_row_inner][vc_column_inner width=\u00bb1\/6&#8243;][\/vc_column_inner][vc_column_inner width=\u00bb2\/3&#8243;]<div id=\"cz_76448\" class=\"cz_76448 cz_title clr cz_title_pos_inline tac\"><div class=\"cz_title_content\"><div class=\"cz_wpe_content\"><h2 style=\"text-align: center;\"><span style=\"font-weight: 100;\">\u00bfTIENES ALGUNA<\/span> PREGUNTA?<\/h2>\n<\/div><\/div><\/div><div id=\"cz_108260\" class=\"cz_108260 cz_title clr cz_title_pos_inline tac\"><div class=\"cz_title_content\"><div class=\"cz_wpe_content\"><h6 style=\"text-align: center;\"><span style=\"font-size: 20px;\"><strong>Necesitas ayuda con alg\u00fan producto o tienes dudas.<\/strong> Comun\u00edcate con nosotros y te ayudamos a resolverlas<\/span><\/h6>\n<\/div><\/div><\/div><div class=\"cz_gap clr \" style=\"height: 50px\"><\/div><div class=\"cz_btn_center\"><div class=\"cz_74524_p\"><a id=\"cz_74524\" class=\"cz_74524 cz_btn cz_btn_txt_no_fx cz_btn_no_fx\" href=\"\/contacto\/\"><span><strong>Contacto<\/strong><\/span><b class=\"cz_btn_onhover\"><strong>Contacto<\/strong><\/b><\/a><\/div><\/div>[\/vc_column_inner][vc_column_inner width=\u00bb1\/6&#8243;][\/vc_column_inner][\/vc_row_inner]<div class=\"cz_gap clr \" style=\"height: 50px\"><\/div>[\/vc_column][\/vc_row]<\/p>\n<\/section>","protected":false},"excerpt":{"rendered":"<p>[vc_row full_width=\u00bbstretch_row\u00bb equal_height=\u00bbyes\u00bb css=\u00bb.vc_custom_1651683295789{background-image: url(http:\/\/gvi.com.mx\/2013\/wp-content\/uploads\/2022\/05\/topcare.jpg?id=880) !important;background-position: center !important;background-repeat: no-repeat !important;background-size: cover &#8230; <\/p>\n","protected":false},"author":1,"featured_media":0,"parent":0,"menu_order":0,"comment_status":"closed","ping_status":"closed","template":"","meta":{"footnotes":""},"class_list":["post-866","page","type-page","status-publish","hentry"],"aioseo_notices":[],"_links":{"self":[{"href":"https:\/\/gvi.com.mx\/2013\/wp-json\/wp\/v2\/pages\/866","targetHints":{"allow":["GET"]}}],"collection":[{"href":"https:\/\/gvi.com.mx\/2013\/wp-json\/wp\/v2\/pages"}],"about":[{"href":"https:\/\/gvi.com.mx\/2013\/wp-json\/wp\/v2\/types\/page"}],"author":[{"embeddable":true,"href":"https:\/\/gvi.com.mx\/2013\/wp-json\/wp\/v2\/users\/1"}],"replies":[{"embeddable":true,"href":"https:\/\/gvi.com.mx\/2013\/wp-json\/wp\/v2\/comments?post=866"}],"version-history":[{"count":4,"href":"https:\/\/gvi.com.mx\/2013\/wp-json\/wp\/v2\/pages\/866\/revisions"}],"predecessor-version":[{"id":3652,"href":"https:\/\/gvi.com.mx\/2013\/wp-json\/wp\/v2\/pages\/866\/revisions\/3652"}],"wp:attachment":[{"href":"https:\/\/gvi.com.mx\/2013\/wp-json\/wp\/v2\/media?parent=866"}],"curies":[{"name":"wp","href":"https:\/\/api.w.org\/{rel}","templated":true}]}}