{"id":895,"date":"2022-05-04T17:52:46","date_gmt":"2022-05-04T17:52:46","guid":{"rendered":"http:\/\/gvi.com.mx\/2013\/?page_id=895"},"modified":"2022-10-07T18:04:46","modified_gmt":"2022-10-07T18:04:46","slug":"cpresario","status":"publish","type":"page","link":"https:\/\/gvi.com.mx\/2013\/cpresario\/","title":{"rendered":"CPRESARIO"},"content":{"rendered":"<section class=\"wpb-content-wrapper\"><p>[vc_row full_width=\u00bbstretch_row\u00bb equal_height=\u00bbyes\u00bb css=\u00bb.vc_custom_1651686893916{background-image: url(http:\/\/gvi.com.mx\/2013\/wp-content\/uploads\/2022\/05\/CPRESARIO.jpg?id=898) !important;background-position: center !important;background-repeat: no-repeat !important;background-size: cover !important;}\u00bb][vc_column]<div class=\"cz_gap clr \" style=\"height: 60px\"><\/div>[vc_row_inner][vc_column_inner width=\u00bb1\/2&#8243;]<div id=\"cz_41446\" class=\"cz_41446 cz_title clr cz_title_pos_inline\"><div class=\"cz_title_content\"><div class=\"cz_wpe_content\"><h6><span style=\"color: #ffffff;\">GVI<\/span><\/h6>\n<\/div><\/div><\/div><div class=\"cz_gap clr \" style=\"height: 10px\"><\/div>[vc_separator color=\u00bbwhite\u00bb align=\u00bbalign_left\u00bb border_width=\u00bb10&#8243; el_width=\u00bb10&#8243;]<div id=\"cz_21115\" class=\"cz_21115 cz_title clr cz_title_pos_inline\"><div class=\"cz_title_content\"><div class=\"cz_wpe_content\"><h2>CPRESARIO<\/h2>\n<\/div><\/div><\/div><div id=\"cz_36451\" class=\"cz_36451 cz_title clr cz_title_pos_inline\"><div class=\"cz_title_content\"><div class=\"cz_wpe_content\"><h6>Somos m\u00e9dicos y empresarios.<\/h6>\n<h6>Este es nuestro programa de capacitaci\u00f3n empresarial y de producto para usted y su equipo de ventas<\/h6>\n<\/div><\/div><\/div><div class=\"cz_gap clr \" style=\"height: 35px\"><\/div><div class=\"cz_btn_left cz_mobile_btn_center\"><div class=\"cz_31027_p\"><a id=\"cz_31027\" class=\"cz_31027 cz_btn cz_btn_txt_fade cz_btn_fill_up\" href=\"https:\/\/www.youtube.com\/channel\/UCplHAbvOwWG2ZaFEcBVgqNw\/videos\"><span><strong>+Informaci\u00f3n<\/strong><\/span><b class=\"cz_btn_onhover\"><strong>+Informaci\u00f3n<\/strong><\/b><\/a><\/div><\/div><div class=\"clr\"><\/div>[\/vc_column_inner][vc_column_inner width=\u00bb1\/2&#8243;][\/vc_column_inner][\/vc_row_inner]<div class=\"cz_gap clr \" style=\"height: 60px\"><\/div>[\/vc_column][\/vc_row][vc_row full_width=\u00bbstretch_row\u00bb css=\u00bb.vc_custom_1651687092709{margin-top: 0px !important;margin-right: 0px !important;margin-bottom: 0px !important;margin-left: 0px !important;background-color: #fd644f !important;}\u00bb][vc_column]<div class=\"cz_gap clr \" style=\"height: 50px\"><\/div><div id=\"cz_93389\" class=\"cz_93389 cz_title clr cz_title_pos_center tac\"><div class=\"cz_title_content\"><div class=\"cz_wpe_content\"><h6 style=\"text-align: center;\"><span style=\"color: #ffffff;\">M\u00e1s que s\u00f3lo un proveedor, somos Su Socio 100% <\/span><\/h6>\n<p style=\"text-align: center;\"><span style=\"color: #ffffff;\">Por ello hemos creado programas de educaci\u00f3n m\u00e9dica continua y actualizaci\u00f3n de negocios para usted<\/span><\/p>\n<\/div><\/div><\/div><div class=\"cz_gap clr \" style=\"height: 50px\"><\/div>[\/vc_column][\/vc_row][vc_row full_width=\u00bbstretch_row_content\u00bb equal_height=\u00bbyes\u00bb css=\u00bb.vc_custom_1651545898011{background-position: center !important;background-repeat: no-repeat !important;background-size: cover !important;}\u00bb][vc_column width=\u00bb1\/2&#8243; css=\u00bb.vc_custom_1665163666798{margin-top: 0px !important;margin-right: 0px !important;margin-bottom: 0px !important;margin-left: 0px !important;padding-top: 0px !important;padding-right: 0px !important;padding-bottom: 0px !important;padding-left: 0px !important;}\u00bb offset=\u00bbvc_hidden-sm vc_hidden-xs\u00bb]<div class=\"cz_eqh cz_content_box_parent_fx  \"><div id=\"cz_107081\" class=\"cz_107081 cz_content_box clr\"><div class=\"cz_box_front clr\"><div class=\"cz_box_front_inner clr \"><span><\/span><div><div class=\"cz_gap clr \" style=\"height: 500px\"><\/div><\/div><\/div><\/div><\/div><\/div>[\/vc_column][vc_column width=\u00bb1\/2&#8243; css=\u00bb.vc_custom_1665163676871{padding-top: 50px !important;padding-right: 50px !important;padding-bottom: 50px !important;padding-left: 50px !important;background-color: #f2f2f2 !important;}\u00bb]<div class=\"cz_gap clr \" style=\"height: 60px\"><\/div><div id=\"cz_82288\" class=\"cz_82288 cz_title clr cz_title_pos_inline\"><div class=\"cz_title_content\"><div class=\"cz_wpe_content\"><h2><span style=\"color: #666666;\">Su propio sitio de venta en l\u00ednea con GVI<\/span><\/h2>\n<\/div><\/div><\/div><div id=\"cz_67013\" class=\"cz_67013 cz_title clr cz_title_pos_inline\"><div class=\"cz_title_content\"><div class=\"cz_wpe_content\"><p><span style=\"color: #666666;\">Descubra c\u00f3mo entrar al negocio digital y ganar por sus recomendaciones con su propia tienda en l\u00ednea<\/span><\/p>\n<\/div><\/div><\/div><div class=\"cz_gap clr \" style=\"height: 25px\"><\/div><div class=\"\"><div class=\"cz_76709_p\"><a id=\"cz_76709\" class=\"cz_76709 cz_btn cz_btn_txt_no_fx cz_btn_no_fx cz_mobile_btn_center\" href=\"https:\/\/www.registrosuperskn.com\/\" title=\"contacto\"><span><strong>IR AL SITIO WEB<\/strong><\/span><b class=\"cz_btn_onhover\"><strong>IR AL SITIO WEB<\/strong><\/b><\/a><\/div><\/div><div class=\"cz_gap clr \" style=\"height: 25px\"><\/div>[\/vc_column][\/vc_row][vc_row full_width=\u00bbstretch_row\u00bb css=\u00bb.vc_custom_1651552314664{background-color: #fce4db !important;}\u00bb][vc_column]<div class=\"cz_gap clr \" style=\"height: 50px\"><\/div>[vc_row_inner][vc_column_inner width=\u00bb1\/6&#8243;][\/vc_column_inner][vc_column_inner width=\u00bb2\/3&#8243;]<div id=\"cz_76448\" class=\"cz_76448 cz_title clr cz_title_pos_inline tac\"><div class=\"cz_title_content\"><div class=\"cz_wpe_content\"><h2 style=\"text-align: center;\"><span style=\"font-weight: 100;\">\u00bfTIENES ALGUNA<\/span> PREGUNTA?<\/h2>\n<\/div><\/div><\/div><div id=\"cz_108260\" class=\"cz_108260 cz_title clr cz_title_pos_inline tac\"><div class=\"cz_title_content\"><div class=\"cz_wpe_content\"><h6 style=\"text-align: center;\"><span style=\"font-size: 20px;\"><strong>Necesitas ayuda con alg\u00fan producto o tienes dudas.<\/strong> Comun\u00edcate con nosotros y te ayudamos a resolverlas<\/span><\/h6>\n<\/div><\/div><\/div><div class=\"cz_gap clr \" style=\"height: 50px\"><\/div><div class=\"cz_btn_center\"><div class=\"cz_11226_p\"><a id=\"cz_11226\" class=\"cz_11226 cz_btn cz_btn_txt_no_fx cz_btn_no_fx\" href=\"http:\/\/gvi.com.mx\/2013\/contacto\/\" title=\"contacto\"><span><strong>Contacto<\/strong><\/span><b class=\"cz_btn_onhover\"><strong>Contacto<\/strong><\/b><\/a><\/div><\/div>[\/vc_column_inner][vc_column_inner width=\u00bb1\/6&#8243;][\/vc_column_inner][\/vc_row_inner]<div class=\"cz_gap clr \" style=\"height: 50px\"><\/div>[\/vc_column][\/vc_row]<\/p>\n<\/section>","protected":false},"excerpt":{"rendered":"<p>[vc_row full_width=\u00bbstretch_row\u00bb equal_height=\u00bbyes\u00bb css=\u00bb.vc_custom_1651686893916{background-image: url(http:\/\/gvi.com.mx\/2013\/wp-content\/uploads\/2022\/05\/CPRESARIO.jpg?id=898) !important;background-position: center !important;background-repeat: no-repeat !important;background-size: cover &#8230; <\/p>\n","protected":false},"author":1,"featured_media":0,"parent":0,"menu_order":0,"comment_status":"closed","ping_status":"closed","template":"","meta":{"footnotes":""},"class_list":["post-895","page","type-page","status-publish","hentry"],"aioseo_notices":[],"_links":{"self":[{"href":"https:\/\/gvi.com.mx\/2013\/wp-json\/wp\/v2\/pages\/895","targetHints":{"allow":["GET"]}}],"collection":[{"href":"https:\/\/gvi.com.mx\/2013\/wp-json\/wp\/v2\/pages"}],"about":[{"href":"https:\/\/gvi.com.mx\/2013\/wp-json\/wp\/v2\/types\/page"}],"author":[{"embeddable":true,"href":"https:\/\/gvi.com.mx\/2013\/wp-json\/wp\/v2\/users\/1"}],"replies":[{"embeddable":true,"href":"https:\/\/gvi.com.mx\/2013\/wp-json\/wp\/v2\/comments?post=895"}],"version-history":[{"count":4,"href":"https:\/\/gvi.com.mx\/2013\/wp-json\/wp\/v2\/pages\/895\/revisions"}],"predecessor-version":[{"id":3706,"href":"https:\/\/gvi.com.mx\/2013\/wp-json\/wp\/v2\/pages\/895\/revisions\/3706"}],"wp:attachment":[{"href":"https:\/\/gvi.com.mx\/2013\/wp-json\/wp\/v2\/media?parent=895"}],"curies":[{"name":"wp","href":"https:\/\/api.w.org\/{rel}","templated":true}]}}